{"id":1933,"date":"2025-06-30T14:08:24","date_gmt":"2025-06-30T14:08:24","guid":{"rendered":"https:\/\/proziakgravel.com\/?page_id=1933"},"modified":"2025-06-30T14:08:25","modified_gmt":"2025-06-30T14:08:25","slug":"wyniki-2025","status":"publish","type":"page","link":"https:\/\/proziakgravel.com\/index.php\/wyniki-2025\/","title":{"rendered":"WYNIKI 2025"},"content":{"rendered":"\n<table id=\"tablepress-7\" class=\"tablepress tablepress-id-7\">\n<thead>\n<tr class=\"row-1\">\n\t<th class=\"column-1\">PROZIAK500<\/th><th class=\"column-2\"><\/th><th class=\"column-3\"><\/th><th class=\"column-4\"><\/th><th class=\"column-5\"><\/th><th class=\"column-6\"><\/th>\n<\/tr>\n<\/thead>\n<tbody class=\"row-striping row-hover\">\n<tr class=\"row-2\">\n\t<td class=\"column-1\">Pozycja<\/td><td class=\"column-2\">Numer<\/td><td class=\"column-3\">Imi\u0119<\/td><td class=\"column-4\">Nazwisko<\/td><td class=\"column-5\">Punkt kontrolny<\/td><td class=\"column-6\">\u0141\u0105czny czas<\/td>\n<\/tr>\n<tr class=\"row-3\">\n\t<td class=\"column-1\">1<\/td><td class=\"column-2\">94<\/td><td class=\"column-3\">Adrian<\/td><td class=\"column-4\">Kuci\u0119ba<\/td><td class=\"column-5\">13. Meta (507km)<\/td><td class=\"column-6\">28:38:55 GPS<\/td>\n<\/tr>\n<tr class=\"row-4\">\n\t<td class=\"column-1\">2<\/td><td class=\"column-2\">81<\/td><td class=\"column-3\">Bart\u0142omiej<\/td><td class=\"column-4\">Brus<\/td><td class=\"column-5\">13. Meta (507km)<\/td><td class=\"column-6\">30:31:58 GPS<\/td>\n<\/tr>\n<tr class=\"row-5\">\n\t<td class=\"column-1\">3<\/td><td class=\"column-2\">89<\/td><td class=\"column-3\">Bartosz<\/td><td class=\"column-4\">Tomczyk<\/td><td class=\"column-5\">13. Meta (507km)<\/td><td class=\"column-6\">31:26:58 GPS<\/td>\n<\/tr>\n<tr class=\"row-6\">\n\t<td class=\"column-1\">4<\/td><td class=\"column-2\">63<\/td><td class=\"column-3\">\u0141ukasz<\/td><td class=\"column-4\">Ku\u015b<\/td><td class=\"column-5\">13. Meta (507km)<\/td><td class=\"column-6\">34:36:38 GPS<\/td>\n<\/tr>\n<tr class=\"row-7\">\n\t<td class=\"column-1\">5<\/td><td class=\"column-2\">74<\/td><td class=\"column-3\">Damian<\/td><td class=\"column-4\">Buras<\/td><td class=\"column-5\">13. Meta (507km)<\/td><td class=\"column-6\">35:44:44 GPS<\/td>\n<\/tr>\n<tr class=\"row-8\">\n\t<td class=\"column-1\">6<\/td><td class=\"column-2\">83<\/td><td class=\"column-3\">Micha\u0142<\/td><td class=\"column-4\">Kurtys<\/td><td class=\"column-5\">13. Meta (507km)<\/td><td class=\"column-6\">35:44:44 GPS<\/td>\n<\/tr>\n<tr class=\"row-9\">\n\t<td class=\"column-1\">7<\/td><td class=\"column-2\">84<\/td><td class=\"column-3\">Daniel<\/td><td class=\"column-4\">Glajc<\/td><td class=\"column-5\">13. Meta (507km)<\/td><td class=\"column-6\">40:08:42 GPS<\/td>\n<\/tr>\n<tr class=\"row-10\">\n\t<td class=\"column-1\">8<\/td><td class=\"column-2\">85<\/td><td class=\"column-3\">Marta<\/td><td class=\"column-4\">Popiel<\/td><td class=\"column-5\">13. Meta (507km)<\/td><td class=\"column-6\">40:08:42 GPS<\/td>\n<\/tr>\n<tr class=\"row-11\">\n\t<td class=\"column-1\">9<\/td><td class=\"column-2\">80<\/td><td class=\"column-3\">Mateusz<\/td><td class=\"column-4\">K\u0142apa<\/td><td class=\"column-5\">13. Meta (507km)<\/td><td class=\"column-6\">42:39:49 GPS<\/td>\n<\/tr>\n<tr class=\"row-12\">\n\t<td class=\"column-1\">10<\/td><td class=\"column-2\">67<\/td><td class=\"column-3\">Dawid<\/td><td class=\"column-4\">Masny<\/td><td class=\"column-5\">13. Meta (507km)<\/td><td class=\"column-6\">43:41:00 GPS<\/td>\n<\/tr>\n<tr class=\"row-13\">\n\t<td class=\"column-1\">11<\/td><td class=\"column-2\">77<\/td><td class=\"column-3\">Krzysztof<\/td><td class=\"column-4\">Wa\u015bci\u0144ski<\/td><td class=\"column-5\">13. Meta (507km)<\/td><td class=\"column-6\">53:22:00 GPS<\/td>\n<\/tr>\n<tr class=\"row-14\">\n\t<td class=\"column-1\">12<\/td><td class=\"column-2\">76<\/td><td class=\"column-3\">Tomasz<\/td><td class=\"column-4\">Ho\u0142odniak<\/td><td class=\"column-5\">13. Meta (507km)<\/td><td class=\"column-6\">53:22:04 GPS<\/td>\n<\/tr>\n<tr class=\"row-15\">\n\t<td class=\"column-1\">13<\/td><td class=\"column-2\">88<\/td><td class=\"column-3\">Mateusz<\/td><td class=\"column-4\">Sokalski<\/td><td class=\"column-5\">13. Meta (507km)<\/td><td class=\"column-6\">54:31:02 GPS<\/td>\n<\/tr>\n<tr class=\"row-16\">\n\t<td class=\"column-1\">14<\/td><td class=\"column-2\">71<\/td><td class=\"column-3\">Bart\u0142omiej<\/td><td class=\"column-4\">Juszczak<\/td><td class=\"column-5\">13. Meta (507km)<\/td><td class=\"column-6\">55:50:53 GPS<\/td>\n<\/tr>\n<tr class=\"row-17\">\n\t<td class=\"column-1\">15<\/td><td class=\"column-2\">72<\/td><td class=\"column-3\">Damian<\/td><td class=\"column-4\">Wrona<\/td><td class=\"column-5\">13. Meta (507km)<\/td><td class=\"column-6\">56:04:03 GPS<\/td>\n<\/tr>\n<tr class=\"row-18\">\n\t<td class=\"column-1\">16<\/td><td class=\"column-2\">66<\/td><td class=\"column-3\">Piotr<\/td><td class=\"column-4\">Uhruski<\/td><td class=\"column-5\">13. Meta (507km)<\/td><td class=\"column-6\">56:15:52 GPS<\/td>\n<\/tr>\n<tr class=\"row-19\">\n\t<td class=\"column-1\">17<\/td><td class=\"column-2\">78<\/td><td class=\"column-3\">Grzegorz<\/td><td class=\"column-4\">Zwierz<\/td><td class=\"column-5\">13. Meta (507km)<\/td><td class=\"column-6\">56:31:42 GPS<\/td>\n<\/tr>\n<tr class=\"row-20\">\n\t<td class=\"column-1\">18<\/td><td class=\"column-2\">91<\/td><td class=\"column-3\">Grzegorz<\/td><td class=\"column-4\">Kulik<\/td><td class=\"column-5\">13. Meta (507km)<\/td><td class=\"column-6\">59:56:55 GPS<\/td>\n<\/tr>\n<tr class=\"row-21\">\n\t<td class=\"column-1\">19<\/td><td class=\"column-2\">75<\/td><td class=\"column-3\">\u0141ukasz<\/td><td class=\"column-4\">\u015awiat<\/td><td class=\"column-5\">13. Meta (507km)<\/td><td class=\"column-6\">60:58:56 GPS<\/td>\n<\/tr>\n<tr class=\"row-22\">\n\t<td class=\"column-1\">20<\/td><td class=\"column-2\">73<\/td><td class=\"column-3\">Micha\u0142<\/td><td class=\"column-4\">Szyma\u0144ski<\/td><td class=\"column-5\">13. Meta (507km)<\/td><td class=\"column-6\">62:34:00 GPS<\/td>\n<\/tr>\n<tr class=\"row-23\">\n\t<td class=\"column-1\">21 KARA 24H<\/td><td class=\"column-2\">79<\/td><td class=\"column-3\">Dariusz<\/td><td class=\"column-4\">Szafran<\/td><td class=\"column-5\">13. Meta (507km)<\/td><td class=\"column-6\">64:54:00 GPS<\/td>\n<\/tr>\n<tr class=\"row-24\">\n\t<td class=\"column-1\">wycof<\/td><td class=\"column-2\">87<\/td><td class=\"column-3\">Bartosz<\/td><td class=\"column-4\">Szuban<\/td><td class=\"column-5\">09. PT Wolnica (373km)<\/td><td class=\"column-6\">DNF<\/td>\n<\/tr>\n<tr class=\"row-25\">\n\t<td class=\"column-1\">wycof<\/td><td class=\"column-2\">69<\/td><td class=\"column-3\">Kacper<\/td><td class=\"column-4\">Rulak<\/td><td class=\"column-5\">08. PT Dukla (326km)<\/td><td class=\"column-6\">DNF<\/td>\n<\/tr>\n<tr class=\"row-26\">\n\t<td class=\"column-1\">wycof<\/td><td class=\"column-2\">68<\/td><td class=\"column-3\">Monika<\/td><td class=\"column-4\">Rulak<\/td><td class=\"column-5\">08. PT Dukla (326km)<\/td><td class=\"column-6\">DNF<\/td>\n<\/tr>\n<tr class=\"row-27\">\n\t<td class=\"column-1\">wycof<\/td><td class=\"column-2\">92<\/td><td class=\"column-3\">Bartosz<\/td><td class=\"column-4\">\u0141atecki<\/td><td class=\"column-5\">04. PT Zaw\u00f3j (108km)<\/td><td class=\"column-6\">DNF<\/td>\n<\/tr>\n<tr class=\"row-28\">\n\t<td class=\"column-1\">wycof<\/td><td class=\"column-2\">82<\/td><td class=\"column-3\">Andrzej<\/td><td class=\"column-4\">Wysoki\u0144ski<\/td><td class=\"column-5\">04. PT Zaw\u00f3j (108km)<\/td><td class=\"column-6\">DNF<\/td>\n<\/tr>\n<tr class=\"row-29\">\n\t<td class=\"column-1\">wycof<\/td><td class=\"column-2\">86<\/td><td class=\"column-3\">Roman<\/td><td class=\"column-4\">Drzewek<\/td><td class=\"column-5\">03. PT Jod\u0142a (065km)<\/td><td class=\"column-6\">DNF<\/td>\n<\/tr>\n<tr class=\"row-30\">\n\t<td class=\"column-1\">wycof<\/td><td class=\"column-2\">93<\/td><td class=\"column-3\">Micha\u0142<\/td><td class=\"column-4\">Klisowski<\/td><td class=\"column-5\">03. PT Jod\u0142a (065km)<\/td><td class=\"column-6\">DNF<\/td>\n<\/tr>\n<tr class=\"row-31\">\n\t<td class=\"column-1\">DNS<\/td><td class=\"column-2\">90<\/td><td class=\"column-3\">Rados\u0142aw<\/td><td class=\"column-4\">Jura\u015b<\/td><td class=\"column-5\">00. Start (000km)<\/td><td class=\"column-6\">DNS<\/td>\n<\/tr>\n<tr class=\"row-32\">\n\t<td class=\"column-1\">DNS<\/td><td class=\"column-2\">70<\/td><td class=\"column-3\">Tomasz<\/td><td class=\"column-4\">Ko\u015b\u0107<\/td><td class=\"column-5\">00. Start (000km)<\/td><td class=\"column-6\">DNS<\/td>\n<\/tr>\n<tr class=\"row-33\">\n\t<td class=\"column-1\">DNS<\/td><td class=\"column-2\">64<\/td><td class=\"column-3\">Jaros\u0142aw<\/td><td class=\"column-4\">Pi\u0142ka<\/td><td class=\"column-5\">00. Start (000km)<\/td><td class=\"column-6\">DNS<\/td>\n<\/tr>\n<tr class=\"row-34\">\n\t<td class=\"column-1\">DNS<\/td><td class=\"column-2\">65<\/td><td class=\"column-3\">Dawid<\/td><td class=\"column-4\">Bie\u0144kowski<\/td><td class=\"column-5\">00. Start (000km)<\/td><td class=\"column-6\">DNS<\/td>\n<\/tr>\n<\/tbody>\n<\/table>\n<!-- #tablepress-7 from cache -->\n\n\n<table id=\"tablepress-8\" class=\"tablepress tablepress-id-8\">\n<thead>\n<tr class=\"row-1\">\n\t<th class=\"column-1\">PROZIAK300<\/th><th class=\"column-2\"><\/th><th class=\"column-3\"><\/th><th class=\"column-4\"><\/th><th class=\"column-5\"><\/th><th class=\"column-6\"><\/th>\n<\/tr>\n<\/thead>\n<tbody class=\"row-striping row-hover\">\n<tr class=\"row-2\">\n\t<td class=\"column-1\">Pozycja<\/td><td class=\"column-2\">Numer<\/td><td class=\"column-3\">Imi\u0119<\/td><td class=\"column-4\">Nazwisko<\/td><td class=\"column-5\">Punkt kontrolny<\/td><td class=\"column-6\">\u0141\u0105czny czas<\/td>\n<\/tr>\n<tr class=\"row-3\">\n\t<td class=\"column-1\">1<\/td><td class=\"column-2\">40<\/td><td class=\"column-3\">Daniel<\/td><td class=\"column-4\">Du\u015bko<\/td><td class=\"column-5\">11. Meta (317km)<\/td><td class=\"column-6\">13:11:07 GPS<\/td>\n<\/tr>\n<tr class=\"row-4\">\n\t<td class=\"column-1\">2<\/td><td class=\"column-2\">43<\/td><td class=\"column-3\">Eneko Santesteban<\/td><td class=\"column-4\">Elizade<\/td><td class=\"column-5\">11. Meta (317km)<\/td><td class=\"column-6\">14:03:00 GPS<\/td>\n<\/tr>\n<tr class=\"row-5\">\n\t<td class=\"column-1\">3<\/td><td class=\"column-2\">53<\/td><td class=\"column-3\">Szymon<\/td><td class=\"column-4\">Bartu\u015b<\/td><td class=\"column-5\">11. Meta (317km)<\/td><td class=\"column-6\">15:49:54 GPS<\/td>\n<\/tr>\n<tr class=\"row-6\">\n\t<td class=\"column-1\">4<\/td><td class=\"column-2\">7<\/td><td class=\"column-3\">Marcin<\/td><td class=\"column-4\">Farian<\/td><td class=\"column-5\">11. Meta (317km)<\/td><td class=\"column-6\">15:51:48 GPS<\/td>\n<\/tr>\n<tr class=\"row-7\">\n\t<td class=\"column-1\">5<\/td><td class=\"column-2\">8<\/td><td class=\"column-3\">Mateusz<\/td><td class=\"column-4\">\u0141odzi\u0144ski<\/td><td class=\"column-5\">11. Meta (317km)<\/td><td class=\"column-6\">20:12:01 GPS<\/td>\n<\/tr>\n<tr class=\"row-8\">\n\t<td class=\"column-1\">6<\/td><td class=\"column-2\">47<\/td><td class=\"column-3\">Pawe\u0142<\/td><td class=\"column-4\">Urban<\/td><td class=\"column-5\">11. Meta (317km)<\/td><td class=\"column-6\">20:14:01 GPS<\/td>\n<\/tr>\n<tr class=\"row-9\">\n\t<td class=\"column-1\">7<\/td><td class=\"column-2\">34<\/td><td class=\"column-3\">Micha\u0142<\/td><td class=\"column-4\">Wypychowski<\/td><td class=\"column-5\">11. Meta (317km)<\/td><td class=\"column-6\">20:37:56 GPS<\/td>\n<\/tr>\n<tr class=\"row-10\">\n\t<td class=\"column-1\">8<\/td><td class=\"column-2\">32<\/td><td class=\"column-3\">Bartosz<\/td><td class=\"column-4\">Kowalczyk<\/td><td class=\"column-5\">11. Meta (317km)<\/td><td class=\"column-6\">20:41:05 GPS<\/td>\n<\/tr>\n<tr class=\"row-11\">\n\t<td class=\"column-1\">9<\/td><td class=\"column-2\">57<\/td><td class=\"column-3\">Serhii<\/td><td class=\"column-4\">Bohun<\/td><td class=\"column-5\">11. Meta (317km)<\/td><td class=\"column-6\">21:28:36 GPS<\/td>\n<\/tr>\n<tr class=\"row-12\">\n\t<td class=\"column-1\">10<\/td><td class=\"column-2\">51<\/td><td class=\"column-3\">Magda<\/td><td class=\"column-4\">Artym<\/td><td class=\"column-5\">11. Meta (317km)<\/td><td class=\"column-6\">23:16:50 GPS<\/td>\n<\/tr>\n<tr class=\"row-13\">\n\t<td class=\"column-1\">11<\/td><td class=\"column-2\">39<\/td><td class=\"column-3\">Piotr<\/td><td class=\"column-4\">Stawarz<\/td><td class=\"column-5\">11. Meta (317km)<\/td><td class=\"column-6\">23:26:54 GPS<\/td>\n<\/tr>\n<tr class=\"row-14\">\n\t<td class=\"column-1\">12<\/td><td class=\"column-2\">42<\/td><td class=\"column-3\">Grzegorz<\/td><td class=\"column-4\">Doniec<\/td><td class=\"column-5\">11. Meta (317km)<\/td><td class=\"column-6\">24:49:46 GPS<\/td>\n<\/tr>\n<tr class=\"row-15\">\n\t<td class=\"column-1\">13<\/td><td class=\"column-2\">56<\/td><td class=\"column-3\">Jakub<\/td><td class=\"column-4\">Szymanski<\/td><td class=\"column-5\">11. Meta (317km)<\/td><td class=\"column-6\">25:07:10 GPS<\/td>\n<\/tr>\n<tr class=\"row-16\">\n\t<td class=\"column-1\">14<\/td><td class=\"column-2\">50<\/td><td class=\"column-3\">Wojciech<\/td><td class=\"column-4\">Siwek<\/td><td class=\"column-5\">11. Meta (317km)<\/td><td class=\"column-6\">27:07:04 GPS<\/td>\n<\/tr>\n<tr class=\"row-17\">\n\t<td class=\"column-1\">15<\/td><td class=\"column-2\">22<\/td><td class=\"column-3\">Rafa\u0142<\/td><td class=\"column-4\">Narloch<\/td><td class=\"column-5\">11. Meta (317km)<\/td><td class=\"column-6\">27:25:40 GPS<\/td>\n<\/tr>\n<tr class=\"row-18\">\n\t<td class=\"column-1\">16<\/td><td class=\"column-2\">33<\/td><td class=\"column-3\">Przemys\u0142aw<\/td><td class=\"column-4\">Tyrlik<\/td><td class=\"column-5\">11. Meta (317km)<\/td><td class=\"column-6\">29:46:13 GPS<\/td>\n<\/tr>\n<tr class=\"row-19\">\n\t<td class=\"column-1\">17<\/td><td class=\"column-2\">12<\/td><td class=\"column-3\">Marcin<\/td><td class=\"column-4\">Gamza<\/td><td class=\"column-5\">11. Meta (317km)<\/td><td class=\"column-6\">30:19:05 GPS<\/td>\n<\/tr>\n<tr class=\"row-20\">\n\t<td class=\"column-1\">18<\/td><td class=\"column-2\">35<\/td><td class=\"column-3\">Rados\u0142aw<\/td><td class=\"column-4\">Wypychowski<\/td><td class=\"column-5\">11. Meta (317km)<\/td><td class=\"column-6\">30:40:50 GPS<\/td>\n<\/tr>\n<tr class=\"row-21\">\n\t<td class=\"column-1\">19<\/td><td class=\"column-2\">31<\/td><td class=\"column-3\">Wojciech<\/td><td class=\"column-4\">Glapi\u0144ski<\/td><td class=\"column-5\">11. Meta (317km)<\/td><td class=\"column-6\">30:57:06 GPS<\/td>\n<\/tr>\n<tr class=\"row-22\">\n\t<td class=\"column-1\">20<\/td><td class=\"column-2\">61<\/td><td class=\"column-3\">Piotr<\/td><td class=\"column-4\">Majewski<\/td><td class=\"column-5\">11. Meta (317km)<\/td><td class=\"column-6\">32:13:06 GPS<\/td>\n<\/tr>\n<tr class=\"row-23\">\n\t<td class=\"column-1\">21<\/td><td class=\"column-2\">11<\/td><td class=\"column-3\">Micha\u0142<\/td><td class=\"column-4\">Poci\u0119giel<\/td><td class=\"column-5\">11. Meta (317km)<\/td><td class=\"column-6\">32:19:53 GPS<\/td>\n<\/tr>\n<tr class=\"row-24\">\n\t<td class=\"column-1\">22<\/td><td class=\"column-2\">52<\/td><td class=\"column-3\">Patryk<\/td><td class=\"column-4\">Wasik<\/td><td class=\"column-5\">11. Meta (317km)<\/td><td class=\"column-6\">32:38:46 GPS<\/td>\n<\/tr>\n<tr class=\"row-25\">\n\t<td class=\"column-1\">23<\/td><td class=\"column-2\">30<\/td><td class=\"column-3\">Piotr<\/td><td class=\"column-4\">Roksela<\/td><td class=\"column-5\">11. Meta (317km)<\/td><td class=\"column-6\">32:40:57 GPS<\/td>\n<\/tr>\n<tr class=\"row-26\">\n\t<td class=\"column-1\">24<\/td><td class=\"column-2\">9<\/td><td class=\"column-3\">Pawe\u0142<\/td><td class=\"column-4\">Bednarski<\/td><td class=\"column-5\">11. Meta (317km)<\/td><td class=\"column-6\">32:46:01 GPS<\/td>\n<\/tr>\n<tr class=\"row-27\">\n\t<td class=\"column-1\">25<\/td><td class=\"column-2\">20<\/td><td class=\"column-3\">Micha\u0142<\/td><td class=\"column-4\">Kierus<\/td><td class=\"column-5\">11. Meta (317km)<\/td><td class=\"column-6\">33:02:08 GPS<\/td>\n<\/tr>\n<tr class=\"row-28\">\n\t<td class=\"column-1\">26<\/td><td class=\"column-2\">21<\/td><td class=\"column-3\">Adam<\/td><td class=\"column-4\">Dobroczek<\/td><td class=\"column-5\">11. Meta (317km)<\/td><td class=\"column-6\">33:04:07 GPS<\/td>\n<\/tr>\n<tr class=\"row-29\">\n\t<td class=\"column-1\">27<\/td><td class=\"column-2\">41<\/td><td class=\"column-3\">Piotr<\/td><td class=\"column-4\">Wo\u017any<\/td><td class=\"column-5\">11. Meta (317km)<\/td><td class=\"column-6\">33:39:43 GPS<\/td>\n<\/tr>\n<tr class=\"row-30\">\n\t<td class=\"column-1\">28<\/td><td class=\"column-2\">27<\/td><td class=\"column-3\">Damian<\/td><td class=\"column-4\">Koselski<\/td><td class=\"column-5\">11. Meta (317km)<\/td><td class=\"column-6\">34:15:08 GPS<\/td>\n<\/tr>\n<tr class=\"row-31\">\n\t<td class=\"column-1\">29<\/td><td class=\"column-2\">19<\/td><td class=\"column-3\">Piotr<\/td><td class=\"column-4\">Grzyb<\/td><td class=\"column-5\">11. Meta (317km)<\/td><td class=\"column-6\">34:59:07 GPS<\/td>\n<\/tr>\n<tr class=\"row-32\">\n\t<td class=\"column-1\">29<\/td><td class=\"column-2\">58<\/td><td class=\"column-3\">Hubert<\/td><td class=\"column-4\">Mi\u015bkiewicz<\/td><td class=\"column-5\">11. Meta (317km)<\/td><td class=\"column-6\">35:21:59 GPS<\/td>\n<\/tr>\n<tr class=\"row-33\">\n\t<td class=\"column-1\">30<\/td><td class=\"column-2\">18<\/td><td class=\"column-3\">Igor<\/td><td class=\"column-4\">Szyma\u0144ski<\/td><td class=\"column-5\">11. Meta (317km)<\/td><td class=\"column-6\">35:53:10 GPS<\/td>\n<\/tr>\n<tr class=\"row-34\">\n\t<td class=\"column-1\">31<\/td><td class=\"column-2\">28<\/td><td class=\"column-3\">Marcin<\/td><td class=\"column-4\">S\u00f3jka<\/td><td class=\"column-5\">11. Meta (317km)<\/td><td class=\"column-6\">35:58:49 GPS<\/td>\n<\/tr>\n<tr class=\"row-35\">\n\t<td class=\"column-1\">32<\/td><td class=\"column-2\">26<\/td><td class=\"column-3\">Bart\u0142omiej<\/td><td class=\"column-4\">Misztal<\/td><td class=\"column-5\">11. Meta (317km)<\/td><td class=\"column-6\">38:28:43 GPS<\/td>\n<\/tr>\n<tr class=\"row-36\">\n\t<td class=\"column-1\">33<\/td><td class=\"column-2\">38<\/td><td class=\"column-3\">Jakub<\/td><td class=\"column-4\">Jakubowski<\/td><td class=\"column-5\">11. Meta (317km)<\/td><td class=\"column-6\">38:28:51 GPS<\/td>\n<\/tr>\n<tr class=\"row-37\">\n\t<td class=\"column-1\">34<\/td><td class=\"column-2\">2<\/td><td class=\"column-3\">Wojciech<\/td><td class=\"column-4\">Podlejski<\/td><td class=\"column-5\">11. Meta (317km)<\/td><td class=\"column-6\">38:42:51 GPS<\/td>\n<\/tr>\n<tr class=\"row-38\">\n\t<td class=\"column-1\">35<\/td><td class=\"column-2\">49<\/td><td class=\"column-3\">Miros\u0142aw<\/td><td class=\"column-4\">B\u0105kiewicz<\/td><td class=\"column-5\">11. Meta (317km)<\/td><td class=\"column-6\">39:06:46 GPS<\/td>\n<\/tr>\n<tr class=\"row-39\">\n\t<td class=\"column-1\">36<\/td><td class=\"column-2\">45<\/td><td class=\"column-3\">MIcha\u0142<\/td><td class=\"column-4\">Czarnecki<\/td><td class=\"column-5\">11. Meta (317km)<\/td><td class=\"column-6\">39:36:46 GPS<\/td>\n<\/tr>\n<tr class=\"row-40\">\n\t<td class=\"column-1\">37<\/td><td class=\"column-2\">13<\/td><td class=\"column-3\">S\u0142awomir<\/td><td class=\"column-4\">Dudek<\/td><td class=\"column-5\">11. Meta (317km)<\/td><td class=\"column-6\">39:41:45 GPS<\/td>\n<\/tr>\n<tr class=\"row-41\">\n\t<td class=\"column-1\">37<\/td><td class=\"column-2\">14<\/td><td class=\"column-3\">Jacek<\/td><td class=\"column-4\">Szpakowski<\/td><td class=\"column-5\">11. Meta (317km)<\/td><td class=\"column-6\">39:42:03 GPS<\/td>\n<\/tr>\n<tr class=\"row-42\">\n\t<td class=\"column-1\">wycof<\/td><td class=\"column-2\">35<\/td><td class=\"column-3\">Rados\u0142aw<\/td><td class=\"column-4\">Wypychowski<\/td><td class=\"column-5\">11. Meta (317km)<\/td><td class=\"column-6\">DNF<\/td>\n<\/tr>\n<tr class=\"row-43\">\n\t<td class=\"column-1\">wycof<\/td><td class=\"column-2\">54<\/td><td class=\"column-3\">Patryk<\/td><td class=\"column-4\">Jawie\u0144<\/td><td class=\"column-5\">08. PT Ja\u0142owe (232km)<\/td><td class=\"column-6\">DNF<\/td>\n<\/tr>\n<tr class=\"row-44\">\n\t<td class=\"column-1\">wycof<\/td><td class=\"column-2\">10<\/td><td class=\"column-3\">Kamil<\/td><td class=\"column-4\">Polak\u00f3w<\/td><td class=\"column-5\">06. PT Rybne (175km)<\/td><td class=\"column-6\">DNF<\/td>\n<\/tr>\n<tr class=\"row-45\">\n\t<td class=\"column-1\">wycof<\/td><td class=\"column-2\">55<\/td><td class=\"column-3\">Bartosz<\/td><td class=\"column-4\">Grzegorzyca<\/td><td class=\"column-5\">06. PT Rybne (175km)<\/td><td class=\"column-6\">DNF<\/td>\n<\/tr>\n<tr class=\"row-46\">\n\t<td class=\"column-1\">wycof<\/td><td class=\"column-2\">23<\/td><td class=\"column-3\">Pawe\u0142<\/td><td class=\"column-4\">Kr\u00f3l.<\/td><td class=\"column-5\">06. PT Rybne (175km)<\/td><td class=\"column-6\">DNF<\/td>\n<\/tr>\n<tr class=\"row-47\">\n\t<td class=\"column-1\">wycof<\/td><td class=\"column-2\">16<\/td><td class=\"column-3\">Rados\u0142awe<\/td><td class=\"column-4\">Jodko<\/td><td class=\"column-5\">05. PT Majdan (142km)<\/td><td class=\"column-6\">DNF<\/td>\n<\/tr>\n<tr class=\"row-48\">\n\t<td class=\"column-1\">wycof<\/td><td class=\"column-2\">44<\/td><td class=\"column-3\">Rafa\u0142<\/td><td class=\"column-4\">Tomaszewski<\/td><td class=\"column-5\">03. PT Jod\u0142a (065km)<\/td><td class=\"column-6\">DNF<\/td>\n<\/tr>\n<tr class=\"row-49\">\n\t<td class=\"column-1\">wycof<\/td><td class=\"column-2\">17<\/td><td class=\"column-3\">Konrad<\/td><td class=\"column-4\">No\u017cewski<\/td><td class=\"column-5\">03. PT Jod\u0142a (065km)<\/td><td class=\"column-6\">DNF<\/td>\n<\/tr>\n<tr class=\"row-50\">\n\t<td class=\"column-1\">wycof<\/td><td class=\"column-2\">3<\/td><td class=\"column-3\">Damian<\/td><td class=\"column-4\">Grze\u015bkiewicz<\/td><td class=\"column-5\">02. PT Bukowiec (040km)<\/td><td class=\"column-6\">DNF<\/td>\n<\/tr>\n<tr class=\"row-51\">\n\t<td class=\"column-1\">DNS<\/td><td class=\"column-2\">15<\/td><td class=\"column-3\">Tomasz<\/td><td class=\"column-4\">Kompa<\/td><td class=\"column-5\">01. PT (009km)<\/td><td class=\"column-6\">DNF<\/td>\n<\/tr>\n<tr class=\"row-52\">\n\t<td class=\"column-1\">DNS<\/td><td class=\"column-2\">1<\/td><td class=\"column-3\">Piotr<\/td><td class=\"column-4\">Nizio<\/td><td class=\"column-5\">00. Start (000km)<\/td><td class=\"column-6\">DNS<\/td>\n<\/tr>\n<tr class=\"row-53\">\n\t<td class=\"column-1\">DNS<\/td><td class=\"column-2\">4<\/td><td class=\"column-3\">Kamil<\/td><td class=\"column-4\">Niewi\u0144ski<\/td><td class=\"column-5\">00. Start (000km)<\/td><td class=\"column-6\">DNS<\/td>\n<\/tr>\n<tr class=\"row-54\">\n\t<td class=\"column-1\">DNS<\/td><td class=\"column-2\">5<\/td><td class=\"column-3\">Ireneusz<\/td><td class=\"column-4\">Wrzo\u0142ek<\/td><td class=\"column-5\">00. Start (000km)<\/td><td class=\"column-6\">DNS<\/td>\n<\/tr>\n<tr class=\"row-55\">\n\t<td class=\"column-1\">DNS<\/td><td class=\"column-2\">6<\/td><td class=\"column-3\">Kamil<\/td><td class=\"column-4\">Wnuk<\/td><td class=\"column-5\">00. Start (000km)<\/td><td class=\"column-6\">DNS<\/td>\n<\/tr>\n<tr class=\"row-56\">\n\t<td class=\"column-1\">DNS<\/td><td class=\"column-2\">24<\/td><td class=\"column-3\">Paulina<\/td><td class=\"column-4\">Kwiatkowska<\/td><td class=\"column-5\">00. Start (000km)<\/td><td class=\"column-6\">DNS<\/td>\n<\/tr>\n<tr class=\"row-57\">\n\t<td class=\"column-1\">DNS<\/td><td class=\"column-2\">25<\/td><td class=\"column-3\">S\u0142awomir<\/td><td class=\"column-4\">Tomaszewski<\/td><td class=\"column-5\">00. Start (000km)<\/td><td class=\"column-6\">DNS<\/td>\n<\/tr>\n<tr class=\"row-58\">\n\t<td class=\"column-1\">DNS<\/td><td class=\"column-2\">36<\/td><td class=\"column-3\">Szymon<\/td><td class=\"column-4\">Jasion<\/td><td class=\"column-5\">00. Start (000km)<\/td><td class=\"column-6\">DNS<\/td>\n<\/tr>\n<tr class=\"row-59\">\n\t<td class=\"column-1\">DNS<\/td><td class=\"column-2\">37<\/td><td class=\"column-3\">Piotr.<\/td><td class=\"column-4\">Wierzbowski<\/td><td class=\"column-5\">00. Start (000km)<\/td><td class=\"column-6\">DNS<\/td>\n<\/tr>\n<tr class=\"row-60\">\n\t<td class=\"column-1\">DNS<\/td><td class=\"column-2\">46<\/td><td class=\"column-3\">Mariusz<\/td><td class=\"column-4\">Skwarczak<\/td><td class=\"column-5\">00. Start (000km)<\/td><td class=\"column-6\">DNS<\/td>\n<\/tr>\n<tr class=\"row-61\">\n\t<td class=\"column-1\">DNS<\/td><td class=\"column-2\">48<\/td><td class=\"column-3\">Marek<\/td><td class=\"column-4\">Lenarciak<\/td><td class=\"column-5\">00. Start (000km)<\/td><td class=\"column-6\">DNS<\/td>\n<\/tr>\n<tr class=\"row-62\">\n\t<td class=\"column-1\">DNS<\/td><td class=\"column-2\">59<\/td><td class=\"column-3\">Agnieszka<\/td><td class=\"column-4\">Skrzypek<\/td><td class=\"column-5\">00. Start (000km)<\/td><td class=\"column-6\">DNS<\/td>\n<\/tr>\n<tr class=\"row-63\">\n\t<td class=\"column-1\">DNS<\/td><td class=\"column-2\">60<\/td><td class=\"column-3\">Daniel<\/td><td class=\"column-4\">Kochanowski<\/td><td class=\"column-5\">00. Start (000km)<\/td><td class=\"column-6\">DNS<\/td>\n<\/tr>\n<tr class=\"row-64\">\n\t<td class=\"column-1\">DNS<\/td><td class=\"column-2\">62<\/td><td class=\"column-3\">Tomasz<\/td><td class=\"column-4\">Szlama<\/td><td class=\"column-5\">00. Start (000km)<\/td><td class=\"column-6\">DNS<\/td>\n<\/tr>\n<\/tbody>\n<\/table>\n<!-- #tablepress-8 from cache -->","protected":false},"excerpt":{"rendered":"PROZIAK500 PozycjaNumerImi\u0119NazwiskoPunkt kontrolny\u0141\u0105czny czas 194AdrianKuci\u0119ba13. Meta (507km)28:38:55 GPS 281Bart\u0142omiejBrus13. Meta (507km)30:31:58 GPS 389BartoszTomczyk13. Meta (507km)31:26:58 GPS 463\u0141ukaszKu\u015b13. Meta (507km)34:36:38 GPS 574DamianBuras13. Meta (507km)35:44:44 GPS 683Micha\u0142Kurtys13. Meta (507km)35:44:44 GPS 784DanielGlajc13. Meta (507km)40:08:42 GPS 885MartaPopiel13. Meta (507km)40:08:42 GPS 980MateuszK\u0142apa13. Meta (507km)42:39:49 GPS 1067DawidMasny13. Meta (507km)43:41:00 GPS 1177KrzysztofWa\u015bci\u0144ski13. Meta (507km)53:22:00 GPS 1276TomaszHo\u0142odniak13. Meta (507km)53:22:04 GPS 1388MateuszSokalski13. Meta (507km)54:31:02 [...]","protected":false},"author":1,"featured_media":0,"parent":0,"menu_order":0,"comment_status":"closed","ping_status":"closed","template":"","meta":{"footnotes":""},"class_list":["post-1933","page","type-page","status-publish","hentry"],"_links":{"self":[{"href":"https:\/\/proziakgravel.com\/index.php\/wp-json\/wp\/v2\/pages\/1933","targetHints":{"allow":["GET"]}}],"collection":[{"href":"https:\/\/proziakgravel.com\/index.php\/wp-json\/wp\/v2\/pages"}],"about":[{"href":"https:\/\/proziakgravel.com\/index.php\/wp-json\/wp\/v2\/types\/page"}],"author":[{"embeddable":true,"href":"https:\/\/proziakgravel.com\/index.php\/wp-json\/wp\/v2\/users\/1"}],"replies":[{"embeddable":true,"href":"https:\/\/proziakgravel.com\/index.php\/wp-json\/wp\/v2\/comments?post=1933"}],"version-history":[{"count":1,"href":"https:\/\/proziakgravel.com\/index.php\/wp-json\/wp\/v2\/pages\/1933\/revisions"}],"predecessor-version":[{"id":1936,"href":"https:\/\/proziakgravel.com\/index.php\/wp-json\/wp\/v2\/pages\/1933\/revisions\/1936"}],"wp:attachment":[{"href":"https:\/\/proziakgravel.com\/index.php\/wp-json\/wp\/v2\/media?parent=1933"}],"curies":[{"name":"wp","href":"https:\/\/api.w.org\/{rel}","templated":true}]}}