{"id":1778,"date":"2025-02-06T17:33:30","date_gmt":"2025-02-06T17:33:30","guid":{"rendered":"https:\/\/proziakgravel.com\/?page_id=1778"},"modified":"2025-02-06T21:04:30","modified_gmt":"2025-02-06T21:04:30","slug":"hotel-bieszczady-stanica-kresowa-chreptiow","status":"publish","type":"page","link":"https:\/\/proziakgravel.com\/index.php\/hotel-bieszczady-stanica-kresowa-chreptiow\/","title":{"rendered":"BAZA WYDARZENIA"},"content":{"rendered":"<div class=\"wpb-content-wrapper\"><p>[vc_row][vc_column][wyde_heading title=&#8221;Hotel Bieszczady &#8211; Stanica Kresowa Chrepti\u00f3w ***&#8221;][\/vc_column][\/vc_row][vc_row][vc_column width=&#8221;1\/3&#8243;][vc_single_image image=&#8221;1781&#8243;][\/vc_column][vc_column width=&#8221;1\/3&#8243;][vc_single_image image=&#8221;1780&#8243;][\/vc_column][vc_column width=&#8221;1\/3&#8243;][vc_single_image image=&#8221;1779&#8243;][\/vc_column][\/vc_row][vc_row][vc_column][vc_empty_space][wyde_heading title=&#8221;Miejscem, kt\u00f3re wybrali\u015bmy jako Start\/Meta Bieszczadzkiego Proziaka, jest Hotel Stanica Kresowa Chrepit\u00f3w&#8221;][vc_column_text]W pobli\u017cu Lutowisk, niegdy\u015b wzniesiono Chrepti\u00f3w \u2013 drewniane zabudowania, kt\u00f3re mia\u0142y imitowa\u0107 stanic\u0119 wojsk kresowych I Rzeczypospolitej, stworzone na potrzeby filmu \u201ePan Wo\u0142odyjowski\u201d. Dzi\u015b nie zachowa\u0142y si\u0119 \u017cadne \u015blady po tych obiektach. W ho\u0142dzie tamtym czasom, na pobliskim wzg\u00f3rzu, z kt\u00f3rego rozpo\u015bciera si\u0119 jeden z najpi\u0119kniejszych widok\u00f3w na Wysokie Bieszczady, powsta\u0142 kompleks gastronomiczno-wypoczynkowy \u2013 Hotel Stanica Kresowa Chrepit\u00f3w. Go\u015bcie hotelu maj\u0105 mo\u017cliwo\u015b\u0107 noclegu w stylizowanych pokojach oraz skosztowania tradycyjnej kuchni staropolskiej. Do ich dyspozycji oddajemy restauracj\u0119 w Domu Komendanta oraz hotel z 32 pokojami. Ca\u0142o\u015b\u0107, zaprojektowana wok\u00f3\u0142 wewn\u0119trznego dziedzi\u0144ca, zwanego na Kresach \u201emajdanem\u201d, jest otoczona drewnian\u0105 palisad\u0105, a poza ni\u0105 znajduje si\u0119 parking dla samochod\u00f3w osobowych i autobus\u00f3w. Hotel usytuowany jest w samym sercu Bieszczad, zaledwie 15 km od granicy Bieszczadzkiego Parku Narodowego, stanowi\u0105c doskona\u0142\u0105 baz\u0119 wypadow\u0105 na pobliskie po\u0142oniny.<\/p>\n<p><strong>Widoki \u2013 domena PROZIAKA<\/strong><\/p>\n<p>Proziak niezmiennie stawia na niezapomniane widoki i bieszczadzkie doznania wizualne. Tym razem zapraszamy Was do przepi\u0119knego Hotelu Stanica Kresowa Chrepit\u00f3w. To miejsce wyj\u0105tkowe, kt\u00f3re opr\u00f3cz komfortowych warunk\u00f3w, oferuje tak\u017ce wspania\u0142y punkt widokowy, z kt\u00f3rego rozci\u0105ga si\u0119 zapieraj\u0105cy dech w piersiach widok na Wysokie Bieszczady.[\/vc_column_text][vc_empty_space][\/vc_column][\/vc_row][vc_row][vc_column width=&#8221;1\/2&#8243;][vc_single_image image=&#8221;1754&#8243;][\/vc_column][vc_column width=&#8221;1\/2&#8243;][vc_single_image image=&#8221;1696&#8243;][\/vc_column][\/vc_row][vc_row][vc_column][vc_empty_space][\/vc_column][\/vc_row][vc_row][vc_column][wyde_heading title=&#8221;NOCLEGI&#8221;][vc_column_text]Je\u015bli jeste\u015b zainteresowany noclegiem poni\u017cej znajdziesz dane kontaktowe do Hotelu:<\/p>\n<p>Rezerwacja i informacja: +48 698 957 493<br \/>\nRecepcja tel.: 13 492 77 12<br \/>\nemail: recepcja@chreptiow.pl<br \/>\nDane Adresowe: Stanica Kresowa \u201eCHREPTI\u00d3W\u201d Lutowiska 102 38-713 Lutowiska[\/vc_column_text][vc_empty_space height=&#8221;20px&#8221;][wyde_button title=&#8221;PRZEJD\u0179 DO STRONY HOTELU&#8221; link=&#8221;url:https%3A%2F%2Fchreptiow.pl%2F|title:PRZEJD%C5%B9%20DO%20STRONY%20HOTELU|target:_blank&#8221; color=&#8221;#FFFFFF&#8221; bg_color=&#8221;#0089FF&#8221; animation=&#8221;bounceIn&#8221; css=&#8221;.vc_custom_1738875827896{background-color: #0089FF !important;}&#8221;][\/vc_column][\/vc_row]<\/p>\n<\/div>","protected":false},"excerpt":{"rendered":"<p>[vc_row][vc_column][wyde_heading title=&#8221;Hotel Bieszczady &#8211; Stanica Kresowa Chrepti\u00f3w ***&#8221;][\/vc_column][\/vc_row][vc_row][vc_column width=&#8221;1\/3&#8243;][vc_single_image image=&#8221;1781&#8243;][\/vc_column][vc_column width=&#8221;1\/3&#8243;][vc_single_image image=&#8221;1780&#8243;][\/vc_column][vc_column width=&#8221;1\/3&#8243;][vc_single_image image=&#8221;1779&#8243;][\/vc_column][\/vc_row][vc_row][vc_column][vc_empty_space][wyde_heading title=&#8221;Miejscem, kt\u00f3re wybrali\u015bmy jako Start\/Meta Bieszczadzkiego Proziaka, jest Hotel Stanica Kresowa Chrepit\u00f3w&#8221;][vc_column_text]W pobli\u017cu Lutowisk, niegdy\u015b wzniesiono Chrepti\u00f3w \u2013 drewniane zabudowania, kt\u00f3re mia\u0142y imitowa\u0107 stanic\u0119 wojsk kresowych I Rzeczypospolitej, stworzone na potrzeby filmu \u201ePan Wo\u0142odyjowski\u201d. Dzi\u015b nie zachowa\u0142y si\u0119 \u017cadne \u015blady po [&hellip;]<\/p>\n","protected":false},"author":1,"featured_media":0,"parent":0,"menu_order":0,"comment_status":"closed","ping_status":"closed","template":"","meta":{"footnotes":""},"class_list":["post-1778","page","type-page","status-publish","hentry"],"_links":{"self":[{"href":"https:\/\/proziakgravel.com\/index.php\/wp-json\/wp\/v2\/pages\/1778","targetHints":{"allow":["GET"]}}],"collection":[{"href":"https:\/\/proziakgravel.com\/index.php\/wp-json\/wp\/v2\/pages"}],"about":[{"href":"https:\/\/proziakgravel.com\/index.php\/wp-json\/wp\/v2\/types\/page"}],"author":[{"embeddable":true,"href":"https:\/\/proziakgravel.com\/index.php\/wp-json\/wp\/v2\/users\/1"}],"replies":[{"embeddable":true,"href":"https:\/\/proziakgravel.com\/index.php\/wp-json\/wp\/v2\/comments?post=1778"}],"version-history":[{"count":15,"href":"https:\/\/proziakgravel.com\/index.php\/wp-json\/wp\/v2\/pages\/1778\/revisions"}],"predecessor-version":[{"id":1835,"href":"https:\/\/proziakgravel.com\/index.php\/wp-json\/wp\/v2\/pages\/1778\/revisions\/1835"}],"wp:attachment":[{"href":"https:\/\/proziakgravel.com\/index.php\/wp-json\/wp\/v2\/media?parent=1778"}],"curies":[{"name":"wp","href":"https:\/\/api.w.org\/{rel}","templated":true}]}}