{"id":1705,"date":"2015-07-02T11:07:01","date_gmt":"2015-07-02T11:07:01","guid":{"rendered":"http:\/\/wydethemes.com\/flora6\/?page_id=5"},"modified":"2015-07-02T11:07:01","modified_gmt":"2015-07-02T11:07:01","slug":"sgs","status":"publish","type":"page","link":"https:\/\/proziakgravel.com\/index.php\/sgs\/","title":{"rendered":"Subcarpathian Gravel Series"},"content":{"rendered":"<div class=\"wpb-content-wrapper\"><p>[vc_row row_style=&#8221;full-width&#8221; padding_size=&#8221;no-padding&#8221;][vc_column][rev_slider_vc alias=&#8221;flora-6-1&#8243; button_style=&#8221;2&#8243; color=&#8221;#6CFF00&#8243;][\/vc_column][\/vc_row][vc_row row_style=&#8221;full-width&#8221; text_style=&#8221;light&#8221; vertical_align=&#8221;middle&#8221; padding_size=&#8221;no-padding&#8221; background_color=&#8221;#232323&#8243;][vc_column text_align=&#8221;center&#8221; padding_size=&#8221;l-padding&#8221; width=&#8221;1\/2&#8243; css=&#8221;.vc_custom_1436071676504{padding-top: 20px !important;padding-bottom: 20px !important;}&#8221;][vc_custom_heading text=&#8221;Wystartuj w SG Series!&#8221; font_container=&#8221;tag:h2|text_align:center|color:%23ffffff&#8221; google_fonts=&#8221;font_family:Montserrat%3Aregular%2C700|font_style:700%20bold%20regular%3A700%3Anormal&#8221; animation=&#8221;fadeIn&#8221;][wyde_icon_block icon=&#8221;flora-icon-zigzag-2&#8243; size=&#8221;large&#8221; style=&#8221;none&#8221; color=&#8221;#B9FF00&#8243; animation=&#8221;fadeIn&#8221;][vc_empty_space][vc_custom_heading text=&#8221;SG Series to nowa seria wy\u015bcig\u00f3w gravelowych w Podkarpaciu, sk\u0142adaj\u0105ca si\u0119 z 5 wydarze\u0144, kt\u00f3re \u0142\u0105cz\u0105 sportow\u0105 rywalizacj\u0119 z odkrywaniem pi\u0119kna regionu.&#8221; font_container=&#8221;tag:h6|text_align:center&#8221; google_fonts=&#8221;font_family:Arimo%3Aregular%2Citalic%2C700%2C700italic|font_style:400%20regular%3A400%3Anormal&#8221; animation=&#8221;fadeIn&#8221;][vc_empty_space height=&#8221;20px&#8221;][vc_column_text animation=&#8221;fadeIn&#8221;]Trasy, pe\u0142ne szutrowych dr\u00f3g i le\u015bnych \u015bcie\u017cek, oferuj\u0105 r\u00f3\u017cne poziomy trudno\u015bci, zapewniaj\u0105c wyzwanie zar\u00f3wno dla amator\u00f3w, jak i bardziej do\u015bwiadczonych kolarzy. To doskona\u0142a okazja, by pozna\u0107 malownicze zak\u0105tki Podkarpacia i wzi\u0105\u0107 udzia\u0142 w dobrze zorganizowanej rywalizacji.[\/vc_column_text][\/vc_column][vc_column padding_size=&#8221;no-padding&#8221; width=&#8221;1\/2&#8243;][wyde_image_gallery images=&#8221;1378,1377,1379&#8243; image_size=&#8221;full-width&#8221; gallery_type=&#8221;slider&#8221; visible_items=&#8221;1&#8243; show_navigation=&#8221;true&#8221; auto_play=&#8221;3&#8243; loop=&#8221;true&#8221;][\/vc_column][\/vc_row][vc_row row_style=&#8221;full-width&#8221; padding_size=&#8221;no-padding&#8221;][vc_column text_style=&#8221;light&#8221; background_color=&#8221;#0092FF&#8221; bg_image_url=&#8221;http:\/\/sgseries.com\/wp-content\/uploads\/2025\/01\/c1-150&#215;150.jpg&#8221; width=&#8221;1\/4&#8243; background_image=&#8221;1526&#8243;][vc_empty_space][wyde_info_box title=&#8221;G\u0142og\u00f3w M\u0142p. 12.04.2025&#8243; icon=&#8221;flora-icon-deer-2&#8243; icon_size=&#8221;large&#8221; color=&#8221;#FFFFFF&#8221; animation=&#8221;bounceIn&#8221; link=&#8221;url:https%3A%2F%2Fsgseries.com%2Findex.php%2Fglogow%2F|title:Wi%C4%99cej&#8221;]<\/p>\n<p style=\"text-align: center;\"><strong>DYSTANS<\/strong>: 95KM<br \/>\n<strong>PRZEWY\u017bSZENIA<\/strong>: 507M<br \/>\n<strong>START<\/strong>: 10:00<br \/>\n<strong>LIMIT CZASOWY<\/strong>: 6H<\/p>\n<p>[\/wyde_info_box][vc_empty_space][\/vc_column][vc_column text_style=&#8221;light&#8221; background_color=&#8221;#ffd300&#8243; bg_image_url=&#8221;http:\/\/sgseries.com\/wp-content\/uploads\/2025\/01\/c2-150&#215;150.jpg&#8221; width=&#8221;1\/4&#8243; background_image=&#8221;1527&#8243;][vc_empty_space][wyde_info_box title=&#8221;Pstr\u0105gowa 24.05.2025&#8243; icon=&#8221;flora-icon-tree&#8221; icon_size=&#8221;large&#8221; color=&#8221;#FFFFFF&#8221; animation=&#8221;bounceIn&#8221; link=&#8221;url:https%3A%2F%2Fsgseries.com%2Findex.php%2Fpstragowa%2F|title:Wi%C4%99cej&#8221;]<strong>DYSTANS<\/strong>: 97KM<br \/>\n<strong>PRZEWY\u017bSZENIA<\/strong>: 1637M<br \/>\n<strong>START<\/strong>: 10:00<br \/>\n<strong>LIMIT CZASOWY<\/strong>: 7H[\/wyde_info_box][vc_empty_space][\/vc_column][vc_column text_style=&#8221;light&#8221; background_color=&#8221;#00F859&#8243; bg_image_url=&#8221;http:\/\/sgseries.com\/wp-content\/uploads\/2025\/01\/c3-150&#215;150.jpg&#8221; width=&#8221;1\/4&#8243; background_image=&#8221;1528&#8243;][vc_empty_space][wyde_info_box title=&#8221;Lutowiska 21.06.2025&#8243; icon=&#8221;flora-icon-bear&#8221; icon_size=&#8221;large&#8221; color=&#8221;#FFFFFF&#8221; animation=&#8221;bounceIn&#8221; link=&#8221;url:https%3A%2F%2Fsgseries.com%2Findex.php%2Flutowiska%2F|title:KLIKNIJ&#8221;]<\/p>\n<p style=\"text-align: center;\"><strong>Lutowiska 21.06.2025<br \/>\nDYSTANS<\/strong>: 101KM<br \/>\n<strong>PRZEWY\u017bSZENIA<\/strong>: 1963M<br \/>\n<strong>START<\/strong>: 10:00<br \/>\n<strong>LIMIT CZASOWY<\/strong>: 8H<\/p>\n<p>[\/wyde_info_box][vc_empty_space][\/vc_column][vc_column text_style=&#8221;light&#8221; background_color=&#8221;#FA993F&#8221; bg_image_url=&#8221;http:\/\/sgseries.com\/wp-content\/uploads\/2025\/01\/c4-150&#215;150.jpg&#8221; width=&#8221;1\/4&#8243; background_image=&#8221;1529&#8243;][vc_empty_space][wyde_info_box title=&#8221;Gr\u0105ziowa 19.07.2025&#8243; icon=&#8221;flora-icon-wolf&#8221; icon_size=&#8221;large&#8221; color=&#8221;#FFFFFF&#8221; animation=&#8221;bounceIn&#8221; link=&#8221;url:https%3A%2F%2Fsgseries.com%2Findex.php%2Fgraziowa%2F|title:KLIKNIJ&#8221;]<\/p>\n<p style=\"text-align: center;\"><strong>DYSTANS<\/strong>: 106KM<br \/>\n<strong>PRZEWY\u017bSZENIA<\/strong>: 1765M<br \/>\n<strong>START<\/strong>: 10:00<br \/>\n<strong>LIMIT CZASOWY<\/strong>: 7H<\/p>\n<p>[\/wyde_info_box][vc_empty_space][\/vc_column][\/vc_row][vc_row row_style=&#8221;full-width&#8221; padding_size=&#8221;no-padding&#8221;][vc_column text_style=&#8221;light&#8221; background_color=&#8221;#FF00B5&#8243; bg_image_url=&#8221;http:\/\/sgseries.com\/wp-content\/uploads\/2025\/01\/c5-150&#215;150.jpg&#8221; width=&#8221;1\/4&#8243; background_image=&#8221;1530&#8243;][vc_empty_space][wyde_info_box title=&#8221;Krempna 20.09.2025&#8243; icon=&#8221;flora-icon-birds&#8221; icon_size=&#8221;large&#8221; color=&#8221;#FFFFFF&#8221; animation=&#8221;bounceIn&#8221; link=&#8221;url:https%3A%2F%2Fsgseries.com%2Findex.php%2Fkrempna%2F|title:KLIKNIJ&#8221;]<\/p>\n<p style=\"text-align: center;\"><strong>DYSTANS<\/strong>: 106KM<br \/>\n<strong>PRZEWY\u017bSZENIA<\/strong>: 2175M<br \/>\n<strong>START<\/strong>: 10:00<br \/>\n<strong>LIMIT CZASOWY<\/strong>: 8H<\/p>\n<p>[\/wyde_info_box][vc_empty_space][\/vc_column][vc_column text_style=&#8221;light&#8221; background_color=&#8221;#8C0073&#8243; bg_image_url=&#8221;http:\/\/sgseries.com\/wp-content\/uploads\/2025\/01\/c7-150&#215;150.jpg&#8221; width=&#8221;1\/4&#8243; background_image=&#8221;1532&#8243;][vc_empty_space][wyde_info_box title=&#8221;KALENDARZ&#8221; icon_set=&#8221;linecons&#8221; icon_linecons=&#8221;linecons-calendar&#8221; icon_size=&#8221;large&#8221; color=&#8221;#FFFFFF&#8221; animation=&#8221;bounceIn&#8221; link=&#8221;url:https%3A%2F%2Fsgseries.com%2Findex.php%2Fwyscigi%2F|title:Wi%C4%99cej|target:_blank&#8221;]Zobacz wszystkie niezb\u0119dne informacj\u0119 na temat naszego cyklu wy\u015bcigowego.[\/wyde_info_box][vc_empty_space][\/vc_column][vc_column text_style=&#8221;light&#8221; background_color=&#8221;#B9FF00&#8243; bg_image_url=&#8221;http:\/\/sgseries.com\/wp-content\/uploads\/2025\/01\/c8-150&#215;150.jpg&#8221; width=&#8221;1\/4&#8243; background_image=&#8221;1533&#8243;][vc_empty_space][wyde_info_box title=&#8221;Galeria&#8221; icon_set=&#8221;linecons&#8221; icon_linecons=&#8221;linecons-photo&#8221; icon_size=&#8221;large&#8221; color=&#8221;#FFFFFF&#8221; animation=&#8221;bounceIn&#8221;]<strong>B\u0105d\u017a na bie\u017c\u0105co i oczekuj pierwszych zdj\u0119\u0107 z naszych imprez! Startujemy niebawem!<\/strong>[\/wyde_info_box][vc_empty_space][\/vc_column][vc_column text_style=&#8221;light&#8221; background_color=&#8221;#013C70&#8243; bg_image_url=&#8221;http:\/\/sgseries.com\/wp-content\/uploads\/2025\/01\/c6-150&#215;150.jpg&#8221; width=&#8221;1\/4&#8243; background_image=&#8221;1531&#8243;][vc_empty_space][wyde_info_box title=&#8221;Klasyfikacja 2025&#8243; icon_set=&#8221;fontawesome&#8221; icon_fontawesome=&#8221;fa fa-trophy&#8221; icon_size=&#8221;large&#8221; color=&#8221;#FFFFFF&#8221; animation=&#8221;bounceIn&#8221;]Zaczynamy ju\u017c pierwszym wy\u015bcigiem w kwietniu! Tutaj znajdziesz klasyfikacje generalne naszych event\u00f3w.[\/wyde_info_box][vc_empty_space][\/vc_column][\/vc_row][vc_row row_style=&#8221;full-width&#8221; padding_size=&#8221;xl-padding&#8221; background_color=&#8221;#242424&#8243; bg_image_url=&#8221;http:\/\/sgseries.com\/wp-content\/uploads\/2025\/01\/somsiad-1-150&#215;150.jpg&#8221; background_image=&#8221;1424&#8243;][vc_column][vc_row_inner text_style=&#8221;light&#8221;][vc_column_inner width=&#8221;1\/3&#8243;]<br \/>\n[\/vc_column_inner][vc_column_inner width=&#8221;2\/3&#8243;][vc_empty_space][vc_custom_heading text=&#8221;B\u0105d\u017a gotowy na przygod\u0119! Subcarpathian Gravel Series \u2013 Twoje nowe wyzwanie na szutrach!&#8221; font_container=&#8221;tag:p|font_size:48px|text_align:left|color:%23ffffff|line_height:60px&#8221; google_fonts=&#8221;font_family:Montserrat%3Aregular%2C700|font_style:400%20regular%3A400%3Anormal&#8221;][vc_empty_space height=&#8221;15px&#8221;][wyde_icon_block icon=&#8221;flora-icon-zigzag-2&#8243; size=&#8221;large&#8221; style=&#8221;none&#8221; color=&#8221;#B9FF00&#8243;][vc_empty_space][vc_custom_heading text=&#8221;SGS to seria ekscytuj\u0105cych wy\u015bcig\u00f3w gravelowych w sercu Podkarpacia. Czekaj\u0105 na Ciebie malownicze trasy, wymagaj\u0105ce odcinki i sportowa rywalizacja w jednym z najpi\u0119kniejszych region\u00f3w Polski. Gotowy na wyzwanie? Do\u0142\u0105cz do SGS i poka\u017c, co potrafisz!&#8221; font_container=&#8221;tag:p|font_size:16px|text_align:left|color:%23d7d7d7|line_height:2&#8243; google_fonts=&#8221;font_family:Lato%3A100%2C100italic%2C300%2C300italic%2Cregular%2Citalic%2C700%2C700italic%2C900%2C900italic|font_style:400%20regular%3A400%3Anormal&#8221;][vc_empty_space][wyde_link_button title=&#8221;Dowiedz si\u0119 wi\u0119cej&#8221; style=&#8221;round&#8221; size=&#8221;large&#8221; color=&#8221;#B9FF00&#8243; animation=&#8221;bounceIn&#8221; link=&#8221;url:https%3A%2F%2Fsgseries.com%2Findex.php%2Fwyscigi%2F&#8221;][vc_empty_space][\/vc_column_inner][\/vc_row_inner][\/vc_column][\/vc_row][vc_row padding_size=&#8221;m-padding&#8221; background_color=&#8221;#8C0073&#8243;][vc_column width=&#8221;1\/4&#8243;][wyde_counter_box icon_set=&#8221;typicons&#8221; icon_typicons=&#8221;typcn typcn-location&#8221; title=&#8221;WY\u015aCIG\u00d3W&#8221; start=&#8221;5&#8243; value=&#8221;5&#8243; style=&#8221;1&#8243; color=&#8221;#B9FF00&#8243;][\/vc_column][vc_column width=&#8221;1\/4&#8243;][wyde_counter_box icon_set=&#8221;fontawesome&#8221; icon_fontawesome=&#8221;fa fa-bicycle&#8221; title=&#8221;KILOMETR\u00d3W&#8221; value=&#8221;505&#8243; style=&#8221;1&#8243; color=&#8221;#B9FF00&#8243;][\/vc_column][vc_column width=&#8221;1\/4&#8243;][wyde_counter_box icon_set=&#8221;fontawesome&#8221; icon_fontawesome=&#8221;fa fa-external-link-square&#8221; title=&#8221;PRZEWY\u017bSZE\u0143&#8221; value=&#8221;8047&#8243; style=&#8221;1&#8243; color=&#8221;#B9FF00&#8243;][\/vc_column][vc_column width=&#8221;1\/4&#8243;][wyde_counter_box icon_set=&#8221;fontawesome&#8221; icon_fontawesome=&#8221;fa fa-clock-o&#8221; title=&#8221;GODZIN JAZDY&#8221; value=&#8221;35&#8243; style=&#8221;1&#8243; color=&#8221;#B9FF00&#8243;][\/vc_column][\/vc_row][vc_row row_style=&#8221;full-width&#8221; vertical_align=&#8221;middle&#8221;][vc_column text_align=&#8221;center&#8221; width=&#8221;1\/2&#8243;][vc_custom_heading text=&#8221;Sprawdzony system \u015bledzenia&#8221; font_container=&#8221;tag:h6|font_size:2.5vw|text_align:center|color:%23594b4a&#8221; google_fonts=&#8221;font_family:Montserrat%3Aregular%2C700|font_style:400%20regular%3A400%3Anormal&#8221; css=&#8221;.vc_custom_1737561424241{margin-top: -10px !important;padding-right: 5% !important;padding-left: 5% !important;}&#8221; animation=&#8221;slideInLeft&#8221;][vc_empty_space][wyde_icon_block icon=&#8221;flora-icon-zigzag-2&#8243; size=&#8221;large&#8221; style=&#8221;none&#8221; color=&#8221;#B9FF00&#8243; css=&#8221;.vc_custom_1737660977314{padding-left: 5% !important;}&#8221; animation=&#8221;slideInLeft&#8221;][vc_empty_space height=&#8221;40px&#8221;][vc_custom_heading text=&#8221;BBTracker to niezawodny system, kt\u00f3ry gwarantuje doskona\u0142e dzia\u0142anie w ka\u017cdych warunkach. Dzi\u0119ki zaawansowanej technologii i precyzyjnemu \u015bledzeniu, BBTracker zapewnia pe\u0142n\u0105 kontrol\u0119 nad tras\u0105 oraz bezpiecze\u0144stwem u\u017cytkownika. System dzia\u0142a p\u0142ynnie i bez zak\u0142\u00f3ce\u0144, oferuj\u0105c dok\u0142adne dane na temat lokalizacji, co czyni go idealnym rozwi\u0105zaniem zar\u00f3wno dla profesjonalnych sportowc\u00f3w, jak i amator\u00f3w. Jego niezawodno\u015b\u0107 w po\u0142\u0105czeniu z prost\u0105 obs\u0142ug\u0105 sprawia, \u017ce jest to narz\u0119dzie, na kt\u00f3rym mo\u017cna polega\u0107 w ka\u017cdej sytuacji.&#8221; font_container=&#8221;tag:p|font_size:24px|text_align:center|line_height:36px&#8221; google_fonts=&#8221;font_family:Lato%3A100%2C100italic%2C300%2C300italic%2Cregular%2Citalic%2C700%2C700italic%2C900%2C900italic|font_style:300%20light%20regular%3A300%3Anormal&#8221; css=&#8221;.vc_custom_1737561525212{padding-right: 5% !important;padding-left: 5% !important;}&#8221; animation=&#8221;slideInLeft&#8221;][\/vc_column][vc_column padding_size=&#8221;no-padding&#8221; width=&#8221;1\/2&#8243;][vc_single_image image=&#8221;1451&#8243; alignment=&#8221;right&#8221; animation=&#8221;slideInRight&#8221;][\/vc_column][\/vc_row][vc_row][vc_column][wyde_heading title=&#8221;SPONSORZY I PARTNERZY&#8221;][wyde_image_gallery images=&#8221;1446,1445,1449&#8243; image_size=&#8221;large&#8221; gallery_type=&#8221;slider&#8221; visible_items=&#8221;6&#8243; show_navigation=&#8221;true&#8221; auto_play=&#8221;6&#8243; slide_loop=&#8221;true&#8221;][\/vc_column][\/vc_row]<\/p>\n<\/div>","protected":false},"excerpt":{"rendered":"<p>[vc_row row_style=&#8221;full-width&#8221; padding_size=&#8221;no-padding&#8221;][vc_column][rev_slider_vc alias=&#8221;flora-6-1&#8243; button_style=&#8221;2&#8243; color=&#8221;#6CFF00&#8243;][\/vc_column][\/vc_row][vc_row row_style=&#8221;full-width&#8221; text_style=&#8221;light&#8221; vertical_align=&#8221;middle&#8221; padding_size=&#8221;no-padding&#8221; background_color=&#8221;#232323&#8243;][vc_column text_align=&#8221;center&#8221; padding_size=&#8221;l-padding&#8221; width=&#8221;1\/2&#8243; css=&#8221;.vc_custom_1436071676504{padding-top: 20px !important;padding-bottom: 20px !important;}&#8221;][vc_custom_heading text=&#8221;Wystartuj w SG Series!&#8221; font_container=&#8221;tag:h2|text_align:center|color:%23ffffff&#8221; google_fonts=&#8221;font_family:Montserrat%3Aregular%2C700|font_style:700%20bold%20regular%3A700%3Anormal&#8221; animation=&#8221;fadeIn&#8221;][wyde_icon_block icon=&#8221;flora-icon-zigzag-2&#8243; size=&#8221;large&#8221; style=&#8221;none&#8221; color=&#8221;#B9FF00&#8243; animation=&#8221;fadeIn&#8221;][vc_empty_space][vc_custom_heading text=&#8221;SG Series to nowa seria wy\u015bcig\u00f3w gravelowych w Podkarpaciu, sk\u0142adaj\u0105ca si\u0119 z 5 wydarze\u0144, kt\u00f3re \u0142\u0105cz\u0105 sportow\u0105 rywalizacj\u0119 z odkrywaniem pi\u0119kna regionu.&#8221; font_container=&#8221;tag:h6|text_align:center&#8221; google_fonts=&#8221;font_family:Arimo%3Aregular%2Citalic%2C700%2C700italic|font_style:400%20regular%3A400%3Anormal&#8221; [&hellip;]<\/p>\n","protected":false},"author":1,"featured_media":0,"parent":0,"menu_order":0,"comment_status":"closed","ping_status":"closed","template":"","meta":{"footnotes":""},"class_list":["post-1705","page","type-page","status-publish","hentry"],"_links":{"self":[{"href":"https:\/\/proziakgravel.com\/index.php\/wp-json\/wp\/v2\/pages\/1705","targetHints":{"allow":["GET"]}}],"collection":[{"href":"https:\/\/proziakgravel.com\/index.php\/wp-json\/wp\/v2\/pages"}],"about":[{"href":"https:\/\/proziakgravel.com\/index.php\/wp-json\/wp\/v2\/types\/page"}],"author":[{"embeddable":true,"href":"https:\/\/proziakgravel.com\/index.php\/wp-json\/wp\/v2\/users\/1"}],"replies":[{"embeddable":true,"href":"https:\/\/proziakgravel.com\/index.php\/wp-json\/wp\/v2\/comments?post=1705"}],"version-history":[{"count":0,"href":"https:\/\/proziakgravel.com\/index.php\/wp-json\/wp\/v2\/pages\/1705\/revisions"}],"wp:attachment":[{"href":"https:\/\/proziakgravel.com\/index.php\/wp-json\/wp\/v2\/media?parent=1705"}],"curies":[{"name":"wp","href":"https:\/\/api.w.org\/{rel}","templated":true}]}}