{"id":1702,"date":"2015-07-03T14:40:41","date_gmt":"2015-07-03T14:40:41","guid":{"rendered":"http:\/\/wydethemes.com\/flora6\/?page_id=145"},"modified":"2015-07-03T14:40:41","modified_gmt":"2015-07-03T14:40:41","slug":"wyscigi","status":"publish","type":"page","link":"https:\/\/proziakgravel.com\/index.php\/wyscigi\/","title":{"rendered":"WY\u015aCIGI"},"content":{"rendered":"<div class=\"wpb-content-wrapper\"><p>[vc_row row_style=&#8221;full-width&#8221; vertical_align=&#8221;middle&#8221; padding_size=&#8221;no-padding&#8221;][vc_column text_style=&#8221;light&#8221; text_align=&#8221;center&#8221; background_color=&#8221;#71AA8F&#8221; width=&#8221;1\/5&#8243;][vc_empty_space][vc_single_image image=&#8221;1471&#8243; style=&#8221;circle&#8221; alignment=&#8221;center&#8221; animation_delay=&#8221;1&#8243; css=&#8221;.vc_custom_1737564727658{padding-top: 5% !important;padding-right: 5% !important;padding-bottom: 5% !important;padding-left: 5% !important;}&#8221; animation=&#8221;rotateIn&#8221;][vc_custom_heading text=&#8221;12.04.2025&#8243; font_container=&#8221;tag:h6|font_size:1.5vw|text_align:center|color:%23FFFFFF&#8221; google_fonts=&#8221;font_family:Abel%3Aregular|font_style:400%20regular%3A400%3Anormal&#8221;][vc_custom_heading text=&#8221;G\u0142og\u00f3w Ma\u0142opolski&#8221; font_container=&#8221;tag:p|font_size:22px|text_align:center|color:%23FFFFFF|line_height:28px&#8221; google_fonts=&#8221;font_family:Lato%3A100%2C100italic%2C300%2C300italic%2Cregular%2Citalic%2C700%2C700italic%2C900%2C900italic|font_style:400%20regular%3A400%3Anormal&#8221; css=&#8221;.vc_custom_1737667460054{margin-top: -10px !important;}&#8221;][wyde_separator label_style=&#8221;icon&#8221; icon=&#8221;flora-icon-deer-2&#8243; style=&#8221;dashed&#8221; el_width=&#8221;50%&#8221; color=&#8221;#FFFFFF&#8221; css=&#8221;.vc_custom_1737667485779{margin-top: 10px !important;margin-bottom: 20px !important;}&#8221;][wyde_link_button title=&#8221;Zapisz si\u0119&#8221; link=&#8221;url:https%3A%2F%2Fsgseries.com%2Findex.php%2Fglogow%2F&#8221;][vc_empty_space][\/vc_column][vc_column text_style=&#8221;light&#8221; text_align=&#8221;center&#8221; background_color=&#8221;#095586&#8243; width=&#8221;1\/5&#8243;][vc_empty_space][vc_single_image image=&#8221;1470&#8243; style=&#8221;circle&#8221; alignment=&#8221;center&#8221; animation_delay=&#8221;1.5&#8243; css=&#8221;.vc_custom_1737636797423{padding-top: 5% !important;padding-right: 5% !important;padding-bottom: 5% !important;padding-left: 5% !important;}&#8221; animation=&#8221;rotateIn&#8221;][vc_custom_heading text=&#8221;24.05.2025&#8243; font_container=&#8221;tag:h6|font_size:1.5vw|text_align:center|color:%23FFFFFF&#8221; google_fonts=&#8221;font_family:Abel%3Aregular|font_style:400%20regular%3A400%3Anormal&#8221;][vc_custom_heading text=&#8221;Pstr\u0105gowa&#8221; font_container=&#8221;tag:p|font_size:22px|text_align:center|color:%23FFFFFF|line_height:28px&#8221; google_fonts=&#8221;font_family:Lato%3A100%2C100italic%2C300%2C300italic%2Cregular%2Citalic%2C700%2C700italic%2C900%2C900italic|font_style:400%20regular%3A400%3Anormal&#8221; css=&#8221;.vc_custom_1737667453645{margin-top: -10px !important;}&#8221;][wyde_separator label_style=&#8221;icon&#8221; icon=&#8221;flora-icon-tree&#8221; style=&#8221;dashed&#8221; el_width=&#8221;50%&#8221; color=&#8221;#FFFFFF&#8221; css=&#8221;.vc_custom_1737667490580{margin-top: 10px !important;margin-bottom: 20px !important;}&#8221;][wyde_link_button title=&#8221;Zapisz si\u0119&#8221; link=&#8221;url:https%3A%2F%2Fsgseries.com%2Findex.php%2Fpstragowa%2F&#8221;][vc_empty_space][\/vc_column][vc_column text_style=&#8221;light&#8221; text_align=&#8221;center&#8221; background_color=&#8221;#7C0054&#8243; width=&#8221;1\/5&#8243;][vc_empty_space][vc_single_image image=&#8221;1472&#8243; style=&#8221;circle&#8221; alignment=&#8221;center&#8221; animation_delay=&#8221;2&#8243; css=&#8221;.vc_custom_1737564743358{padding-top: 5% !important;padding-right: 5% !important;padding-bottom: 5% !important;padding-left: 5% !important;}&#8221; animation=&#8221;rotateIn&#8221;][vc_custom_heading text=&#8221;21.06.2025&#8243; font_container=&#8221;tag:h6|font_size:1.5vw|text_align:center|color:%23FFFFFF&#8221; google_fonts=&#8221;font_family:Abel%3Aregular|font_style:400%20regular%3A400%3Anormal&#8221;][vc_custom_heading text=&#8221;Lutowiska&#8221; font_container=&#8221;tag:p|font_size:22px|text_align:center|color:%23FFFFFF|line_height:28px&#8221; google_fonts=&#8221;font_family:Lato%3A100%2C100italic%2C300%2C300italic%2Cregular%2Citalic%2C700%2C700italic%2C900%2C900italic|font_style:400%20regular%3A400%3Anormal&#8221; css=&#8221;.vc_custom_1737667448534{margin-top: -10px !important;}&#8221;][wyde_separator label_style=&#8221;icon&#8221; icon=&#8221;flora-icon-bear&#8221; style=&#8221;dashed&#8221; el_width=&#8221;50%&#8221; color=&#8221;#FFFFFF&#8221; css=&#8221;.vc_custom_1737667503609{margin-top: 10px !important;margin-bottom: 20px !important;}&#8221;][wyde_link_button title=&#8221;Zapisz si\u0119&#8221; link=&#8221;url:https%3A%2F%2Fsgseries.com%2Findex.php%2Flutowiska%2F&#8221;][vc_empty_space][\/vc_column][vc_column text_style=&#8221;light&#8221; text_align=&#8221;center&#8221; background_color=&#8221;#5A9C4E&#8221; width=&#8221;1\/5&#8243;][vc_empty_space][vc_single_image image=&#8221;1469&#8243; style=&#8221;circle&#8221; alignment=&#8221;center&#8221; animation_delay=&#8221;2.5&#8243; css=&#8221;.vc_custom_1737564750035{padding-top: 5% !important;padding-right: 5% !important;padding-bottom: 5% !important;padding-left: 5% !important;}&#8221; animation=&#8221;rotateIn&#8221;][vc_custom_heading text=&#8221;19.07.2025&#8243; font_container=&#8221;tag:h6|font_size:1.5vw|text_align:center|color:%23ffffff&#8221; google_fonts=&#8221;font_family:Abel%3Aregular|font_style:400%20regular%3A400%3Anormal&#8221;][vc_custom_heading text=&#8221;Gr\u0105ziowa&#8221; font_container=&#8221;tag:p|font_size:22px|text_align:center|color:%23FFFFFF|line_height:28px&#8221; google_fonts=&#8221;font_family:Lato%3A100%2C100italic%2C300%2C300italic%2Cregular%2Citalic%2C700%2C700italic%2C900%2C900italic|font_style:400%20regular%3A400%3Anormal&#8221; css=&#8221;.vc_custom_1737667443683{margin-top: -10px !important;}&#8221;][wyde_separator label_style=&#8221;icon&#8221; icon=&#8221;flora-icon-wolf&#8221; style=&#8221;dashed&#8221; el_width=&#8221;50%&#8221; color=&#8221;#ffffff&#8221; css=&#8221;.vc_custom_1737667506688{margin-top: 10px !important;margin-bottom: 20px !important;}&#8221;][wyde_link_button title=&#8221;Zapisz si\u0119&#8221; link=&#8221;url:https%3A%2F%2Fsgseries.com%2Findex.php%2Fgraziowa%2F&#8221;][vc_empty_space][\/vc_column][vc_column text_style=&#8221;light&#8221; text_align=&#8221;center&#8221; background_color=&#8221;#D87575&#8243; width=&#8221;1\/5&#8243;][vc_empty_space][vc_single_image image=&#8221;1468&#8243; style=&#8221;circle&#8221; alignment=&#8221;center&#8221; animation_delay=&#8221;3&#8243; css=&#8221;.vc_custom_1737564766135{padding-top: 5% !important;padding-right: 5% !important;padding-bottom: 5% !important;padding-left: 5% !important;}&#8221; animation=&#8221;rotateIn&#8221;][vc_custom_heading text=&#8221;20.09.2025&#8243; font_container=&#8221;tag:h6|font_size:1.5vw|text_align:center|color:%23FFFFFF&#8221; google_fonts=&#8221;font_family:Abel%3Aregular|font_style:400%20regular%3A400%3Anormal&#8221;][vc_custom_heading text=&#8221;Krempna&#8221; font_container=&#8221;tag:p|font_size:22px|text_align:center|color:%23FFFFFF|line_height:28px&#8221; google_fonts=&#8221;font_family:Lato%3A100%2C100italic%2C300%2C300italic%2Cregular%2Citalic%2C700%2C700italic%2C900%2C900italic|font_style:400%20regular%3A400%3Anormal&#8221; css=&#8221;.vc_custom_1737667438576{margin-top: -10px !important;}&#8221;][wyde_separator label_style=&#8221;icon&#8221; icon=&#8221;flora-icon-birds&#8221; style=&#8221;dashed&#8221; el_width=&#8221;50%&#8221; color=&#8221;#FFFFFF&#8221; css=&#8221;.vc_custom_1737667511028{margin-top: 10px !important;margin-bottom: 20px !important;}&#8221;][wyde_link_button title=&#8221;Zapisz si\u0119&#8221; link=&#8221;url:https%3A%2F%2Fsgseries.com%2Findex.php%2Fkrempna%2F&#8221;][vc_empty_space][\/vc_column][\/vc_row][vc_row row_style=&#8221;full-width&#8221; text_style=&#8221;light&#8221; vertical_align=&#8221;middle&#8221; padding_size=&#8221;no-padding&#8221; background_color=&#8221;#232323&#8243;][vc_column text_align=&#8221;center&#8221; padding_size=&#8221;l-padding&#8221; width=&#8221;1\/2&#8243;][vc_custom_heading text=&#8221;POZIOMY TRUDNO\u015aCI&#8221; font_container=&#8221;tag:h2|text_align:center|color:%23ffffff&#8221; google_fonts=&#8221;font_family:Montserrat%3Aregular%2C700|font_style:700%20bold%20regular%3A700%3Anormal&#8221;][wyde_icon_block icon=&#8221;flora-icon-zigzag-2&#8243; size=&#8221;large&#8221; style=&#8221;none&#8221; color=&#8221;#B9FF00&#8243;][vc_empty_space][vc_custom_heading text=&#8221;SGS to 5 wy\u015bcig\u00f3w kr\u00f3tkodystansowych nastawionych na szybk\u0105 jazd\u0119. Przygotowali\u015bmy dla was kilka poziom\u00f3w trudno\u015bci.&#8221; font_container=&#8221;tag:h6|text_align:center&#8221; google_fonts=&#8221;font_family:Abel%3Aregular|font_style:400%20regular%3A400%3Anormal&#8221;][vc_empty_space height=&#8221;20px&#8221;][vc_column_text]Zaczynamy p\u0142askim i bardzo \u0142atwym wy\u015bcigiem w G\u0142ogowie Ma\u0142opolskim obok Rzeszowa, po czym przenosimy si\u0119 na pog\u00f3rze rzeszowsko-strzy\u017cowskie, gdzie b\u0119dzie na was czeka\u0107 ci\u0119\u017csza, ale umiarkowana przygoda. W trakcie sezonu, jeden z wy\u015bcig\u00f3w Proziak Gravel zast\u0105pili\u015bmy zmodyfikowan\u0105 tras\u0105 w Bieszczadach. Czwarty z nich to r\u00f3wnie\u017c bieszczadzko-przemyska gonitwa po lokalnych g\u00f3rskich szutrach i asfaltach. Ko\u0144czymy najtrudniejszym wy\u015bcigiem w Beskidzie Niskim, gdzie otrzymamy pi\u0119kne tereny i doskan\u0142e trasy g\u00f3rskie.[\/vc_column_text][vc_empty_space height=&#8221;20px&#8221;][\/vc_column][vc_column padding_size=&#8221;l-padding&#8221; width=&#8221;1\/2&#8243;][wyde_progress_bar title=&#8221;G\u0142og\u00f3w Ma\u0142opolski&#8221; value=&#8221;50&#8243; unit=&#8221;%&#8221; color=&#8221;#B9FF00&#8243;][wyde_progress_bar title=&#8221;Pstr\u0105gowa&#8221; value=&#8221;65&#8243; unit=&#8221;%&#8221; color=&#8221;#ffd300&#8243;][wyde_progress_bar title=&#8221;Lutowiska&#8221; value=&#8221;80&#8243; unit=&#8221;%&#8221; color=&#8221;#FF8400&#8243;][wyde_progress_bar title=&#8221;Gr\u0105ziowa&#8221; value=&#8221;75&#8243; unit=&#8221;%&#8221; color=&#8221;#FF6900&#8243;][wyde_progress_bar title=&#8221;Krempna&#8221; value=&#8221;90&#8243; unit=&#8221;%&#8221; color=&#8221;#FF0000&#8243;][\/vc_column][\/vc_row][vc_row row_style=&#8221;full-width&#8221; padding_size=&#8221;m-padding&#8221;][vc_column text_align=&#8221;center&#8221; width=&#8221;1\/2&#8243;][vc_single_image image=&#8221;1500&#8243; css=&#8221;.vc_custom_1737641771446{margin-top: -70px !important;}&#8221; animation=&#8221;fadeInUp&#8221;][\/vc_column][vc_column width=&#8221;1\/2&#8243;][vc_custom_heading text=&#8221;BBTracker to jeden z najbardziej zaawansowanych i niezawodnych system\u00f3w \u015bledzenia zawodnik\u00f3w w Polsce, kt\u00f3ry gwarantuje najwy\u017csz\u0105 jako\u015b\u0107 i precyzj\u0119 w monitorowaniu rywalizacji sportowej.&#8221; font_container=&#8221;tag:p|font_size:24px|text_align:left|line_height:36px&#8221; google_fonts=&#8221;font_family:Lato%3A100%2C100italic%2C300%2C300italic%2Cregular%2Citalic%2C700%2C700italic%2C900%2C900italic|font_style:300%20light%20regular%3A300%3Anormal&#8221; css=&#8221;.vc_custom_1737641942647{padding-right: 5% !important;padding-left: 5% !important;}&#8221;][vc_column_text css=&#8221;.vc_custom_1737642073139{padding-right: 5% !important;padding-left: 5% !important;}&#8221;]BBTracker to system, kt\u00f3ry cieszy si\u0119 zaufaniem organizator\u00f3w wy\u015bcig\u00f3w w ca\u0142ej Polsce, a jego niezawodno\u015b\u0107 i szybko\u015b\u0107 sprawiaj\u0105, \u017ce jest to idealne rozwi\u0105zanie do obs\u0142ugi wy\u015bcig\u00f3w Subcarpathian Gravel Race. Z BBTracker ka\u017cdy zawodnik b\u0119dzie \u015bledzony na ka\u017cdym etapie rywalizacji, a organizatorzy b\u0119d\u0105 mogli skupi\u0107 si\u0119 na zapewnieniu doskona\u0142ej atmosfery i p\u0142ynnej organizacji wy\u015bcigu.[\/vc_column_text][\/vc_column][\/vc_row][vc_row row_style=&#8221;full-width&#8221; text_style=&#8221;light&#8221; padding_size=&#8221;xl-padding&#8221; background_color=&#8221;#2d2f2c&#8221; bg_image_url=&#8221;http:\/\/sgseries.com\/wp-content\/uploads\/2025\/01\/ocho-1-150&#215;150.jpg&#8221; background_image=&#8221;1522&#8243;][vc_column padding_size=&#8221;l-padding&#8221; width=&#8221;5\/6&#8243; css=&#8221;.vc_custom_1436063873259{padding-top: 0px !important;padding-bottom: 0px !important;}&#8221;][vc_custom_heading text=&#8221;CO ZNAJDZIESZ NA NASZYCH WY\u015aCIGACH?&#8221; font_container=&#8221;tag:h6|font_size:3vw|text_align:left|color:%23B9FF00&#8243; google_fonts=&#8221;font_family:Montserrat%3Aregular%2C700|font_style:700%20bold%20regular%3A700%3Anormal&#8221; animation=&#8221;bounceIn&#8221;][vc_custom_heading text=&#8221;Subcarpathian Gravel Series to nie tylko wy\u015bcigi, to prawdziwe \u015bwi\u0119to kolarstwa, kt\u00f3re przyci\u0105ga pasjonat\u00f3w gravelowych przyg\u00f3d z ca\u0142ej Polski! W SGS liczy si\u0119 nie tylko sportowa rywalizacja, ale tak\u017ce \u015bwietna atmosfera, doskona\u0142a organizacja i emocje, kt\u00f3re towarzysz\u0105 ka\u017cdemu etapowi wy\u015bcigu.&#8221; font_container=&#8221;tag:p|font_size:24px|text_align:left|color:%23ffffff|line_height:38px&#8221; google_fonts=&#8221;font_family:Lato%3A100%2C100italic%2C300%2C300italic%2Cregular%2Citalic%2C700%2C700italic%2C900%2C900italic|font_style:300%20light%20regular%3A300%3Anormal&#8221; animation=&#8221;bounceIn&#8221;][vc_empty_space][vc_row_inner][vc_column_inner width=&#8221;1\/2&#8243;][wyde_info_box title=&#8221;Doskona\u0142e miejsca start\/mety&#8221; icon_set=&#8221;fontawesome&#8221; icon_fontawesome=&#8221;fa fa-flag-checkered&#8221; icon_size=&#8221;medium&#8221; icon_position=&#8221;left&#8221; color=&#8221;#B9FF00&#8243; animation=&#8221;bounceInLeft&#8221;]Ka\u017cde miasteczko, w kt\u00f3rym odbywa si\u0119 start i meta wy\u015bcigu SGS, zosta\u0142o starannie wybrane i doskonale zaplanowane. Zadbali\u015bmy o to, aby ka\u017cda lokalizacja by\u0142a nie tylko malownicza, ale r\u00f3wnie\u017c funkcjonalna i dobrze przygotowana pod k\u0105tem logistycznym. Wszyscy uczestnicy mog\u0105 liczy\u0107 na komfortowy i sprawnie dzia\u0142aj\u0105cy punkt startu oraz mety, a tak\u017ce na \u015bwietn\u0105 organizacj\u0119, kt\u00f3ra pozwoli skupi\u0107 si\u0119 na rywalizacji i cieszy\u0107 si\u0119 ka\u017cd\u0105 chwil\u0105 wy\u015bcigu.[\/wyde_info_box][vc_empty_space][wyde_info_box title=&#8221;Idealna atmosfera&#8221; icon_set=&#8221;fontawesome&#8221; icon_fontawesome=&#8221;fa fa-comments-o&#8221; icon_size=&#8221;medium&#8221; icon_position=&#8221;left&#8221; color=&#8221;#B9FF00&#8243; animation=&#8221;bounceInLeft&#8221;]Ka\u017cde miasteczko startu i mety w ramach SGS to miejsce, gdzie panuje wyj\u0105tkowa atmosfera \u2013 pe\u0142na pozytywnej energii, \u015bmiechu i wzajemnego wsparcia. To nie tylko punkt, w kt\u00f3rym zaczynasz i ko\u0144czysz wy\u015bcig, ale tak\u017ce przestrze\u0144, w kt\u00f3rej spotykaj\u0105 si\u0119 pasjonaci gravelowych przyg\u00f3d. Tu ka\u017cdy czuje si\u0119 cz\u0119\u015bci\u0105 jednej wielkiej kolarskiej rodziny, a atmosfera jest lu\u017ana i przyjazna.[\/wyde_info_box][vc_empty_space][wyde_info_box title=&#8221;Nagrody&#8221; icon_set=&#8221;fontawesome&#8221; icon_fontawesome=&#8221;fa fa-gift&#8221; icon_size=&#8221;medium&#8221; icon_position=&#8221;left&#8221; color=&#8221;#B9FF00&#8243; animation=&#8221;bounceInLeft&#8221;]Z ka\u017cdym wy\u015bcigiem prze\u017cywasz niezapomniane chwile na malowniczych trasach Podkarpacia, poznaj\u0105c nowe zak\u0105tki regionu. Co wa\u017cne, dzi\u0119ki partnerowi SGS \u2013 sklepowi rowerowemu <strong>VELOPOINT<\/strong> \u2013 uczestnicy mog\u0105 liczy\u0107 na fantastyczne nagrody! To \u015bwietna okazja, by wygra\u0107 co\u015b wyj\u0105tkowego i przy okazji na\u0142adowa\u0107 baterie pozytywn\u0105 energi\u0105.[\/wyde_info_box][\/vc_column_inner][vc_column_inner width=&#8221;1\/2&#8243;]<br \/>\n[\/vc_column_inner][\/vc_row_inner][\/vc_column][vc_column width=&#8221;1\/6&#8243;][vc_column_text]<br \/>\n[\/vc_column_text][\/vc_column][\/vc_row][vc_row text_style=&#8221;light&#8221; padding_size=&#8221;no-padding&#8221; background_color=&#8221;#8C0073&#8243; css=&#8221;.vc_custom_1737644095680{padding-top: 0px !important;}&#8221;][vc_column text_align=&#8221;center&#8221;][wyde_action_box title=&#8221;PRZEJD\u0179 DO ZAKUPU PAKIET\u00d3W STARTOWYCH&#8221; button_text=&#8221;ZAPISZ SI\u0118&#8221; style=&#8221;round&#8221; size=&#8221;large&#8221; color=&#8221;#FFFFFF&#8221; hover_color=&#8221;#ffffff&#8221; link=&#8221;url:https%3A%2F%2Fproziakgravel.pl%2Fstrona-glowna%2F31-99-pakiet-startowy-proziak400.html%23%2F42-wybierz_wyscigi-glogow_mlp|target:_blank&#8221;][\/wyde_action_box][\/vc_column][\/vc_row]<\/p>\n<\/div>","protected":false},"excerpt":{"rendered":"<p>[vc_row row_style=&#8221;full-width&#8221; vertical_align=&#8221;middle&#8221; padding_size=&#8221;no-padding&#8221;][vc_column text_style=&#8221;light&#8221; text_align=&#8221;center&#8221; background_color=&#8221;#71AA8F&#8221; width=&#8221;1\/5&#8243;][vc_empty_space][vc_single_image image=&#8221;1471&#8243; style=&#8221;circle&#8221; alignment=&#8221;center&#8221; animation_delay=&#8221;1&#8243; css=&#8221;.vc_custom_1737564727658{padding-top: 5% !important;padding-right: 5% !important;padding-bottom: 5% !important;padding-left: 5% !important;}&#8221; animation=&#8221;rotateIn&#8221;][vc_custom_heading text=&#8221;12.04.2025&#8243; font_container=&#8221;tag:h6|font_size:1.5vw|text_align:center|color:%23FFFFFF&#8221; google_fonts=&#8221;font_family:Abel%3Aregular|font_style:400%20regular%3A400%3Anormal&#8221;][vc_custom_heading text=&#8221;G\u0142og\u00f3w Ma\u0142opolski&#8221; font_container=&#8221;tag:p|font_size:22px|text_align:center|color:%23FFFFFF|line_height:28px&#8221; google_fonts=&#8221;font_family:Lato%3A100%2C100italic%2C300%2C300italic%2Cregular%2Citalic%2C700%2C700italic%2C900%2C900italic|font_style:400%20regular%3A400%3Anormal&#8221; css=&#8221;.vc_custom_1737667460054{margin-top: -10px !important;}&#8221;][wyde_separator label_style=&#8221;icon&#8221; icon=&#8221;flora-icon-deer-2&#8243; style=&#8221;dashed&#8221; el_width=&#8221;50%&#8221; color=&#8221;#FFFFFF&#8221; css=&#8221;.vc_custom_1737667485779{margin-top: 10px !important;margin-bottom: 20px !important;}&#8221;][wyde_link_button title=&#8221;Zapisz si\u0119&#8221; link=&#8221;url:https%3A%2F%2Fsgseries.com%2Findex.php%2Fglogow%2F&#8221;][vc_empty_space][\/vc_column][vc_column text_style=&#8221;light&#8221; text_align=&#8221;center&#8221; background_color=&#8221;#095586&#8243; width=&#8221;1\/5&#8243;][vc_empty_space][vc_single_image image=&#8221;1470&#8243; style=&#8221;circle&#8221; alignment=&#8221;center&#8221; animation_delay=&#8221;1.5&#8243; css=&#8221;.vc_custom_1737636797423{padding-top: 5% [&hellip;]<\/p>\n","protected":false},"author":1,"featured_media":0,"parent":0,"menu_order":0,"comment_status":"open","ping_status":"closed","template":"","meta":{"footnotes":""},"class_list":["post-1702","page","type-page","status-publish","hentry"],"_links":{"self":[{"href":"https:\/\/proziakgravel.com\/index.php\/wp-json\/wp\/v2\/pages\/1702","targetHints":{"allow":["GET"]}}],"collection":[{"href":"https:\/\/proziakgravel.com\/index.php\/wp-json\/wp\/v2\/pages"}],"about":[{"href":"https:\/\/proziakgravel.com\/index.php\/wp-json\/wp\/v2\/types\/page"}],"author":[{"embeddable":true,"href":"https:\/\/proziakgravel.com\/index.php\/wp-json\/wp\/v2\/users\/1"}],"replies":[{"embeddable":true,"href":"https:\/\/proziakgravel.com\/index.php\/wp-json\/wp\/v2\/comments?post=1702"}],"version-history":[{"count":0,"href":"https:\/\/proziakgravel.com\/index.php\/wp-json\/wp\/v2\/pages\/1702\/revisions"}],"wp:attachment":[{"href":"https:\/\/proziakgravel.com\/index.php\/wp-json\/wp\/v2\/media?parent=1702"}],"curies":[{"name":"wp","href":"https:\/\/api.w.org\/{rel}","templated":true}]}}