{"id":1692,"date":"2025-01-27T17:36:51","date_gmt":"2025-01-27T17:36:51","guid":{"rendered":"https:\/\/sgseries.com\/?page_id=1692"},"modified":"2025-02-06T17:24:43","modified_gmt":"2025-02-06T17:24:43","slug":"lista-startowa-proziak-2025","status":"publish","type":"page","link":"https:\/\/proziakgravel.com\/index.php\/lista-startowa-proziak-2025\/","title":{"rendered":"LISTA STARTOWA PROZIAK 2025"},"content":{"rendered":"<div class=\"wpb-content-wrapper\"><p>[vc_row][vc_column][vc_column_text]<h2 id=\"tablepress-1-name\" class=\"tablepress-table-name tablepress-table-name-id-1\">LISTA STARTOWA PROZIAK GRAVEL 2025<\/h2>\n<span id=\"tablepress-1-description\" class=\"tablepress-table-description tablepress-table-description-id-1\">Tabela aktualizowana co najmniej dwa razy w tygodniu. Je\u015bli nie ma ci\u0119 na li\u015bcie, nie przejmuj si\u0119, niebawem ci\u0119 dodamy \ud83d\ude42<br \/>\n<br \/>\nUWAGA! Uczestnicy PROZIAK100 (czyli SG SERIES LUTOWISKA) znajduj\u0105 si\u0119 na li\u015bcie startowej na sgseries.com.<br \/>\n<br \/>\n<\/span>\n\n<table id=\"tablepress-1\" class=\"tablepress tablepress-id-1\" aria-labelledby=\"tablepress-1-name\" aria-describedby=\"tablepress-1-description\">\n<thead>\n<tr class=\"row-1\">\n\t<th class=\"column-1\">Piotr Nizio<\/th><th class=\"column-2\">Proziak 300<\/th><th class=\"column-3\"><\/th>\n<\/tr>\n<\/thead>\n<tbody class=\"row-striping row-hover\">\n<tr class=\"row-2\">\n\t<td class=\"column-1\">Wojciech Podlejski<\/td><td class=\"column-2\">Proziak 300<\/td><td class=\"column-3\"><\/td>\n<\/tr>\n<tr class=\"row-3\">\n\t<td class=\"column-1\">Damian Grze\u015bkiewicz<\/td><td class=\"column-2\">Proziak 300<\/td><td class=\"column-3\">NaNich!<\/td>\n<\/tr>\n<tr class=\"row-4\">\n\t<td class=\"column-1\">Kamil Niewi\u0144ski<\/td><td class=\"column-2\">Proziak 300<\/td><td class=\"column-3\"><\/td>\n<\/tr>\n<tr class=\"row-5\">\n\t<td class=\"column-1\">Ireneusz Wrzo\u0142ek<\/td><td class=\"column-2\">Proziak 300<\/td><td class=\"column-3\"><\/td>\n<\/tr>\n<tr class=\"row-6\">\n\t<td class=\"column-1\">Kamil Wnuk<\/td><td class=\"column-2\">Proziak 300<\/td><td class=\"column-3\"><\/td>\n<\/tr>\n<tr class=\"row-7\">\n\t<td class=\"column-1\">Marcin Farian<\/td><td class=\"column-2\">Proziak 300<\/td><td class=\"column-3\"><\/td>\n<\/tr>\n<tr class=\"row-8\">\n\t<td class=\"column-1\">Mateusz \u0141odzi\u0144ski<\/td><td class=\"column-2\">Proziak 300<\/td><td class=\"column-3\"><\/td>\n<\/tr>\n<tr class=\"row-9\">\n\t<td class=\"column-1\">Pawe\u0142 Bednarski<\/td><td class=\"column-2\">Proziak 300<\/td><td class=\"column-3\"><\/td>\n<\/tr>\n<tr class=\"row-10\">\n\t<td class=\"column-1\">Kamil Polak\u00f3w<\/td><td class=\"column-2\">Proziak 300<\/td><td class=\"column-3\"><\/td>\n<\/tr>\n<tr class=\"row-11\">\n\t<td class=\"column-1\">Micha\u0142 Poci\u0119giel<\/td><td class=\"column-2\">Proziak 300<\/td><td class=\"column-3\">Klub Skawina Biega<\/td>\n<\/tr>\n<tr class=\"row-12\">\n\t<td class=\"column-1\">Marcin Gamza<\/td><td class=\"column-2\">Proziak 300<\/td><td class=\"column-3\"><\/td>\n<\/tr>\n<tr class=\"row-13\">\n\t<td class=\"column-1\">S\u0142awomir Dudek<\/td><td class=\"column-2\">Proziak 300<\/td><td class=\"column-3\">Szpital Psychiatryczny<\/td>\n<\/tr>\n<tr class=\"row-14\">\n\t<td class=\"column-1\">Jacek Szpakowski<\/td><td class=\"column-2\">Proziak 300<\/td><td class=\"column-3\">Szpital Psychiatryczny<\/td>\n<\/tr>\n<tr class=\"row-15\">\n\t<td class=\"column-1\">Tomasz Kompa<\/td><td class=\"column-2\">Proziak 300<\/td><td class=\"column-3\"><\/td>\n<\/tr>\n<tr class=\"row-16\">\n\t<td class=\"column-1\">Radoslaw Jodko<\/td><td class=\"column-2\">Proziak 300<\/td><td class=\"column-3\">RRJ Group<\/td>\n<\/tr>\n<tr class=\"row-17\">\n\t<td class=\"column-1\">Konrad No\u017cewski<\/td><td class=\"column-2\">Proziak 300<\/td><td class=\"column-3\"><\/td>\n<\/tr>\n<tr class=\"row-18\">\n\t<td class=\"column-1\">Igor Szyma\u0144ski<\/td><td class=\"column-2\">Proziak 300<\/td><td class=\"column-3\">\u015aWIE\u017bO\u015a\u0106 W KROKU<\/td>\n<\/tr>\n<tr class=\"row-19\">\n\t<td class=\"column-1\">Piotr Grzyb<\/td><td class=\"column-2\">Proziak 300<\/td><td class=\"column-3\"><\/td>\n<\/tr>\n<tr class=\"row-20\">\n\t<td class=\"column-1\">Micha\u0142 Kierus<\/td><td class=\"column-2\">Proziak 300<\/td><td class=\"column-3\"><\/td>\n<\/tr>\n<tr class=\"row-21\">\n\t<td class=\"column-1\">Adam Dobroczek<\/td><td class=\"column-2\">Proziak 300<\/td><td class=\"column-3\"><\/td>\n<\/tr>\n<tr class=\"row-22\">\n\t<td class=\"column-1\">Rafa\u0142 Narloch<\/td><td class=\"column-2\">Proziak 300<\/td><td class=\"column-3\"><\/td>\n<\/tr>\n<tr class=\"row-23\">\n\t<td class=\"column-1\">Pawe\u0142 Kr\u00f3l<\/td><td class=\"column-2\">Proziak 300<\/td><td class=\"column-3\"><\/td>\n<\/tr>\n<tr class=\"row-24\">\n\t<td class=\"column-1\">Paulina Kwiatkowska<\/td><td class=\"column-2\">Proziak 300<\/td><td class=\"column-3\">Bokser Team<\/td>\n<\/tr>\n<tr class=\"row-25\">\n\t<td class=\"column-1\">S\u0142awomir Tomaszewski<\/td><td class=\"column-2\">Proziak 300<\/td><td class=\"column-3\">Bokser Team<\/td>\n<\/tr>\n<tr class=\"row-26\">\n\t<td class=\"column-1\">Bart\u0142omiej Misztal<\/td><td class=\"column-2\">Proziak 300<\/td><td class=\"column-3\"><\/td>\n<\/tr>\n<tr class=\"row-27\">\n\t<td class=\"column-1\">DAMIAN KOSELSKI<\/td><td class=\"column-2\">Proziak 300<\/td><td class=\"column-3\"><\/td>\n<\/tr>\n<tr class=\"row-28\">\n\t<td class=\"column-1\">Marcin S\u00f3jka<\/td><td class=\"column-2\">Proziak 300<\/td><td class=\"column-3\">ROSO\u0141Y TEAM<\/td>\n<\/tr>\n<tr class=\"row-29\">\n\t<td class=\"column-1\">Jaros\u0142aw Marek Janusz<\/td><td class=\"column-2\">Proziak 300<\/td><td class=\"column-3\">ROSO\u0141Y TEAM<\/td>\n<\/tr>\n<tr class=\"row-30\">\n\t<td class=\"column-1\">Piotr Roksela<\/td><td class=\"column-2\">Proziak 300<\/td><td class=\"column-3\"><\/td>\n<\/tr>\n<tr class=\"row-31\">\n\t<td class=\"column-1\">Wojciech Glapi\u0144ski<\/td><td class=\"column-2\">Proziak 300<\/td><td class=\"column-3\">Niech To Szlak<\/td>\n<\/tr>\n<tr class=\"row-32\">\n\t<td class=\"column-1\">Bartosz Kowalczyk<\/td><td class=\"column-2\">Proziak 300<\/td><td class=\"column-3\"><\/td>\n<\/tr>\n<tr class=\"row-33\">\n\t<td class=\"column-1\">Przemys\u0142aw Tyrlik<\/td><td class=\"column-2\">Proziak 300<\/td><td class=\"column-3\"><\/td>\n<\/tr>\n<tr class=\"row-34\">\n\t<td class=\"column-1\">Micha\u0142 Wypychowski<\/td><td class=\"column-2\">Proziak 300<\/td><td class=\"column-3\">Triton Konin<\/td>\n<\/tr>\n<tr class=\"row-35\">\n\t<td class=\"column-1\">Rados\u0142aw Wypychowski<\/td><td class=\"column-2\">Proziak 300<\/td><td class=\"column-3\">Triton Konin<\/td>\n<\/tr>\n<tr class=\"row-36\">\n\t<td class=\"column-1\">Szymek Jasion<\/td><td class=\"column-2\">Proziak 300<\/td><td class=\"column-3\">PAK.IN<\/td>\n<\/tr>\n<tr class=\"row-37\">\n\t<td class=\"column-1\">Piotr Wierzbowski<\/td><td class=\"column-2\">Proziak 300<\/td><td class=\"column-3\">Rezerwatprzygody.pl<\/td>\n<\/tr>\n<tr class=\"row-38\">\n\t<td class=\"column-1\">Jakub Jakubowski<\/td><td class=\"column-2\">Proziak 300<\/td><td class=\"column-3\"><\/td>\n<\/tr>\n<tr class=\"row-39\">\n\t<td class=\"column-1\">Piotr Stawarz<\/td><td class=\"column-2\">Proziak 300<\/td><td class=\"column-3\"><\/td>\n<\/tr>\n<tr class=\"row-40\">\n\t<td class=\"column-1\">Daniel Du\u015bko<\/td><td class=\"column-2\">Proziak 300<\/td><td class=\"column-3\"><\/td>\n<\/tr>\n<tr class=\"row-41\">\n\t<td class=\"column-1\">Piotr Wo\u017any<\/td><td class=\"column-2\">Proziak 300<\/td><td class=\"column-3\"><\/td>\n<\/tr>\n<tr class=\"row-42\">\n\t<td class=\"column-1\">Grzegorz Doniec<\/td><td class=\"column-2\">Proziak 300<\/td><td class=\"column-3\"><\/td>\n<\/tr>\n<tr class=\"row-43\">\n\t<td class=\"column-1\">Eneko Santesteban Elizalde<\/td><td class=\"column-2\">Proziak 300<\/td><td class=\"column-3\"><\/td>\n<\/tr>\n<tr class=\"row-44\">\n\t<td class=\"column-1\">Rafa\u0142 Tomaszewski<\/td><td class=\"column-2\">Proziak 300<\/td><td class=\"column-3\"><\/td>\n<\/tr>\n<tr class=\"row-45\">\n\t<td class=\"column-1\">Micha\u0142 Czernecki<\/td><td class=\"column-2\">Proziak 300<\/td><td class=\"column-3\">Szpital Psychiatryczny<\/td>\n<\/tr>\n<tr class=\"row-46\">\n\t<td class=\"column-1\">Mariusz Skwarczak<\/td><td class=\"column-2\">Proziak 300<\/td><td class=\"column-3\">VeloGD<\/td>\n<\/tr>\n<tr class=\"row-47\">\n\t<td class=\"column-1\">Pawe\u0142 Urban<\/td><td class=\"column-2\">Proziak 300<\/td><td class=\"column-3\"><\/td>\n<\/tr>\n<tr class=\"row-48\">\n\t<td class=\"column-1\">Marek Lenarciak<\/td><td class=\"column-2\">Proziak 300<\/td><td class=\"column-3\"><\/td>\n<\/tr>\n<tr class=\"row-49\">\n\t<td class=\"column-1\">Miros\u0142aw B\u0105kiewicz<\/td><td class=\"column-2\">Proziak 300<\/td><td class=\"column-3\"><\/td>\n<\/tr>\n<tr class=\"row-50\">\n\t<td class=\"column-1\">Wojciech Siwek<\/td><td class=\"column-2\">Proziak 300<\/td><td class=\"column-3\"><\/td>\n<\/tr>\n<tr class=\"row-51\">\n\t<td class=\"column-1\">Magda Artym<\/td><td class=\"column-2\">Proziak 300<\/td><td class=\"column-3\"><\/td>\n<\/tr>\n<tr class=\"row-52\">\n\t<td class=\"column-1\">Patryk Wasik<\/td><td class=\"column-2\">Proziak 300<\/td><td class=\"column-3\"><\/td>\n<\/tr>\n<tr class=\"row-53\">\n\t<td class=\"column-1\">Szymon Bartu\u015b<\/td><td class=\"column-2\">Proziak 300<\/td><td class=\"column-3\"><\/td>\n<\/tr>\n<tr class=\"row-54\">\n\t<td class=\"column-1\">Patryk Jawie\u0144<\/td><td class=\"column-2\">Proziak 300<\/td><td class=\"column-3\"><\/td>\n<\/tr>\n<tr class=\"row-55\">\n\t<td class=\"column-1\">Bartosz Grzegorzyca<\/td><td class=\"column-2\">Proziak 300<\/td><td class=\"column-3\"><\/td>\n<\/tr>\n<tr class=\"row-56\">\n\t<td class=\"column-1\">Jakub Szymanski<\/td><td class=\"column-2\">Proziak 300<\/td><td class=\"column-3\"><\/td>\n<\/tr>\n<tr class=\"row-57\">\n\t<td class=\"column-1\">Serhii Bohun<\/td><td class=\"column-2\">Proziak 300<\/td><td class=\"column-3\"><\/td>\n<\/tr>\n<tr class=\"row-58\">\n\t<td class=\"column-1\">Hubert Mi\u015bkiewicz<\/td><td class=\"column-2\">Proziak 300<\/td><td class=\"column-3\"><\/td>\n<\/tr>\n<tr class=\"row-59\">\n\t<td class=\"column-1\">\u0141ukasz Ku\u015b<\/td><td class=\"column-2\">Proziak 500<\/td><td class=\"column-3\"><\/td>\n<\/tr>\n<tr class=\"row-60\">\n\t<td class=\"column-1\">Jaros\u0142aw Pi\u0142ka<\/td><td class=\"column-2\">Proziak 500<\/td><td class=\"column-3\">Truchtacz.pl<\/td>\n<\/tr>\n<tr class=\"row-61\">\n\t<td class=\"column-1\">Dawid Bie\u0144kowski<\/td><td class=\"column-2\">Proziak 500<\/td><td class=\"column-3\"><\/td>\n<\/tr>\n<tr class=\"row-62\">\n\t<td class=\"column-1\">Piotr Uhruski<\/td><td class=\"column-2\">Proziak 500<\/td><td class=\"column-3\"><\/td>\n<\/tr>\n<tr class=\"row-63\">\n\t<td class=\"column-1\">Dawid Masny<\/td><td class=\"column-2\">Proziak 500<\/td><td class=\"column-3\">Truchtacz.pl<\/td>\n<\/tr>\n<tr class=\"row-64\">\n\t<td class=\"column-1\">Monika Rulak<\/td><td class=\"column-2\">Proziak 500<\/td><td class=\"column-3\"><\/td>\n<\/tr>\n<tr class=\"row-65\">\n\t<td class=\"column-1\">Kacper Rulak<\/td><td class=\"column-2\">Proziak 500<\/td><td class=\"column-3\"><\/td>\n<\/tr>\n<tr class=\"row-66\">\n\t<td class=\"column-1\">Tomasz Ko\u015b\u0107<\/td><td class=\"column-2\">Proziak 500<\/td><td class=\"column-3\"><\/td>\n<\/tr>\n<tr class=\"row-67\">\n\t<td class=\"column-1\">Bart\u0142omiej Juszczak<\/td><td class=\"column-2\">Proziak 500<\/td><td class=\"column-3\">Prywatny Klub \u017bubra<\/td>\n<\/tr>\n<tr class=\"row-68\">\n\t<td class=\"column-1\">Damian Wrona<\/td><td class=\"column-2\">Proziak 500<\/td><td class=\"column-3\">Prywatny Klub \u017bubra<\/td>\n<\/tr>\n<tr class=\"row-69\">\n\t<td class=\"column-1\">Micha\u0142 Szyma\u0144ski<\/td><td class=\"column-2\">Proziak 500<\/td><td class=\"column-3\">Gravelowa \u015broda<\/td>\n<\/tr>\n<tr class=\"row-70\">\n\t<td class=\"column-1\">Damian Buras<\/td><td class=\"column-2\">Proziak 500<\/td><td class=\"column-3\"><\/td>\n<\/tr>\n<tr class=\"row-71\">\n\t<td class=\"column-1\">\u0141ukasz \u015awiat<\/td><td class=\"column-2\">Proziak 500<\/td><td class=\"column-3\"><\/td>\n<\/tr>\n<tr class=\"row-72\">\n\t<td class=\"column-1\">Adrian Kuci\u0119ba<\/td><td class=\"column-2\">Proziak 500<\/td><td class=\"column-3\">Gravelowa \u015aroda<\/td>\n<\/tr>\n<tr class=\"row-73\">\n\t<td class=\"column-1\">Krzysztof Wa\u015bci\u0144ski<\/td><td class=\"column-2\">Proziak 500<\/td><td class=\"column-3\">Stan Przedzawa\u0142owy<\/td>\n<\/tr>\n<tr class=\"row-74\">\n\t<td class=\"column-1\">Grzegorz Zwierz<\/td><td class=\"column-2\">Proziak 500<\/td><td class=\"column-3\"><\/td>\n<\/tr>\n<tr class=\"row-75\">\n\t<td class=\"column-1\">Dariusz Szafran<\/td><td class=\"column-2\">Proziak 500<\/td><td class=\"column-3\"><\/td>\n<\/tr>\n<tr class=\"row-76\">\n\t<td class=\"column-1\">Mateusz K\u0142apa<\/td><td class=\"column-2\">Proziak 500<\/td><td class=\"column-3\"><\/td>\n<\/tr>\n<tr class=\"row-77\">\n\t<td class=\"column-1\">Bart\u0142omiej Brus<\/td><td class=\"column-2\">Proziak 500<\/td><td class=\"column-3\">Z\u0142a pogoda na rower<\/td>\n<\/tr>\n<tr class=\"row-78\">\n\t<td class=\"column-1\">Andrzej Wysoki\u0144ski<\/td><td class=\"column-2\">Proziak 500<\/td><td class=\"column-3\"><\/td>\n<\/tr>\n<tr class=\"row-79\">\n\t<td class=\"column-1\">Micha\u0142 Kurtys<\/td><td class=\"column-2\">Proziak 500<\/td><td class=\"column-3\">Ta\u0144cz\u0105cy z B\u0142otami<\/td>\n<\/tr>\n<tr class=\"row-80\">\n\t<td class=\"column-1\">Daniel Glajc<\/td><td class=\"column-2\">Proziak 500<\/td><td class=\"column-3\">Ta\u0144cz\u0105cy z B\u0142otami<\/td>\n<\/tr>\n<tr class=\"row-81\">\n\t<td class=\"column-1\">Marta Popiel<\/td><td class=\"column-2\">Proziak 500<\/td><td class=\"column-3\"><\/td>\n<\/tr>\n<tr class=\"row-82\">\n\t<td class=\"column-1\">Roman Drzewek<\/td><td class=\"column-2\">Proziak 500<\/td><td class=\"column-3\">Ram\u0119 na Rami\u0119<\/td>\n<\/tr>\n<tr class=\"row-83\">\n\t<td class=\"column-1\">Bartosz Szuban<\/td><td class=\"column-2\">Proziak 500<\/td><td class=\"column-3\"><\/td>\n<\/tr>\n<tr class=\"row-84\">\n\t<td class=\"column-1\">Mateusz Sokalski<\/td><td class=\"column-2\">Proziak 500<\/td><td class=\"column-3\"><\/td>\n<\/tr>\n<tr class=\"row-85\">\n\t<td class=\"column-1\">Bartosz Tomczyk<\/td><td class=\"column-2\">Proziak 500<\/td><td class=\"column-3\"><\/td>\n<\/tr>\n<tr class=\"row-86\">\n\t<td class=\"column-1\">Radek Jura\u015b<\/td><td class=\"column-2\">Proziak 500<\/td><td class=\"column-3\"><\/td>\n<\/tr>\n<tr class=\"row-87\">\n\t<td class=\"column-1\">Grzegorz Kulik<\/td><td class=\"column-2\">Proziak 500<\/td><td class=\"column-3\"><\/td>\n<\/tr>\n<tr class=\"row-88\">\n\t<td class=\"column-1\">Bartosz \u0141atecki<\/td><td class=\"column-2\">Proziak 500<\/td><td class=\"column-3\"><\/td>\n<\/tr>\n<tr class=\"row-89\">\n\t<td class=\"column-1\">Micha\u0142 Klisowski<\/td><td class=\"column-2\">Proziak 500<\/td><td class=\"column-3\"><\/td>\n<\/tr>\n<tr class=\"row-90\">\n\t<td class=\"column-1\">Tomasz Ho\u0142odniak<\/td><td class=\"column-2\">Proziak 500<\/td><td class=\"column-3\"><\/td>\n<\/tr>\n<tr class=\"row-91\">\n\t<td class=\"column-1\">Agnieszka Skrzypek<\/td><td class=\"column-2\">Proziak 300<\/td><td class=\"column-3\">Poszukiwacze Przyg\u00f3d<\/td>\n<\/tr>\n<tr class=\"row-92\">\n\t<td class=\"column-1\">Agnieszka Skrzypek 2<\/td><td class=\"column-2\">Proziak 300<\/td><td class=\"column-3\">Poszukiwacze Przyg\u00f3d<\/td>\n<\/tr>\n<tr class=\"row-93\">\n\t<td class=\"column-1\">Piotr Majewski<\/td><td class=\"column-2\">Proziak 300<\/td><td class=\"column-3\"><\/td>\n<\/tr>\n<\/tbody>\n<\/table>\n<!-- #tablepress-1 from cache -->[\/vc_column_text][\/vc_column][\/vc_row]<\/p>\n<\/div>","protected":false},"excerpt":{"rendered":"<p>[vc_row][vc_column][vc_column_text][\/vc_column_text][\/vc_column][\/vc_row]<\/p>\n","protected":false},"author":1,"featured_media":0,"parent":0,"menu_order":0,"comment_status":"closed","ping_status":"closed","template":"","meta":{"footnotes":""},"class_list":["post-1692","page","type-page","status-publish","hentry"],"_links":{"self":[{"href":"https:\/\/proziakgravel.com\/index.php\/wp-json\/wp\/v2\/pages\/1692","targetHints":{"allow":["GET"]}}],"collection":[{"href":"https:\/\/proziakgravel.com\/index.php\/wp-json\/wp\/v2\/pages"}],"about":[{"href":"https:\/\/proziakgravel.com\/index.php\/wp-json\/wp\/v2\/types\/page"}],"author":[{"embeddable":true,"href":"https:\/\/proziakgravel.com\/index.php\/wp-json\/wp\/v2\/users\/1"}],"replies":[{"embeddable":true,"href":"https:\/\/proziakgravel.com\/index.php\/wp-json\/wp\/v2\/comments?post=1692"}],"version-history":[{"count":1,"href":"https:\/\/proziakgravel.com\/index.php\/wp-json\/wp\/v2\/pages\/1692\/revisions"}],"predecessor-version":[{"id":1772,"href":"https:\/\/proziakgravel.com\/index.php\/wp-json\/wp\/v2\/pages\/1692\/revisions\/1772"}],"wp:attachment":[{"href":"https:\/\/proziakgravel.com\/index.php\/wp-json\/wp\/v2\/media?parent=1692"}],"curies":[{"name":"wp","href":"https:\/\/api.w.org\/{rel}","templated":true}]}}