{"id":1645,"date":"2025-01-23T22:48:30","date_gmt":"2025-01-23T22:48:30","guid":{"rendered":"https:\/\/sgseries.com\/?page_id=1645"},"modified":"2025-04-16T12:18:07","modified_gmt":"2025-04-16T12:18:07","slug":"regulamin","status":"publish","type":"page","link":"https:\/\/proziakgravel.com\/index.php\/regulamin\/","title":{"rendered":"REGULAMIN"},"content":{"rendered":"<h1><strong>REGULAMIN\u00a0PROZIAK GRAVEL 2025<\/strong><\/h1>\n<p lang=\"pl-pl\" xml:lang=\"pl-pl\">PROZIAK GRAVEL 2024 jest ultra\u00a0rajdem rowerowym przeznaczonym dla ka\u017cdej osoby chc\u0105cej spr\u00f3bowa\u0107 swoich si\u0142 w wy\u015bcigach d\u0142ugodystansowych. Wymaganiem jest bardzo dobre przygotowanie fizyczne oraz du\u017ce do\u015bwiadczenie w je\u017adzie na rowerze. Celem rajdu jest propagowanie zdrowego trybu \u017cycia oraz aktywnych form wypoczynku i rekreacji, jak r\u00f3wnie\u017c popularyzacja kolarstwa turystycznego oraz sp\u0119dzania wolnego czasu je\u017cd\u017c\u0105c na rowerze. Wa\u017cnym jest promocja turystyczna Bieszczad\u00f3w, gmin i powiat\u00f3w wojew\u00f3dztwa podkarpackiego oraz mieszcz\u0105cych si\u0119 na nim szlak\u00f3w i dr\u00f3g rowerowych. Przedstawienie walor\u00f3w \u015brodowiska lokalnego w\u015br\u00f3d uczestnik\u00f3w rajdu spoza wojew\u00f3dztwa podkarpackiego.<\/p>\n<h2 lang=\"pl-pl\" xml:lang=\"pl-pl\">TERMIN I MIEJSCE WYDARZENIA<\/h2>\n<ol>\n<li>\n<p lang=\"pl-pl\" xml:lang=\"pl-pl\">Rajd rowerowy PROZIAK GRAVEL 2025 prowadzony jest na terenie wojew\u00f3dztwa podkarpackiego.<\/p>\n<\/li>\n<li>\n<p lang=\"pl-pl\" xml:lang=\"pl-pl\">Rajd odb\u0119dzie si\u0119 w dniach 19-22 czerwca 2025 roku.<\/p>\n<\/li>\n<li>\n<p lang=\"pl-pl\" xml:lang=\"pl-pl\">Start\u00a0rajdu nast\u0105pi:<br \/>&#8211; SGS\/PROZIAK100 &#8211; 21 czerwca w godzinach porannych<br \/>&#8211; PROZIAK300 &#8211;\u00a020 czerwca w godzinach porannych<br \/>&#8211; PROZIAK500 &#8211; 19 czerwca w godzinach porannych<br \/>Szczeg\u00f3\u0142owe godziny startu zostan\u0105 przekazane uczestnikom najp\u00f3\u017aniej na 3 dni przed startem.<\/p>\n<\/li>\n<\/ol>\n<ol start=\"4\">\n<li>\n<p lang=\"pl-pl\" xml:lang=\"pl-pl\">Rajd odb\u0119dzie si\u0119 bez wzgl\u0119du na panuj\u0105ce warunki atmosferyczne. Organizator zastrzega sobie prawo do odwo\u0142ania rajdu\u00a0w zwi\u0105zku z wyst\u0105pieniem kl\u0119sk \u017cywio\u0142owych lub innych sytuacji uznawanych za dzia\u0142anie \u201esi\u0142y wy\u017cszej\u201d, jak r\u00f3wnie\u017c z uwagi na ograniczenia i zakazy wprowadzone przez organy administracji publicznej.<\/p>\n<\/li>\n<li>\n<p lang=\"pl-pl\" xml:lang=\"pl-pl\">Limit czasowy dla wszystkich uczestnik\u00f3w trasy PROZIAK500 wynosi 84 godziny, Proziak 300 wynosi 60 godzin oraz 10 godzin dla trasy SGS\/PROZIAK100 i liczony jest od momentu startu rajdu (w przypadku startu wsp\u00f3lnego) lub startu zawodnika (start dzielony na ma\u0142e grupy). Czas przejazdu liczony jest od startu do momentu przekroczenia przez uczestnika linii mety.<\/p>\n<\/li>\n<li>\n<p lang=\"pl-pl\" xml:lang=\"pl-pl\">Miejsce startu i mety jest\u00a0Hotel Stanica Kresowa &#8220;CHREPTI\u00d3W&#8221;, Lutowiska 102, 38-713 Lutowiska<\/p>\n<\/li>\n<\/ol>\n<h2 lang=\"pl-pl\" xml:lang=\"pl-pl\">TRASY\u00a0RAJDU<\/h2>\n<ol>\n<li>\n<p lang=\"pl-pl\" xml:lang=\"pl-pl\">Rajd\u00a0odb\u0119dzie si\u0119 w mieszanych warunkach terenowych (r\u00f3\u017cne rodzaje nawierzchni).<\/p>\n<\/li>\n<li>\n<p lang=\"pl-pl\" xml:lang=\"pl-pl\">Trasa PROZIAK500, trasa PROZIAK300 oraz trasa PROZIAK100 wytyczone s\u0105 po drogach asfaltowych, polnych, le\u015bnych i szutrowych.<\/p>\n<\/li>\n<li>\n<p lang=\"pl-pl\" xml:lang=\"pl-pl\">Wyb\u00f3r trasy zawodnicy dokonuj\u0105 poprzez zakup odpowiedniego pakietu startowego na stronie\u00a0<a href=\"https:\/\/proziakgravel.pl\/\">https:\/\/proziakgravel.pl\/13-pakiety-startowe<\/a>.<\/p>\n<\/li>\n<li>\n<p lang=\"pl-pl\" xml:lang=\"pl-pl\">Uczestnicy nie mog\u0105 omija\u0107 \u017cadnego odcinka wyznaczonej przez Organizatora trasy.<\/p>\n<\/li>\n<li>\n<p lang=\"pl-pl\" xml:lang=\"pl-pl\">Dozwolone jest opuszczenie trasy (np. na nocleg), pod warunkiem powrotu w tym samym miejscu, w kt\u00f3rym si\u0119 j\u0105 opu\u015bci\u0142o.<\/p>\n<\/li>\n<li>\n<p lang=\"pl-pl\" xml:lang=\"pl-pl\">Omini\u0119cie wi\u0119cej ni\u017c 1% d\u0142ugo\u015bci trasy (poza przypadkiem korzystania z oficjalnie wyznaczonych przez Organizatora objazd\u00f3w) skutkuje dyskwalifikacj\u0105.<\/p>\n<\/li>\n<li>\n<p lang=\"pl-pl\" xml:lang=\"pl-pl\">W przypadku omini\u0119cia odcinka o d\u0142ugo\u015bci poni\u017cej 1% d\u0142ugo\u015bci trasy, Organizator ma prawo na\u0142o\u017cy\u0107 kar\u0119 czasow\u0105 w wysoko\u015bci 15 minut za ka\u017cdy pomini\u0119ty kilometr \u015bladu.<\/p>\n<\/li>\n<li>\n<p lang=\"pl-pl\" xml:lang=\"pl-pl\">Na trasie przejazdu mog\u0105 wyst\u0119powa\u0107 strome zjazdy i podjazdy lub inne elementy wymagaj\u0105ce dobrych umiej\u0119tno\u015bci jazdy na rowerze.<\/p>\n<\/li>\n<li>\n<p lang=\"pl-pl\" xml:lang=\"pl-pl\">Niedozwolone jest zostawianie na trasach rajdu \u015bmieci, niszczenie przyrody, zrywanie ro\u015blin czy celowe zak\u0142\u00f3canie spokoju zwierz\u0105t. Uczestnicy rajdu powinni szanowa\u0107 \u015brodowisko naturalne, w zwi\u0105zku z powy\u017cszym proszeni s\u0105 o nie zanieczyszczanie trasy. Udowodnione przypadki wyrzucania \u015bmieci na trasie poza miejscami do tego przeznaczonymi b\u0119d\u0105 skutkowa\u0142y dyskwalifikacj\u0105.<\/p>\n<\/li>\n<\/ol>\n<h2 lang=\"pl-pl\" xml:lang=\"pl-pl\">WARUNKI UCZESTNICTWA<\/h2>\n<ol>\n<li>\n<p lang=\"pl-pl\" xml:lang=\"pl-pl\">Rajd przeznaczony jest dla amator\u00f3w turystyki rowerowej o bardzo dobrym przygotowaniu kondycyjnym oraz nabytym do\u015bwiadczeniu podczas d\u0142ugodystansowej jazdy rowerem.<\/p>\n<\/li>\n<li>\n<p lang=\"pl-pl\" xml:lang=\"pl-pl\">Prawo do startu w\u00a0rajdzie maj\u0105 osoby, kt\u00f3re uko\u0144czy\u0142y 18 lat.<\/p>\n<\/li>\n<li>\n<p lang=\"pl-pl\" xml:lang=\"pl-pl\">Udzia\u0142 w\u00a0rajdzie jest dobrowolny.<\/p>\n<\/li>\n<li>\n<p lang=\"pl-pl\" xml:lang=\"pl-pl\">Uczestnicy startuj\u0105 na w\u0142asn\u0105 odpowiedzialno\u015b\u0107.<\/p>\n<\/li>\n<li>\n<p lang=\"pl-pl\" xml:lang=\"pl-pl\">Ka\u017cdy z uczestnik\u00f3w deklaruje, \u017ce w dniu startu\u00a0rajdu nie jest pod wp\u0142ywem \u015brodk\u00f3w zakazanych z listy Polskiej Agencji Antydopingowej oraz \u015awiatowej Agencji Antydopingowej.<\/p>\n<\/li>\n<li>\n<p lang=\"pl-pl\" xml:lang=\"pl-pl\">Uczestnicy mog\u0105 pomaga\u0107 sobie wzajemnie podczas trwania rajdu.<\/p>\n<\/li>\n<li>\n<p lang=\"pl-pl\" xml:lang=\"pl-pl\">Zakazana jest ka\u017cda forma zaplanowanej wcze\u015bniej pomocy z zewn\u0105trz przez osoby nie bior\u0105ce udzia\u0142u w rajdzie.<\/p>\n<\/li>\n<li>\n<p lang=\"pl-pl\" xml:lang=\"pl-pl\">Mo\u017cna dowolnie planowa\u0107 punkty noclegu na trasie pod warunkiem, \u017ce s\u0105 one dost\u0119pne na tych samych zasadach dla wszystkich uczestnik\u00f3w, do wyczerpania miejsc.<\/p>\n<\/li>\n<li>\n<p lang=\"pl-pl\" xml:lang=\"pl-pl\">Nie jest mo\u017cliwy start na rowerach i pojazdach z nap\u0119dem elektrycznym i spalinowym. Start mo\u017cliwy jest wy\u0142\u0105cznie na rowerach nap\u0119dzanych si\u0142\u0105 mi\u0119\u015bni.<\/p>\n<\/li>\n<li>\n<p lang=\"pl-pl\" xml:lang=\"pl-pl\">Uczestnicy zobowi\u0105zani s\u0105 do\u00a0znajomo\u015bci przepis\u00f3w ruchu drogowego oraz stosowania si\u0119 do nich, jak r\u00f3wnie\u017c do wszelkich innych obowi\u0105zuj\u0105cych przepis\u00f3w prawa.<\/p>\n<\/li>\n<li>\n<p lang=\"pl-pl\" xml:lang=\"pl-pl\">Uczestnicy ponosz\u0105 odpowiedzialno\u015b\u0107 cywiln\u0105 i prawn\u0105 za wszystkie szkody przez siebie spowodowane. Organizator\u00a0rajdu rekomenduje posiadanie indywidualnego ubezpieczenia odpowiedzialno\u015bci cywilnej.<\/p>\n<\/li>\n<li>\n<p lang=\"pl-pl\" xml:lang=\"pl-pl\">Organizator oraz wszystkie osoby z nim wsp\u00f3\u0142pracuj\u0105ce, a tak\u017ce osoby zwi\u0105zane z przeprowadzeniem i organizacj\u0105\u00a0rajdu nie ponosz\u0105 odpowiedzialno\u015bci wzgl\u0119dem uczestnik\u00f3w za szkody osobowe, rzeczowe i maj\u0105tkowe, kt\u00f3re wyst\u0105pi\u0105 przed, w trakcie lub po rajdzie. Uczestnik zrzeka si\u0119 wobec organizatora oraz os\u00f3b z nim wsp\u00f3\u0142pracuj\u0105cych wszelkich roszcze\u0144 wynikaj\u0105cych ze zdarze\u0144, kt\u00f3re wyst\u0105pi\u0107 mog\u0105 w zwi\u0105zku z jego udzia\u0142em w rajdzie.<\/p>\n<\/li>\n<\/ol>\n<ol start=\"13\">\n<li>\n<p lang=\"pl-pl\" xml:lang=\"pl-pl\">Rajd\u00a0jest formu\u0142\u0105 ultramaratonu rowerowego. Dopuszcza si\u0119 wzajemn\u0105 pomoc pomi\u0119dzy uczestnikami zawod\u00f3w oraz z mo\u017cliwo\u015bci\u0105 jazdy bez przerwy. Organizator ze wzgl\u0119d\u00f3w bezpiecze\u0144stwa rekomenduje odpoczynek w nocy i jazd\u0119 przy \u015bwietle dziennym.<\/p>\n<\/li>\n<li>\n<p lang=\"pl-pl\" xml:lang=\"pl-pl\">Zabrania si\u0119 korzystania ze wsparcia os\u00f3b spoza grona uczestnik\u00f3w.<\/p>\n<\/li>\n<li>\n<p lang=\"pl-pl\" xml:lang=\"pl-pl\">Przestrzeganie zasad regulaminu jest obowi\u0105zkowe, a ka\u017cdy uczestnik akceptuje Regulamin\u00a0Proziak Gravel 2025 dokonuj\u0105c rejestracji oraz dokonuj\u0105c p\u0142atno\u015bci za uczestnictwo oraz podpisuj\u0105c stosowne o\u015bwiadczenie przed startem.<\/p>\n<\/li>\n<li>Organizatora rajdu nie odpowiada za stan wyznaczonej trasy przejazdu oraz za panuj\u0105ce na niej warunki.<\/li>\n<li>\n<p lang=\"pl-pl\" xml:lang=\"pl-pl\">Uczestnictwo w rajdzie wi\u0105\u017ce si\u0119 z du\u017cym obci\u0105\u017ceniem fizycznymi skutkowa\u0107 mo\u017ce uszkodzeniem cia\u0142a, rozstrojem zdrowia oraz innymi negatywnymi konsekwencjami w sferze zdrowotnej, kt\u00f3re zwi\u0105zane s\u0105 z uprawianiem sport\u00f3w ekstremalnych. Organizator nie ponosi odpowiedzialno\u015bci za powy\u017csze, a Uczestnik o\u015bwiadcza, \u017ce jego stan zdrowia pozwala na bezpieczne uczestnictwo w rajdzie.<\/p>\n<\/li>\n<\/ol>\n<h2 lang=\"pl-pl\" xml:lang=\"pl-pl\">POMIAR CZASU<\/h2>\n<ol>\n<li>\n<p lang=\"pl-pl\" xml:lang=\"pl-pl\">Uczestnicy rajdu wyposa\u017ceni zostaj\u0105 w nadajnik GPS, dostarczony przez Organizatora, kt\u00f3ry b\u0119dzie \u015bledzi\u0142 jego pozycj\u0119 na trasie przez ca\u0142y czas trwania rajdu.<\/p>\n<\/li>\n<li>\n<p lang=\"pl-pl\" xml:lang=\"pl-pl\">\u015aledzenie pozycji zawodnik\u00f3w b\u0119dzie mo\u017cliwe poprzez stron\u0119 internetow\u0105 i b\u0119dzie mie\u0107 charakter og\u00f3lnodost\u0119pny dla wszystkich u\u017cytkownik\u00f3w.<\/p>\n<\/li>\n<li>\n<p lang=\"pl-pl\" xml:lang=\"pl-pl\">Uczestnicy b\u0119d\u0105 mie\u0107 mo\u017cliwo\u015b\u0107 pobrania trasy w formacie pliku .gpx, w celu wgrania na urz\u0105dzenie nawiguj\u0105ce.\u00a0Ostateczny plik .gpx (ostateczna wersja trasy) zostanie udost\u0119pniony w komunikacie startowym.<\/p>\n<\/li>\n<li>\n<p lang=\"pl-pl\" xml:lang=\"pl-pl\">Posiadanie przy sobie nadajnika GPS jest warunkiem wystartowania w\u00a0rajdzie i sklasyfikowania uczestnika. Nie wolno zatem zgubi\u0107 nadajnika GPS.<\/p>\n<\/li>\n<li>\n<p lang=\"pl-pl\" xml:lang=\"pl-pl\">Posiadanie numeru startowego jest obowi\u0105zkowe. Ka\u017cdy uczestnik otrzyma\u00a0trzy naklejki z numerem startowym. Rekomendowane jest naklejenie ich na widelec lub ram\u0119 roweru.<\/p>\n<\/li>\n<li>\n<p lang=\"pl-pl\" xml:lang=\"pl-pl\">Uczestnik zobowi\u0105zany jest do zwrotu nadajnika GPS bezpo\u015brednio po przekroczeniu linii mety lub niezw\u0142ocznego (nie p\u00f3\u017aniej ni\u017c 3 dni) odes\u0142ania na wskazany adres Organizatora w przypadku decyzji wycofania si\u0119 z rywalizacji i opuszczeniu trasy przed lini\u0105 mety.<\/p>\n<\/li>\n<li>\n<p lang=\"pl-pl\" xml:lang=\"pl-pl\">W przypadku uszkodzenia, utraty lub braku zwrotu nadajnika GPS uczestnik zostanie obci\u0105\u017cony przez Organizatora op\u0142at\u0105 w wysoko\u015bci 500 z\u0142.<\/p>\n<\/li>\n<\/ol>\n<h2 lang=\"pl-pl\" xml:lang=\"pl-pl\">ZAPISY I P\u0141ATNO\u015aCI<\/h2>\n<ol>\n<li>\n<p lang=\"pl-pl\" xml:lang=\"pl-pl\">Zapisy na\u00a0rajd PROZIAK GRAVEL 2025 b\u0119d\u0105 prowadzone na stronie https:\/\/proziakgravel.pl<\/p>\n<\/li>\n<li>\n<p lang=\"pl-pl\" xml:lang=\"pl-pl\">Zapisy rozpoczn\u0105 si\u0119\u00a010 pa\u017adziernika 2024 o godz. 15:00.<\/p>\n<\/li>\n<li>\n<p lang=\"pl-pl\" xml:lang=\"pl-pl\">Limit miejsc w\u00a0rajdzie wynosi 500 os\u00f3b. Organizator zastrzega sobie prawo do zmiany limitu uczestnik\u00f3w bez podania przyczyn.<\/p>\n<\/li>\n<li>\n<p lang=\"pl-pl\" xml:lang=\"pl-pl\">Op\u0142ata za uczestnictwo w\u00a0rajdzie PROZIAK GRAVEL zawiera: pe\u0142n\u0105 op\u0142at\u0119 rejestracyjn\u0105 (250 z\u0142) oraz op\u0142at\u0119 startow\u0105 (w zale\u017cno\u015bci od wybranego pakietu). Op\u0142ata rejestracyjna pobierana jest za rejestracj\u0119 na li\u015bcie startowej\u00a0podczas zakupu wybranego pakietu startowego\u00a0i jest cz\u0119\u015bci\u0105 pe\u0142nej\u00a0<strong>op\u0142aty rejestracyjno-startowej*<\/strong>. Masz 14 dni na odst\u0105pienie od umowy, po tym czasie op\u0142ata b\u0119dzie zwracana wed\u0142ug poni\u017cszej tabeli:<\/p>\n<\/li>\n<\/ol>\n<table class=\"table\">\n<tbody>\n<tr>\n<td width=\"245\" height=\"43\">\u00a0<\/td>\n<td width=\"131\">\n<p lang=\"pl-pl\" xml:lang=\"pl-pl\"><strong>Op\u0142ata rejestracyjna<\/strong><\/p>\n<\/td>\n<td width=\"286\">\n<p lang=\"pl-pl\" xml:lang=\"pl-pl\"><strong>Op\u0142ata startowa<\/strong><\/p>\n<\/td>\n<\/tr>\n<tr>\n<td width=\"245\" height=\"44\">\n<p lang=\"pl-pl\" xml:lang=\"pl-pl\"><strong>Zwrot do 14-dni od zap\u0142aty<\/strong><\/p>\n<\/td>\n<td width=\"131\">\n<p lang=\"pl-pl\" xml:lang=\"pl-pl\">250,00 z\u0142<\/p>\n<\/td>\n<td width=\"286\">\n<p lang=\"pl-pl\" xml:lang=\"pl-pl\">zwrot 100% op\u0142aty startowej<\/p>\n<\/td>\n<\/tr>\n<tr>\n<td width=\"245\" height=\"44\">\n<p lang=\"pl-pl\" xml:lang=\"pl-pl\"><strong>Pisemna rezygnacja do 31.03.2025<\/strong><\/p>\n<\/td>\n<td width=\"131\">\n<p lang=\"pl-pl\" xml:lang=\"pl-pl\">nie podlega zwrotowi<\/p>\n<\/td>\n<td width=\"286\">\n<p lang=\"pl-pl\" xml:lang=\"pl-pl\">zwrot 100% op\u0142aty startowej<\/p>\n<\/td>\n<\/tr>\n<tr>\n<td width=\"245\" height=\"44\">\n<p lang=\"pl-pl\" xml:lang=\"pl-pl\"><strong>Pisemna rezygnacja w okresie 01.04.2025 &#8211; 30.04.2025<\/strong><\/p>\n<\/td>\n<td width=\"131\">\n<p lang=\"pl-pl\" xml:lang=\"pl-pl\">nie podlega zwrotowi<\/p>\n<\/td>\n<td width=\"286\">\n<p lang=\"pl-pl\" xml:lang=\"pl-pl\">zwrot 50% op\u0142aty startowej<\/p>\n<\/td>\n<\/tr>\n<tr>\n<td width=\"245\" height=\"44\">\n<p lang=\"pl-pl\" xml:lang=\"pl-pl\"><strong>Rezygnacja od 01.05.2025<\/strong><\/p>\n<\/td>\n<td width=\"131\">\n<p lang=\"pl-pl\" xml:lang=\"pl-pl\">nie podlega zwrotowi<\/p>\n<\/td>\n<td width=\"286\">\n<p lang=\"pl-pl\" xml:lang=\"pl-pl\">nie podlega zwrotowi<\/p>\n<\/td>\n<\/tr>\n<tr>\n<td width=\"245\" height=\"43\">\n<p lang=\"pl-pl\" xml:lang=\"pl-pl\"><strong>Nie wzi\u0119cie udzia\u0142u w rajdzie<\/strong><\/p>\n<\/td>\n<td width=\"131\">\n<p lang=\"pl-pl\" xml:lang=\"pl-pl\">nie podlega zwrotowi<\/p>\n<\/td>\n<td width=\"286\">\n<p lang=\"pl-pl\" xml:lang=\"pl-pl\">nie podlega zwrotowi<\/p>\n<\/td>\n<\/tr>\n<\/tbody>\n<\/table>\n<p><strong>*PRZYK\u0141AD op\u0142aty rejestracyjno-startowej dla Pakietu startowego &#8211; 399z\u0142 (op\u0142ata rejestracyjna: 250z\u0142, op\u0142ata startowa: 149z\u0142)<\/strong><\/p>\n<ol start=\"5\">\n<li>\n<p lang=\"pl-pl\" xml:lang=\"pl-pl\">Pisemn\u0105 rezygnacj\u0119 (podpisan\u0105) nale\u017cy wys\u0142a\u0107 na adres email:\u00a0<a href=\"mailto:biuro@proziakgravel.pl\">biuro@proziakgravel.pl<\/a>. Op\u0142ata rejestracyjna nie podlega zwrotowi po up\u0142ywie 14-dniowego okresu na odst\u0105pienie od umowy.<\/p>\n<\/li>\n<li>\n<p lang=\"pl-pl\" xml:lang=\"pl-pl\">W przypadku gdy rajd PROZIAK GRAVEL 2025 nie odb\u0119dzie si\u0119 (np. z powodu dzia\u0142ania si\u0142y wy\u017cszej lub pandemii) Organizator zwr\u00f3ci zawodnikom 100% op\u0142aty rejestracyjnej oraz 100% op\u0142aty startowej. Decyzj\u0119 o zwrocie \u015brodk\u00f3w podejmuje zawodnik, o czym pisemnie poinformuje Organizatora na adres email:\u00a0<a href=\"mailto:biuro@proziakgravel.pl\">biuro@proziakgravel.pl<\/a>. W inny wypadku przedp\u0142acona wcze\u015bniej kwota zostanie przeznaczona na kolejn\u0105 edycj\u0119 PROZIAK GRAVEL 2025.<\/p>\n<\/li>\n<\/ol>\n<h2 lang=\"pl-pl\" xml:lang=\"pl-pl\">\u015aWIADCZENIA DLA ZAWODNIK\u00d3W<\/h2>\n<ol>\n<li>Pakiet startowy PROZIAK zawiera:<\/li>\n<\/ol>\n<ul>\n<li>\n<ul>\n<li>majestatyczn\u0105 tras\u0119 na terenie wojew\u00f3dztwa Podkarpackiego<\/li>\n<li>niezapomniane widoki z malowniczych Bieszczadzkich szutr\u00f3w i doskona\u0142ych asfalt\u00f3w<\/li>\n<li>system \u015bledzenia online oraz lokalizator GPS (tracker)<\/li>\n<li>udzia\u0142 w spotkaniu integracyjnym przed startem na Miasteczku Proziak Gravel<\/li>\n<li>dost\u0119p do napoj\u00f3w (woda, izotoniki)<\/li>\n<li>przynajmniej jeden pit-stop na trasie (owoce, batony, woda, izotoniki)<\/li>\n<li>bon zni\u017ckowy 10% na dowolny rower w sklepie\u00a0<strong>Velopoint<\/strong><\/li>\n<li>pami\u0105tkowy worek na plecy<\/li>\n<li>pami\u0105tkowy medal na mecie<\/li>\n<li>skarpetki avantage X PROZIAK<\/li>\n<\/ul>\n<\/li>\n<\/ul>\n<ol>\n<li>Istnieje mo\u017cliwo\u015b\u0107 wyboru d\u0142ugo\u015bci tras (100, 300, 500), poprzez zmian\u0119 opcji pakietu w sklepie internetowym.<\/li>\n<li>Pakiet startowy b\u0119dzie do odbioru w biurze zawod\u00f3w 18 czerwca 2025, w godzinach od 16:00 do 22:00, 19 czerwca 2025 od godziny 6:00 do startu rajdu (PROZIAK500), 20 czerwca 2024 od godziny 6:00 do startu rajdu (PROZIAK300) oraz 21 czerwca 2025 od godziny 6:00 do startu rajdu (SGS\/PROZIAK100).<\/li>\n<li>Ka\u017cdy z uczestnik\u00f3w odbiera pakiet indywidualnie.<\/li>\n<li>Do dyspozycji uczestnik\u00f3w\u00a0rajdu b\u0119dzie dost\u0119pny depozyt na starcie\/mecie.<\/li>\n<li>Po uko\u0144czeniu rajdu\u00a0do dyspozycji zawodnik\u00f3w b\u0119dzie wyznaczone miejsce do umycia roweru.<\/li>\n<li>Wszyscy uczestnicy, kt\u00f3rzy uko\u0144cz\u0105\u00a0rajd PROZIAK GRAVEL 2025 i zostan\u0105 sklasyfikowani, otrzymaj\u0105 pami\u0105tkowy medal, posi\u0142ek regeneracyjny, smacznego proziaka i piwo.<\/li>\n<\/ol>\n<h2 lang=\"pl-pl\" xml:lang=\"pl-pl\">ZASADY KLASYFIKACJI I NAGRODY<\/h2>\n<ol>\n<li>\n<p lang=\"pl-pl\" xml:lang=\"pl-pl\">Podstaw\u0105 klasyfikacji jest elektroniczny pomiar czasu wykonywany za pomoc\u0105 nadajnika GPS, otrzymanego przez uczestnika w ramach pakietu startowego.<\/p>\n<\/li>\n<li>\n<p lang=\"pl-pl\" xml:lang=\"pl-pl\">Miejsca w klasyfikacji generalnej ustalane s\u0105 na podstawie czasu przejazdu trasy wyznaczonej przez Organizatora wed\u0142ug wcze\u015bniej opublikowanej trasy w pliku .gpx.<\/p>\n<\/li>\n<li>\n<p lang=\"pl-pl\" xml:lang=\"pl-pl\">Klasyfikacja b\u0119dzie oddzielna dla kr\u00f3tkiej i d\u0142ugiej trasy oraz b\u0119dzie podzielona na kategori\u0119 M\u0119sk\u0105 i Damsk\u0105.<\/p>\n<\/li>\n<li>\n<p lang=\"pl-pl\" xml:lang=\"pl-pl\">Zawodnicy, kt\u00f3rzy nie uko\u0144cz\u0105 trasy w limicie czasowym lub nie pokonaj\u0105 trasy zgodnie z wytycznymi Organizatora, b\u0105d\u017a zgubi\u0105 nadajnik GPS \u2013 nie b\u0119d\u0105 podlega\u0107 sklasyfikowaniu.<\/p>\n<\/li>\n<li>\n<p lang=\"pl-pl\" xml:lang=\"pl-pl\">Organizator przewiduje nagrody rzeczowe dla zawodnik\u00f3w na podium oraz dla zawodnik\u00f3w klasyfikacji pobocznych.<\/p>\n<\/li>\n<li>Klasyfikacje poboczne b\u0119d\u0105 ustalone w dniu rozpocz\u0119cia rajdu tj. 19.06.2025 r.<\/li>\n<li>\n<p lang=\"pl-pl\" xml:lang=\"pl-pl\">Organizator zastrzega sobie prawo do ustanowienia dodatkowych nagr\u00f3d w wybranych przez siebie kategoriach i klasyfikacjach bez wcze\u015bniejszego informowania uczestnik\u00f3w.<\/p>\n<\/li>\n<\/ol>\n<h2 lang=\"pl-pl\" xml:lang=\"pl-pl\">POSTANOWIENIA KO\u0143COWE<\/h2>\n<ol>\n<li>\n<p lang=\"pl-pl\" xml:lang=\"pl-pl\">Organizator zastrzega sobie mo\u017cliwo\u015b\u0107 wprowadzania zmian w regulaminie nie p\u00f3\u017aniej ni\u017c przed rozpocz\u0119ciem rajdu 19.06.2025 r., wszelkie zmiany b\u0119d\u0105 publikowane na stronie https:\/\/proziakgravel.pl.<\/p>\n<\/li>\n<li>\n<p lang=\"pl-pl\" xml:lang=\"pl-pl\">W sprawach nieobj\u0119tych niniejszym Regulaminem zastosowanie maj\u0105 przepisy Kodeksu Cywilnego.<\/p>\n<\/li>\n<\/ol>\n<h2 lang=\"pl-pl\" xml:lang=\"pl-pl\">REKLAMACJE<\/h2>\n<ol>\n<li>\n<p lang=\"pl-pl\" xml:lang=\"pl-pl\">Reklamacje nale\u017cy sk\u0142ada\u0107 pisemnie na adres organizatora (poni\u017cej) lub mailowo:\u00a0<a href=\"mailto:kontakt@rezerwatprzygody.pl\">biuro@proziakgravel.pl<\/a><\/p>\n<\/li>\n<li>\n<p lang=\"pl-pl\" xml:lang=\"pl-pl\">Przy z\u0142o\u017ceniu reklamacji nale\u017cy poda\u0107 imi\u0119 i nazwisko zawodnika oraz pow\u00f3d reklamacji.<\/p>\n<\/li>\n<li>\n<p lang=\"pl-pl\" xml:lang=\"pl-pl\">Reklamacje zostan\u0105 rozpatrzone w ci\u0105gu 14 dni od otrzymania reklamacji w formie pisemnej lub elektronicznej.<\/p>\n<\/li>\n<li>\n<p lang=\"pl-pl\" xml:lang=\"pl-pl\">Odpowied\u017a na reklamacj\u0119 zostanie udzielona drog\u0105 mailow\u0105 lub poczt\u0105 tradycyjn\u0105.<\/p>\n<\/li>\n<\/ol>\n<p><strong>Organizator<\/strong>:<\/p>\n<p lang=\"pl-pl\" xml:lang=\"pl-pl\">GRAVEL PODKARPACKI, ul. Marsza\u0142kowska 15\/34, 35-215 Rzesz\u00f3w. Telefon:\u00a0+48 533 867 707<\/p>\n<p lang=\"pl-pl\" xml:lang=\"pl-pl\">Email: biuro@proziakgravel.pl<\/p>\n<p lang=\"pl-pl\" xml:lang=\"pl-pl\">KRS: 0001003683, NIP: 5170431150, REGON: 523720181.<\/p>\n\n\n<p><\/p>\n","protected":false},"excerpt":{"rendered":"<p>REGULAMIN\u00a0PROZIAK GRAVEL 2025 PROZIAK GRAVEL 2024 jest ultra\u00a0rajdem rowerowym przeznaczonym dla ka\u017cdej osoby chc\u0105cej spr\u00f3bowa\u0107 swoich si\u0142 w wy\u015bcigach d\u0142ugodystansowych. Wymaganiem jest bardzo dobre przygotowanie fizyczne oraz du\u017ce do\u015bwiadczenie w je\u017adzie na rowerze. Celem rajdu jest propagowanie zdrowego trybu \u017cycia oraz aktywnych form wypoczynku i rekreacji, jak r\u00f3wnie\u017c popularyzacja kolarstwa turystycznego oraz sp\u0119dzania wolnego czasu [&hellip;]<\/p>\n","protected":false},"author":1,"featured_media":0,"parent":0,"menu_order":0,"comment_status":"closed","ping_status":"closed","template":"","meta":{"footnotes":""},"class_list":["post-1645","page","type-page","status-publish","hentry"],"_links":{"self":[{"href":"https:\/\/proziakgravel.com\/index.php\/wp-json\/wp\/v2\/pages\/1645","targetHints":{"allow":["GET"]}}],"collection":[{"href":"https:\/\/proziakgravel.com\/index.php\/wp-json\/wp\/v2\/pages"}],"about":[{"href":"https:\/\/proziakgravel.com\/index.php\/wp-json\/wp\/v2\/types\/page"}],"author":[{"embeddable":true,"href":"https:\/\/proziakgravel.com\/index.php\/wp-json\/wp\/v2\/users\/1"}],"replies":[{"embeddable":true,"href":"https:\/\/proziakgravel.com\/index.php\/wp-json\/wp\/v2\/comments?post=1645"}],"version-history":[{"count":3,"href":"https:\/\/proziakgravel.com\/index.php\/wp-json\/wp\/v2\/pages\/1645\/revisions"}],"predecessor-version":[{"id":1863,"href":"https:\/\/proziakgravel.com\/index.php\/wp-json\/wp\/v2\/pages\/1645\/revisions\/1863"}],"wp:attachment":[{"href":"https:\/\/proziakgravel.com\/index.php\/wp-json\/wp\/v2\/media?parent=1645"}],"curies":[{"name":"wp","href":"https:\/\/api.w.org\/{rel}","templated":true}]}}