{"id":1571,"date":"2025-01-23T17:36:01","date_gmt":"2025-01-23T17:36:01","guid":{"rendered":"https:\/\/sgseries.com\/?page_id=1571"},"modified":"2025-06-16T11:17:42","modified_gmt":"2025-06-16T11:17:42","slug":"proziak300","status":"publish","type":"page","link":"https:\/\/proziakgravel.com\/index.php\/proziak300\/","title":{"rendered":"PROZIAK 300"},"content":{"rendered":"<div class=\"wpb-content-wrapper\"><p>[vc_row row_style=&#8221;full-width&#8221; text_style=&#8221;light&#8221; vertical_align=&#8221;middle&#8221; padding_size=&#8221;no-padding&#8221; background_color=&#8221;#232323&#8243;][vc_column text_align=&#8221;center&#8221; padding_size=&#8221;no-padding&#8221; width=&#8221;1\/2&#8243;][vc_single_image image=&#8221;1735&#8243; alignment=&#8221;center&#8221;][\/vc_column][vc_column text_style=&#8221;light&#8221; text_align=&#8221;center&#8221; padding_size=&#8221;l-padding&#8221; width=&#8221;1\/2&#8243; css=&#8221;.vc_custom_1737649616606{padding-top: 20px !important;padding-bottom: 20px !important;}&#8221;][vc_empty_space height=&#8221;10px&#8221;][vc_custom_heading text=&#8221;PROZIAK 300 &#8211; Lutowiska&#8221; font_container=&#8221;tag:h2|text_align:center|color:%23ffffff&#8221; google_fonts=&#8221;font_family:Montserrat%3Aregular%2C700|font_style:700%20bold%20regular%3A700%3Anormal&#8221; text_transform=&#8221;capitalize&#8221;][vc_empty_space height=&#8221;10px&#8221;][wyde_icon_block icon=&#8221;flora-icon-zigzag-2&#8243; size=&#8221;large&#8221; style=&#8221;none&#8221; color=&#8221;#ffd300&#8243;][vc_empty_space][vc_column_text]Stanica Kresowa Chrepti\u00f3w, po\u0142o\u017cona w malowniczych Lutowiskach, w samym sercu Bieszczad, b\u0119dzie go\u015bci\u0107 start i met\u0119 wy\u015bcig\u00f3w w ramach PROZIAK GRAVEL oraz wy\u015bcig\u00f3w SG Series. To miejsce, kt\u00f3re idealnie oddaje ducha Bieszczad \u2013 dzikiej, nieodkrytej natury, g\u00f3rskich krajobraz\u00f3w i prawdziwego spokoju. Zlokalizowana w jednym z najpi\u0119kniejszych zak\u0105tk\u00f3w Podkarpacia, Stanica Kresowa to doskona\u0142a baza do rozpocz\u0119cia i zako\u0144czenia gravelowej rywalizacji.[\/vc_column_text][\/vc_column][\/vc_row][vc_row row_style=&#8221;full-width&#8221; vertical_align=&#8221;middle&#8221; padding_size=&#8221;no-padding&#8221;][vc_column text_style=&#8221;light&#8221; background_color=&#8221;#594b4a&#8221; bg_image_url=&#8221;https:\/\/proziakgravel.com\/wp-content\/uploads\/2025\/02\/c1-150&#215;150.jpg&#8221; width=&#8221;1\/4&#8243; background_image=&#8221;1329&#8243;][vc_empty_space][wyde_info_box title=&#8221;INFORMACJE&#8221; icon_set=&#8221;fontawesome&#8221; icon_fontawesome=&#8221;fa fa-info-circle&#8221; icon_size=&#8221;large&#8221; animation_delay=&#8221;0.6&#8243; animation=&#8221;bounceIn&#8221;]<strong>Lutowiska 20.06.2025<br \/>\nDYSTANS<\/strong>: 316KM<br \/>\n<strong>PRZEWY\u017bSZENIA<\/strong>: 6140M<br \/>\n<strong>START<\/strong>: 08:00<br \/>\n<strong>LIMIT CZASOWY<\/strong>: 48H[\/wyde_info_box][vc_empty_space][\/vc_column][vc_column text_style=&#8221;light&#8221; background_color=&#8221;#ffebba&#8221; bg_image_url=&#8221;https:\/\/proziakgravel.com\/wp-content\/uploads\/2025\/02\/c4-150&#215;150.jpg&#8221; width=&#8221;1\/4&#8243; background_image=&#8221;1331&#8243;][vc_empty_space][wyde_info_box title=&#8221;KUP PAKIET&#8221; icon_set=&#8221;fontawesome&#8221; icon_fontawesome=&#8221;fa fa-shopping-cart&#8221; icon_size=&#8221;large&#8221; animation_delay=&#8221;0.6&#8243; animation=&#8221;bounceIn&#8221; link=&#8221;url:https%3A%2F%2Fproziakgravel.pl%2F13-pakiety-startowe|title:Zapisz%20si%C4%99&#8243;]Przejd\u017a do strony gdzie kupisz pakiety startowe na PROZIAK GRAVEL.[\/wyde_info_box][vc_empty_space][\/vc_column][vc_column text_style=&#8221;light&#8221; background_color=&#8221;#ffd300&#8243; bg_image_url=&#8221;https:\/\/proziakgravel.com\/wp-content\/uploads\/2025\/02\/c3-150&#215;150.jpg&#8221; width=&#8221;1\/4&#8243; background_image=&#8221;1330&#8243;][vc_empty_space][wyde_info_box title=&#8221;NOCLEG&#8221; icon_set=&#8221;fontawesome&#8221; icon_fontawesome=&#8221;fa fa-bed&#8221; icon_size=&#8221;large&#8221; animation_delay=&#8221;0.6&#8243; animation=&#8221;bounceIn&#8221; link=&#8221;url:https%3A%2F%2Fchreptiow.pl%2Fkontakt%2F|title:KLIKNIJ&#8221;]Przejd\u017a do strony kontaktowej Stanicy Kresowej Chrepti\u00f3w i zapytaj o miejsca noclegowe.[\/wyde_info_box][vc_empty_space][\/vc_column][vc_column text_style=&#8221;light&#8221; background_color=&#8221;#f5f4f2&#8243; bg_image_url=&#8221;https:\/\/proziakgravel.com\/wp-content\/uploads\/2025\/02\/c5-150&#215;150.jpg&#8221; width=&#8221;1\/4&#8243; background_image=&#8221;1332&#8243;][vc_empty_space][wyde_info_box title=&#8221;JAK DOJECHA\u0106&#8221; icon_set=&#8221;typicons&#8221; icon_typicons=&#8221;typcn typcn-location-arrow-outline&#8221; icon_size=&#8221;large&#8221; animation_delay=&#8221;0.6&#8243; animation=&#8221;bounceIn&#8221; link=&#8221;url:https%3A%2F%2Fmaps.app.goo.gl%2FycmgWUkYHWTeL1DGA|title:KLIKNIJ&#8221;]Naci\u015bnij przycisk poni\u017cej i przenie\u015b si\u0119 do Google Maps[\/wyde_info_box][vc_empty_space][\/vc_column][\/vc_row][vc_row row_style=&#8221;full-width&#8221; vertical_align=&#8221;middle&#8221;][vc_column padding_size=&#8221;l-padding&#8221; width=&#8221;1\/2&#8243; css=&#8221;.vc_custom_1436071839677{padding-top: 20px !important;padding-bottom: 20px !important;}&#8221;][vc_empty_space][vc_custom_heading text=&#8221;POBIERZ TRACKA&#8221; font_container=&#8221;tag:p|font_size:24px|text_align:left|line_height:36px&#8221; google_fonts=&#8221;font_family:Lato%3A100%2C100italic%2C300%2C300italic%2Cregular%2Citalic%2C700%2C700italic%2C900%2C900italic|font_style:700%20bold%20regular%3A700%3Anormal&#8221; src=&#8221;&#8220;https:\/\/ridewithgps.com\/embeds?type=route&amp;id=49530538&amp;metricUnits=true&amp;sampleGraph=true&#8220;&#8221;][wyde_info_box]<iframe style=\"width: 1px; min-width: 100%; height: 700px; border: none;\" src=\"https:\/\/ridewithgps.com\/embeds?type=route&amp;id=51275853&amp;metricUnits=true&amp;sampleGraph=true\" scrolling=\"no\"><\/iframe>[\/wyde_info_box][\/vc_column][vc_column width=&#8221;1\/2&#8243;][vc_single_image image=&#8221;1742&#8243; alignment=&#8221;right&#8221; animation=&#8221;fadeInRight&#8221;][\/vc_column][\/vc_row]<\/p>\n<\/div>","protected":false},"excerpt":{"rendered":"<p>[vc_row row_style=&#8221;full-width&#8221; text_style=&#8221;light&#8221; vertical_align=&#8221;middle&#8221; padding_size=&#8221;no-padding&#8221; background_color=&#8221;#232323&#8243;][vc_column text_align=&#8221;center&#8221; padding_size=&#8221;no-padding&#8221; width=&#8221;1\/2&#8243;][vc_single_image image=&#8221;1735&#8243; alignment=&#8221;center&#8221;][\/vc_column][vc_column text_style=&#8221;light&#8221; text_align=&#8221;center&#8221; padding_size=&#8221;l-padding&#8221; width=&#8221;1\/2&#8243; css=&#8221;.vc_custom_1737649616606{padding-top: 20px !important;padding-bottom: 20px !important;}&#8221;][vc_empty_space height=&#8221;10px&#8221;][vc_custom_heading text=&#8221;PROZIAK 300 &#8211; Lutowiska&#8221; font_container=&#8221;tag:h2|text_align:center|color:%23ffffff&#8221; google_fonts=&#8221;font_family:Montserrat%3Aregular%2C700|font_style:700%20bold%20regular%3A700%3Anormal&#8221; text_transform=&#8221;capitalize&#8221;][vc_empty_space height=&#8221;10px&#8221;][wyde_icon_block icon=&#8221;flora-icon-zigzag-2&#8243; size=&#8221;large&#8221; style=&#8221;none&#8221; color=&#8221;#ffd300&#8243;][vc_empty_space][vc_column_text]Stanica Kresowa Chrepti\u00f3w, po\u0142o\u017cona w malowniczych Lutowiskach, w samym sercu Bieszczad, b\u0119dzie go\u015bci\u0107 start i met\u0119 wy\u015bcig\u00f3w w ramach PROZIAK GRAVEL oraz wy\u015bcig\u00f3w [&hellip;]<\/p>\n","protected":false},"author":1,"featured_media":0,"parent":0,"menu_order":0,"comment_status":"closed","ping_status":"closed","template":"","meta":{"footnotes":""},"class_list":["post-1571","page","type-page","status-publish","hentry"],"_links":{"self":[{"href":"https:\/\/proziakgravel.com\/index.php\/wp-json\/wp\/v2\/pages\/1571","targetHints":{"allow":["GET"]}}],"collection":[{"href":"https:\/\/proziakgravel.com\/index.php\/wp-json\/wp\/v2\/pages"}],"about":[{"href":"https:\/\/proziakgravel.com\/index.php\/wp-json\/wp\/v2\/types\/page"}],"author":[{"embeddable":true,"href":"https:\/\/proziakgravel.com\/index.php\/wp-json\/wp\/v2\/users\/1"}],"replies":[{"embeddable":true,"href":"https:\/\/proziakgravel.com\/index.php\/wp-json\/wp\/v2\/comments?post=1571"}],"version-history":[{"count":11,"href":"https:\/\/proziakgravel.com\/index.php\/wp-json\/wp\/v2\/pages\/1571\/revisions"}],"predecessor-version":[{"id":1903,"href":"https:\/\/proziakgravel.com\/index.php\/wp-json\/wp\/v2\/pages\/1571\/revisions\/1903"}],"wp:attachment":[{"href":"https:\/\/proziakgravel.com\/index.php\/wp-json\/wp\/v2\/media?parent=1571"}],"curies":[{"name":"wp","href":"https:\/\/api.w.org\/{rel}","templated":true}]}}