{"id":145,"date":"2015-07-03T14:40:41","date_gmt":"2015-07-03T14:40:41","guid":{"rendered":"http:\/\/wydethemes.com\/flora6\/?page_id=145"},"modified":"2025-06-16T13:52:30","modified_gmt":"2025-06-16T13:52:30","slug":"dystanse","status":"publish","type":"page","link":"https:\/\/proziakgravel.com\/index.php\/dystanse\/","title":{"rendered":"DYSTANSE"},"content":{"rendered":"<div class=\"wpb-content-wrapper\"><p>[vc_row row_style=&#8221;full-width&#8221; vertical_align=&#8221;middle&#8221; padding_size=&#8221;no-padding&#8221;][vc_column text_style=&#8221;light&#8221; text_align=&#8221;center&#8221; background_color=&#8221;#D5B586&#8243; width=&#8221;1\/3&#8243;][vc_empty_space][vc_single_image image=&#8221;1331&#8243; style=&#8221;circle&#8221; alignment=&#8221;center&#8221; animation_delay=&#8221;1.5&#8243; animation=&#8221;rotateIn&#8221; css=&#8221;.vc_custom_1738874786029{padding-top: 5% !important;padding-right: 5% !important;padding-bottom: 5% !important;padding-left: 5% !important;}&#8221;][vc_custom_heading text=&#8221;21.06.2025&#8243; font_container=&#8221;tag:h6|font_size:1.5vw|text_align:center|color:%23FFFFFF&#8221; google_fonts=&#8221;font_family:Abel%3Aregular|font_style:400%20regular%3A400%3Anormal&#8221;][vc_custom_heading text=&#8221;PROZIAK 100 SGS&#8221; font_container=&#8221;tag:p|font_size:22px|text_align:center|color:%23FFFFFF|line_height:28px&#8221; google_fonts=&#8221;font_family:Lato%3A100%2C100italic%2C300%2C300italic%2Cregular%2Citalic%2C700%2C700italic%2C900%2C900italic|font_style:400%20regular%3A400%3Anormal&#8221; css=&#8221;.vc_custom_1738874709731{margin-top: -10px !important;}&#8221;][wyde_separator label_style=&#8221;icon&#8221; icon=&#8221;flora-icon-deer-2&#8243; style=&#8221;dashed&#8221; el_width=&#8221;50%&#8221; color=&#8221;#594B4A&#8221; css=&#8221;.vc_custom_1738874749612{margin-top: 10px !important;margin-bottom: 20px !important;}&#8221;][wyde_link_button title=&#8221;ZAPISZ SI\u0118&#8221; link=&#8221;url:https%3A%2F%2Fproziakgravel.pl%2Fstrona-glowna%2F31-100-pakiet-startowy-proziak400.html%23%2F44-wybierz_wyscigi-lutowiska&#8221;][vc_empty_space][\/vc_column][vc_column text_style=&#8221;light&#8221; text_align=&#8221;center&#8221; background_color=&#8221;#ABC524&#8243; width=&#8221;1\/3&#8243;][vc_empty_space][vc_single_image image=&#8221;1712&#8243; style=&#8221;circle&#8221; alignment=&#8221;center&#8221; animation_delay=&#8221;1.5&#8243; css=&#8221;.vc_custom_1738874119896{padding-top: 5% !important;padding-right: 5% !important;padding-bottom: 5% !important;padding-left: 5% !important;}&#8221; animation=&#8221;rotateIn&#8221;][vc_custom_heading text=&#8221;20.06.2025&#8243; font_container=&#8221;tag:h6|font_size:1.5vw|text_align:center|color:%23FFFFFF&#8221; google_fonts=&#8221;font_family:Abel%3Aregular|font_style:400%20regular%3A400%3Anormal&#8221;][vc_custom_heading text=&#8221;PROZIAK 300&#8243; font_container=&#8221;tag:p|font_size:22px|text_align:center|color:%23FFFFFF|line_height:28px&#8221; google_fonts=&#8221;font_family:Lato%3A100%2C100italic%2C300%2C300italic%2Cregular%2Citalic%2C700%2C700italic%2C900%2C900italic|font_style:400%20regular%3A400%3Anormal&#8221; css=&#8221;.vc_custom_1738874366873{margin-top: -10px !important;}&#8221;][wyde_separator label_style=&#8221;icon&#8221; icon=&#8221;flora-icon-bear&#8221; style=&#8221;dashed&#8221; el_width=&#8221;50%&#8221; color=&#8221;#594B4A&#8221; css=&#8221;.vc_custom_1738874503544{margin-top: 10px !important;margin-bottom: 20px !important;}&#8221;][wyde_link_button title=&#8221;ZAPISZ SI\u0118&#8221; link=&#8221;url:https%3A%2F%2Fproziakgravel.com%2Findex.php%2Fproziak-500%2F&#8221;][vc_empty_space][\/vc_column][vc_column text_style=&#8221;light&#8221; text_align=&#8221;center&#8221; background_color=&#8221;#1B71A0&#8243; width=&#8221;1\/3&#8243;][vc_empty_space][vc_single_image image=&#8221;1713&#8243; style=&#8221;circle&#8221; alignment=&#8221;center&#8221; animation_delay=&#8221;1&#8243; css=&#8221;.vc_custom_1738857922324{padding-top: 5% !important;padding-right: 5% !important;padding-bottom: 5% !important;padding-left: 5% !important;}&#8221; animation=&#8221;rotateIn&#8221;][vc_custom_heading text=&#8221;19.06.2025&#8243; font_container=&#8221;tag:h6|font_size:1.5vw|text_align:center|color:%23FFFFFF&#8221; google_fonts=&#8221;font_family:Abel%3Aregular|font_style:400%20regular%3A400%3Anormal&#8221;][vc_custom_heading text=&#8221;PROZIAK 500&#8243; font_container=&#8221;tag:p|font_size:22px|text_align:center|color:%23FFFFFF|line_height:28px&#8221; google_fonts=&#8221;font_family:Lato%3A100%2C100italic%2C300%2C300italic%2Cregular%2Citalic%2C700%2C700italic%2C900%2C900italic|font_style:400%20regular%3A400%3Anormal&#8221; css=&#8221;.vc_custom_1738858549919{margin-top: -10px !important;}&#8221;][wyde_separator label_style=&#8221;icon&#8221; icon=&#8221;flora-icon-wolf&#8221; style=&#8221;dashed&#8221; el_width=&#8221;50%&#8221; color=&#8221;#594b4a&#8221; css=&#8221;.vc_custom_1738874482152{margin-top: 10px !important;margin-bottom: 20px !important;}&#8221;][wyde_link_button title=&#8221;ZAPISZ SI\u0118&#8221; link=&#8221;url:https%3A%2F%2Fproziakgravel.com%2Findex.php%2Fproziak300%2F&#8221;][vc_empty_space][\/vc_column][\/vc_row][vc_row row_style=&#8221;full-width&#8221; text_style=&#8221;light&#8221; vertical_align=&#8221;middle&#8221; padding_size=&#8221;no-padding&#8221; background_color=&#8221;#232323&#8243;][vc_column text_align=&#8221;center&#8221; padding_size=&#8221;l-padding&#8221; width=&#8221;1\/2&#8243;][vc_custom_heading text=&#8221;POZIOMY TRUDNO\u015aCI&#8221; font_container=&#8221;tag:h2|text_align:center|color:%23ffffff&#8221; google_fonts=&#8221;font_family:Montserrat%3Aregular%2C700|font_style:700%20bold%20regular%3A700%3Anormal&#8221;][wyde_icon_block icon=&#8221;flora-icon-leaf-1&#8243; size=&#8221;large&#8221; style=&#8221;none&#8221; color=&#8221;#ffd300&#8243;][vc_empty_space][vc_custom_heading text=&#8221;PROZIAK to 2 wy\u015bcigi d\u0142ugodystansowe nastawione na korzystanie z urok\u00f3w natury. Przygotowali\u015bmy dla was kilka poziom\u00f3w trudno\u015bci.&#8221; font_container=&#8221;tag:h6|text_align:center&#8221; google_fonts=&#8221;font_family:ABeeZee%3Aregular%2Citalic|font_style:400%20italic%3A400%3Aitalic&#8221;][vc_empty_space height=&#8221;20px&#8221;][vc_column_text]<strong>300 km<\/strong> \u2013 idealny dystans dla tych, kt\u00f3rzy chc\u0105 poczu\u0107 ducha gravelowej przygody, ale wci\u0105\u017c mie\u0107 szans\u0119 na regeneracj\u0119. Malownicza trasa prowadzi przez szutrowe drogi Bieszczad, \u0142\u0105cz\u0105c pi\u0119kne widoki z wymagaj\u0105cym terenem.<br \/>\n<strong>500 km<\/strong> \u2013 wyzwanie dla prawdziwych twardzieli! Ten dystans to esencja ultramaratonu, prowadz\u0105ca przez dzikie, g\u00f3rskie szlaki, gdzie liczy si\u0119 nie tylko si\u0142a, ale i strategia. To test wytrzyma\u0142o\u015bci, determinacji i pasji do jazdy w surowych warunkach.<\/p>\n<p>Wybierz sw\u00f3j dystans i poczuj prawdziwy gravel w sercu Karpat![\/vc_column_text][vc_empty_space height=&#8221;20px&#8221;][\/vc_column][vc_column padding_size=&#8221;l-padding&#8221; width=&#8221;1\/2&#8243;][wyde_progress_bar title=&#8221;PROZIAK 300&#8243; value=&#8221;70&#8243; unit=&#8221;%&#8221; color=&#8221;#ffd300&#8243;][wyde_progress_bar title=&#8221;PROZIAK 500&#8243; value=&#8221;100&#8243; unit=&#8221;%&#8221; color=&#8221;#DD3333&#8243;][\/vc_column][\/vc_row][vc_row row_style=&#8221;full-width&#8221; padding_size=&#8221;m-padding&#8221;][vc_column text_align=&#8221;center&#8221; width=&#8221;1\/2&#8243;][vc_single_image image=&#8221;1724&#8243; css=&#8221;.vc_custom_1738858968875{margin-top: -70px !important;}&#8221; animation=&#8221;fadeInUp&#8221;][\/vc_column][vc_column width=&#8221;1\/2&#8243;][vc_custom_heading text=&#8221;BBTracker to jeden z najbardziej zaawansowanych i niezawodnych system\u00f3w \u015bledzenia zawodnik\u00f3w w Polsce, kt\u00f3ry gwarantuje najwy\u017csz\u0105 jako\u015b\u0107 i precyzj\u0119 w monitorowaniu rywalizacji sportowej.&#8221; font_container=&#8221;tag:p|font_size:24px|text_align:left|line_height:36px&#8221; google_fonts=&#8221;font_family:Lato%3A100%2C100italic%2C300%2C300italic%2Cregular%2Citalic%2C700%2C700italic%2C900%2C900italic|font_style:300%20light%20regular%3A300%3Anormal&#8221; css=&#8221;.vc_custom_1738859024238{padding-right: 5% !important;padding-left: 5% !important;}&#8221;][vc_column_text css=&#8221;.vc_custom_1738858981094{padding-right: 5% !important;padding-left: 5% !important;}&#8221;]BBTracker to system, kt\u00f3ry cieszy si\u0119 zaufaniem organizator\u00f3w wy\u015bcig\u00f3w w ca\u0142ej Polsce, a jego niezawodno\u015b\u0107 i szybko\u015b\u0107 sprawiaj\u0105, \u017ce jest to idealne rozwi\u0105zanie do obs\u0142ugi wy\u015bcig\u00f3w Subcarpathian Gravel Race. Z BBTracker ka\u017cdy zawodnik b\u0119dzie \u015bledzony na ka\u017cdym etapie rywalizacji, a organizatorzy b\u0119d\u0105 mogli skupi\u0107 si\u0119 na zapewnieniu doskona\u0142ej atmosfery i p\u0142ynnej organizacji wy\u015bcigu.[\/vc_column_text][\/vc_column][\/vc_row][vc_row row_style=&#8221;full-width&#8221; text_style=&#8221;light&#8221; padding_size=&#8221;xl-padding&#8221; background_color=&#8221;#2d2f2c&#8221; bg_image_url=&#8221;https:\/\/proziakgravel.com\/wp-content\/uploads\/2025\/02\/ocho-150&#215;150.jpg&#8221; background_image=&#8221;1730&#8243;][vc_column padding_size=&#8221;l-padding&#8221; width=&#8221;5\/6&#8243; css=&#8221;.vc_custom_1436063873259{padding-top: 0px !important;padding-bottom: 0px !important;}&#8221;][vc_custom_heading text=&#8221;CO ZNAJDZIESZ NA PROZIAKU?&#8221; font_container=&#8221;tag:h6|font_size:3vw|text_align:left|color:%23ffd300&#8243; google_fonts=&#8221;font_family:Montserrat%3Aregular%2C700|font_style:700%20bold%20regular%3A700%3Anormal&#8221; animation=&#8221;bounceIn&#8221;][vc_custom_heading text=&#8221;Start i meta Proziak Gravel to nie tylko wyzwanie sportowe, ale tak\u017ce wyj\u0105tkowa okazja do sp\u0119dzenia czasu w niepowtarzalnej atmosferze. Miejscowo\u015b\u0107 t\u0119tni \u017cyciem, a tradycyjna bieszczadzka go\u015bcinno\u015b\u0107 sprawia, \u017ce uczestnicy czuj\u0105 si\u0119 jak w domu.&#8221; font_container=&#8221;tag:p|font_size:24px|text_align:left|color:%23ffffff|line_height:38px&#8221; google_fonts=&#8221;font_family:Lato%3A100%2C100italic%2C300%2C300italic%2Cregular%2Citalic%2C700%2C700italic%2C900%2C900italic|font_style:300%20light%20regular%3A300%3Anormal&#8221; animation=&#8221;bounceIn&#8221;][vc_empty_space][vc_row_inner][vc_column_inner width=&#8221;1\/2&#8243;][wyde_info_box title=&#8221;Doskona\u0142e miejsce start\/mety&#8221; icon_set=&#8221;fontawesome&#8221; icon_fontawesome=&#8221;fa fa-flag-checkered&#8221; icon_size=&#8221;medium&#8221; icon_position=&#8221;left&#8221; color=&#8221;#ffd300&#8243; animation=&#8221;bounceInLeft&#8221;]<strong>Stanica Kresowa Chrepti\u00f3w w Lutowiskach<\/strong> to wyj\u0105tkowe miejsce, kt\u00f3re \u0142\u0105czy w sobie bieszczadzk\u0105 go\u015bcinno\u015b\u0107 z niepowtarzalnym klimatem g\u00f3rskiej wsi. Po\u0142o\u017cona w malowniczym sercu Bieszczad, w pobli\u017cu granicy z Ukrain\u0105, stanica oferuje nie tylko komfortowe warunki dla turyst\u00f3w, ale tak\u017ce stanowi idealn\u0105 baz\u0119 wypadow\u0105 dla mi\u0142o\u015bnik\u00f3w przyrody, rowerzyst\u00f3w oraz os\u00f3b szukaj\u0105cych spokoju i kontaktu z natur\u0105.[\/wyde_info_box][vc_empty_space][wyde_info_box title=&#8221;Wyj\u0105tkowa atmosfera&#8221; icon_set=&#8221;fontawesome&#8221; icon_fontawesome=&#8221;fa fa-comments-o&#8221; icon_size=&#8221;medium&#8221; icon_position=&#8221;left&#8221; color=&#8221;#ffd300&#8243; animation=&#8221;bounceInLeft&#8221;]W <strong>miasteczku startu i mety<\/strong> panuje lu\u017ana, radosna atmosfera, gdzie ka\u017cdy ma szans\u0119 na integracj\u0119, poznanie innych pasjonat\u00f3w kolarstwa i sp\u0119dzenie czasu w gronie ludzi, dla kt\u00f3rych gravel to wi\u0119cej ni\u017c sport \u2013 to spos\u00f3b na \u017cycie. To miejsce, w kt\u00f3rym po trudach trasy \u015bwi\u0119tujesz swoje osi\u0105gni\u0119cia i cieszysz si\u0119 chwil\u0105![\/wyde_info_box][vc_empty_space][wyde_info_box title=&#8221;Nagrody&#8221; icon_set=&#8221;typicons&#8221; icon_typicons=&#8221;typcn typcn-gift&#8221; icon_size=&#8221;medium&#8221; icon_position=&#8221;left&#8221; color=&#8221;#ffd300&#8243; animation=&#8221;bounceInLeft&#8221;]Z ka\u017cdym wy\u015bcigiem prze\u017cywasz niezapomniane chwile na malowniczych trasach Podkarpacia, poznaj\u0105c nowe zak\u0105tki regionu. Co wa\u017cne, dzi\u0119ki partnerowi PROZIAKA \u2013 sklepowi rowerowemu <strong>VELOPOINT<\/strong> \u2013 uczestnicy mog\u0105 liczy\u0107 na fantastyczne nagrody! To \u015bwietna okazja, by wygra\u0107 co\u015b wyj\u0105tkowego i przy okazji na\u0142adowa\u0107 baterie pozytywn\u0105 energi\u0105.[\/wyde_info_box][\/vc_column_inner][vc_column_inner width=&#8221;1\/2&#8243;]<br \/>\n[\/vc_column_inner][\/vc_row_inner][\/vc_column][vc_column width=&#8221;1\/6&#8243;][vc_column_text]<br \/>\n[\/vc_column_text][\/vc_column][\/vc_row][vc_row padding_size=&#8221;no-padding&#8221; background_color=&#8221;#ffd300&#8243; css=&#8221;.vc_custom_1436023115534{padding-top: 0px !important;}&#8221;][vc_column text_align=&#8221;center&#8221;][wyde_action_box title=&#8221;PRZEJD\u0179 DO ZAKUPU PAKIET\u00d3W STARTOWYCH&#8221; button_text=&#8221;ZAPISZ SI\u0118&#8221; style=&#8221;round&#8221; size=&#8221;large&#8221; color=&#8221;#000000&#8243; hover_color=&#8221;#ffffff&#8221; link=&#8221;url:https%3A%2F%2Fproziakgravel.pl%2F13-pakiety-startowe|target:_blank&#8221;][\/wyde_action_box][\/vc_column][\/vc_row]<\/p>\n<\/div>","protected":false},"excerpt":{"rendered":"<p>[vc_row row_style=&#8221;full-width&#8221; vertical_align=&#8221;middle&#8221; padding_size=&#8221;no-padding&#8221;][vc_column text_style=&#8221;light&#8221; text_align=&#8221;center&#8221; background_color=&#8221;#D5B586&#8243; width=&#8221;1\/3&#8243;][vc_empty_space][vc_single_image image=&#8221;1331&#8243; style=&#8221;circle&#8221; alignment=&#8221;center&#8221; animation_delay=&#8221;1.5&#8243; animation=&#8221;rotateIn&#8221; css=&#8221;.vc_custom_1738874786029{padding-top: 5% !important;padding-right: 5% !important;padding-bottom: 5% !important;padding-left: 5% !important;}&#8221;][vc_custom_heading text=&#8221;21.06.2025&#8243; font_container=&#8221;tag:h6|font_size:1.5vw|text_align:center|color:%23FFFFFF&#8221; google_fonts=&#8221;font_family:Abel%3Aregular|font_style:400%20regular%3A400%3Anormal&#8221;][vc_custom_heading text=&#8221;PROZIAK 100 SGS&#8221; font_container=&#8221;tag:p|font_size:22px|text_align:center|color:%23FFFFFF|line_height:28px&#8221; google_fonts=&#8221;font_family:Lato%3A100%2C100italic%2C300%2C300italic%2Cregular%2Citalic%2C700%2C700italic%2C900%2C900italic|font_style:400%20regular%3A400%3Anormal&#8221; css=&#8221;.vc_custom_1738874709731{margin-top: -10px !important;}&#8221;][wyde_separator label_style=&#8221;icon&#8221; icon=&#8221;flora-icon-deer-2&#8243; style=&#8221;dashed&#8221; el_width=&#8221;50%&#8221; color=&#8221;#594B4A&#8221; css=&#8221;.vc_custom_1738874749612{margin-top: 10px !important;margin-bottom: 20px !important;}&#8221;][wyde_link_button title=&#8221;ZAPISZ SI\u0118&#8221; link=&#8221;url:https%3A%2F%2Fproziakgravel.pl%2Fstrona-glowna%2F31-100-pakiet-startowy-proziak400.html%23%2F44-wybierz_wyscigi-lutowiska&#8221;][vc_empty_space][\/vc_column][vc_column text_style=&#8221;light&#8221; text_align=&#8221;center&#8221; background_color=&#8221;#ABC524&#8243; width=&#8221;1\/3&#8243;][vc_empty_space][vc_single_image image=&#8221;1712&#8243; style=&#8221;circle&#8221; alignment=&#8221;center&#8221; animation_delay=&#8221;1.5&#8243; css=&#8221;.vc_custom_1738874119896{padding-top: [&hellip;]<\/p>\n","protected":false},"author":1,"featured_media":0,"parent":0,"menu_order":0,"comment_status":"closed","ping_status":"closed","template":"","meta":{"footnotes":""},"class_list":["post-145","page","type-page","status-publish","hentry"],"_links":{"self":[{"href":"https:\/\/proziakgravel.com\/index.php\/wp-json\/wp\/v2\/pages\/145","targetHints":{"allow":["GET"]}}],"collection":[{"href":"https:\/\/proziakgravel.com\/index.php\/wp-json\/wp\/v2\/pages"}],"about":[{"href":"https:\/\/proziakgravel.com\/index.php\/wp-json\/wp\/v2\/types\/page"}],"author":[{"embeddable":true,"href":"https:\/\/proziakgravel.com\/index.php\/wp-json\/wp\/v2\/users\/1"}],"replies":[{"embeddable":true,"href":"https:\/\/proziakgravel.com\/index.php\/wp-json\/wp\/v2\/comments?post=145"}],"version-history":[{"count":37,"href":"https:\/\/proziakgravel.com\/index.php\/wp-json\/wp\/v2\/pages\/145\/revisions"}],"predecessor-version":[{"id":1818,"href":"https:\/\/proziakgravel.com\/index.php\/wp-json\/wp\/v2\/pages\/145\/revisions\/1818"}],"wp:attachment":[{"href":"https:\/\/proziakgravel.com\/index.php\/wp-json\/wp\/v2\/media?parent=145"}],"curies":[{"name":"wp","href":"https:\/\/api.w.org\/{rel}","templated":true}]}}