{"id":1173,"date":"2015-07-02T11:07:01","date_gmt":"2015-07-02T11:07:01","guid":{"rendered":"http:\/\/wydethemes.com\/flora6\/?page_id=5"},"modified":"2025-06-30T14:10:31","modified_gmt":"2025-06-30T14:10:31","slug":"home","status":"publish","type":"page","link":"https:\/\/proziakgravel.com\/","title":{"rendered":"PROZIAK GRAVEL"},"content":{"rendered":"<div class=\"wpb-content-wrapper\"><p>[vc_row row_style=&#8221;full-width&#8221; padding_size=&#8221;no-padding&#8221;][vc_column][rev_slider_vc alias=&#8221;flora-6-1&#8243; button_style=&#8221;2&#8243; color=&#8221;#FF9E00&#8243;][\/vc_column][\/vc_row][vc_row row_style=&#8221;full-width&#8221; text_style=&#8221;light&#8221; vertical_align=&#8221;middle&#8221; padding_size=&#8221;no-padding&#8221; background_color=&#8221;#232323&#8243;][vc_column text_align=&#8221;center&#8221; padding_size=&#8221;l-padding&#8221; width=&#8221;1\/2&#8243; css=&#8221;.vc_custom_1436071676504{padding-top: 20px !important;padding-bottom: 20px !important;}&#8221;][vc_custom_heading text=&#8221;Wystartuj w Proziaku!&#8221; font_container=&#8221;tag:h2|text_align:center|color:%23ffffff&#8221; google_fonts=&#8221;font_family:Montserrat%3Aregular%2C700|font_style:700%20bold%20regular%3A700%3Anormal&#8221; animation=&#8221;fadeIn&#8221;][wyde_icon_block icon=&#8221;flora-icon-leaf-1&#8243; size=&#8221;large&#8221; style=&#8221;none&#8221; color=&#8221;#ffd300&#8243; animation=&#8221;fadeIn&#8221;][vc_empty_space][vc_custom_heading text=&#8221;Proziak Gravel to wyj\u0105tkowe wydarzenie dla mi\u0142o\u015bnik\u00f3w gravelowej jazdy, rozgrywane w sercu dzikich Bieszczad i malowniczego Beskidu Niskiego. Trasy prowadz\u0105 przez nieko\u0144cz\u0105ce si\u0119 szutrowe drogi, wij\u0105ce si\u0119 pomi\u0119dzy lasami, dolinami i g\u00f3rskimi prze\u0142\u0119czami, oferuj\u0105c uczestnikom zar\u00f3wno wymagaj\u0105ce podjazdy, jak i techniczne zjazdy.&#8221; font_container=&#8221;tag:h6|text_align:center&#8221; google_fonts=&#8221;font_family:Arimo%3Aregular%2Citalic%2C700%2C700italic|font_style:400%20regular%3A400%3Anormal&#8221; animation=&#8221;fadeIn&#8221;][vc_empty_space height=&#8221;20px&#8221;][vc_column_text animation=&#8221;fadeIn&#8221;]Uczestnicy mog\u0105 liczy\u0107 na spektakularne widoki, atmosfer\u0119 pe\u0142n\u0105 rowerowej pasji i niezapomniane chwile w gronie ludzi, dla kt\u00f3rych gravel to styl \u017cycia. Bez wzgl\u0119du na poziom zaawansowania, ka\u017cdy znajdzie tu co\u015b dla siebie, czerpi\u0105c rado\u015b\u0107 z jazdy i blisko\u015bci natury w jednym z najbardziej magicznych rejon\u00f3w Polski.[\/vc_column_text][\/vc_column][vc_column padding_size=&#8221;no-padding&#8221; width=&#8221;1\/2&#8243;][wyde_image_gallery images=&#8221;1325,1322,1323&#8243; image_size=&#8221;full-width&#8221; gallery_type=&#8221;slider&#8221; visible_items=&#8221;1&#8243; show_navigation=&#8221;true&#8221; auto_play=&#8221;3&#8243; loop=&#8221;true&#8221;][\/vc_column][\/vc_row][vc_row row_style=&#8221;full-width&#8221; padding_size=&#8221;no-padding&#8221;][vc_column text_style=&#8221;light&#8221; background_color=&#8221;#594b4a&#8221; bg_image_url=&#8221;https:\/\/proziakgravel.com\/wp-content\/uploads\/2025\/02\/c4-150&#215;150.jpg&#8221; width=&#8221;1\/4&#8243; background_image=&#8221;1331&#8243;][vc_empty_space][wyde_info_box title=&#8221;PROZIAK100 (SGS) 21.06.2025&#8243; icon=&#8221;flora-icon-deer-2&#8243; icon_size=&#8221;large&#8221; animation=&#8221;bounceIn&#8221; link=&#8221;url:https%3A%2F%2Fproziakgravel.com%2Findex.php%2Fproziak100%2F|title:ZOBACZ&#8221;]<strong>Lutowiska 21.06.2025<br \/>\nDYSTANS<\/strong>: 101KM<br \/>\n<strong>PRZEWY\u017bSZENIA<\/strong>: 1963M<br \/>\n<strong>START<\/strong>: 09:00<br \/>\n<strong>LIMIT CZASOWY<\/strong>: 8H[\/wyde_info_box][vc_empty_space][\/vc_column][vc_column text_style=&#8221;light&#8221; background_color=&#8221;#F5F4F2&#8243; bg_image_url=&#8221;https:\/\/proziakgravel.com\/wp-content\/uploads\/2025\/02\/c5-150&#215;150.jpg&#8221; width=&#8221;1\/4&#8243; background_image=&#8221;1332&#8243;][vc_empty_space][wyde_info_box title=&#8221;PROZIAK300 20.06.2025&#8243; icon=&#8221;flora-icon-bear&#8221; icon_size=&#8221;large&#8221; animation=&#8221;bounceIn&#8221; link=&#8221;url:https%3A%2F%2Fproziakgravel.com%2Findex.php%2Fproziak300%2F|title:ZOBACZ&#8221;]<\/p>\n<p style=\"text-align: center;\"><strong>DYSTANS<\/strong>: 316KM<br \/>\n<strong>PRZEWY\u017bSZENIA<\/strong>: 6140M<br \/>\n<strong>START<\/strong>: 08:00<br \/>\n<strong>LIMIT CZASOWY<\/strong>: 60H<\/p>\n<p>[\/wyde_info_box][vc_empty_space][\/vc_column][vc_column text_style=&#8221;light&#8221; background_color=&#8221;#ffd300&#8243; bg_image_url=&#8221;https:\/\/proziakgravel.com\/wp-content\/uploads\/2025\/02\/c3-150&#215;150.jpg&#8221; width=&#8221;1\/4&#8243; background_image=&#8221;1330&#8243;][vc_empty_space][wyde_info_box title=&#8221;PROZIAK500 19.06.2025&#8243; icon=&#8221;flora-icon-wolf&#8221; icon_size=&#8221;large&#8221; animation=&#8221;bounceIn&#8221; link=&#8221;url:https%3A%2F%2Fproziakgravel.com%2Findex.php%2Fproziak-500%2F|title:ZOBACZ&#8221;]<\/p>\n<p style=\"text-align: center;\"><strong>DYSTANS<\/strong>: 504KM<br \/>\n<strong>PRZEWY\u017bSZENIA<\/strong>: 9633M<br \/>\n<strong>START<\/strong>: 08:00<br \/>\n<strong>LIMIT CZASOWY<\/strong>: 84H<\/p>\n<p>[\/wyde_info_box][vc_empty_space][\/vc_column][vc_column text_style=&#8221;light&#8221; background_color=&#8221;#ffebba&#8221; bg_image_url=&#8221;https:\/\/proziakgravel.com\/wp-content\/uploads\/2025\/02\/c1-150&#215;150.jpg&#8221; width=&#8221;1\/4&#8243; background_image=&#8221;1329&#8243;][vc_empty_space][wyde_info_box title=&#8221;BAZA WYDARZENIA&#8221; icon=&#8221;flora-icon-mountain-1&#8243; icon_size=&#8221;large&#8221; animation=&#8221;bounceIn&#8221; link=&#8221;url:https%3A%2F%2Fproziakgravel.com%2Findex.php%2Fhotel-bieszczady-stanica-kresowa-chreptiow%2F|title:WI%C4%98CEJ&#8221;]Start i meta Proziak Gravel zlokalizowane s\u0105 w <strong>Stanicy Kresowej Chrepti\u00f3w<\/strong> w Lutowiskach \u2013 klimatycznym miejscu pe\u0142nym historii i bieszczadzkiego ducha. Po\u0142o\u017cona w sercu Bieszczad, stanica oferuje nie tylko wygodne zaplecze dla uczestnik\u00f3w, ale tak\u017ce niezapomniane widoki na po\u0142oniny i dzik\u0105 przyrod\u0119. To idealne miejsce na rozpocz\u0119cie i zako\u0144czenie gravelowej przygody, w otoczeniu g\u00f3rskiej atmosfery i lokalnej go\u015bcinno\u015bci.[\/wyde_info_box][vc_empty_space][\/vc_column][\/vc_row][vc_row row_style=&#8221;full-width&#8221; padding_size=&#8221;xl-padding&#8221; background_color=&#8221;#242424&#8243; bg_image_url=&#8221;https:\/\/proziakgravel.com\/wp-content\/uploads\/2025\/02\/somsiad-150&#215;150.jpg&#8221; background_image=&#8221;1339&#8243;][vc_column][vc_row_inner text_style=&#8221;light&#8221;][vc_column_inner width=&#8221;2\/3&#8243;][vc_empty_space][vc_custom_heading text=&#8221;Do\u0142\u0105cz do Proziak Gravel 2025 \u2013 Wyzwanie w Sercu Bieszczad i Beskidu Niskiego!&#8221; font_container=&#8221;tag:p|font_size:48px|text_align:left|color:%23ffffff|line_height:60px&#8221; google_fonts=&#8221;font_family:Montserrat%3Aregular%2C700|font_style:400%20regular%3A400%3Anormal&#8221;][vc_empty_space height=&#8221;15px&#8221;][wyde_icon_block icon=&#8221;flora-icon-leaf-1&#8243; size=&#8221;large&#8221; style=&#8221;none&#8221; color=&#8221;#ffd300&#8243;][vc_empty_space][vc_custom_heading text=&#8221;Je\u015bli kochasz gravel, g\u00f3ry i przygod\u0119, Proziak Gravel 2025 to wydarzenie, kt\u00f3rego nie mo\u017cesz przegapi\u0107! Malownicze, wymagaj\u0105ce trasy poprowadz\u0105 Ci\u0119 przez dzikie Bieszczady i tajemniczy Beskid Niski, oferuj\u0105c niezapomniane krajobrazy, techniczne zjazdy i szutrowe bezdro\u017ca, kt\u00f3re sprawdz\u0105 Twoj\u0105 wytrzyma\u0142o\u015b\u0107. Start i meta w klimatycznej Stanicy Kresowej Chrepti\u00f3w w Lutowiskach dodaj\u0105 imprezie niepowtarzalnego charakteru. Do wyboru masz dwa dystanse: 300 km dla tych, kt\u00f3rzy chc\u0105 poczu\u0107 dreszcz d\u0142ugodystansowej jazdy, oraz 500 km dla prawdziwych twardzieli gotowych na ekstremalne wyzwanie. Niezale\u017cnie od tego, kt\u00f3ry wybierzesz, czeka Ci\u0119 niesamowita podr\u00f3\u017c przez jeden z najpi\u0119kniejszych zak\u0105tk\u00f3w Polski, w rytmie rowerowej pasji i lokalnej go\u015bcinno\u015bci. Podejmij wyzwanie i zapisz si\u0119 ju\u017c dzi\u015b!&#8221; font_container=&#8221;tag:p|font_size:16px|text_align:left|color:%23d7d7d7|line_height:2&#8243; google_fonts=&#8221;font_family:Lato%3A100%2C100italic%2C300%2C300italic%2Cregular%2Citalic%2C700%2C700italic%2C900%2C900italic|font_style:400%20regular%3A400%3Anormal&#8221;][vc_empty_space][wyde_link_button title=&#8221;Dowiedz si\u0119 wi\u0119cej&#8221; style=&#8221;round&#8221; size=&#8221;large&#8221; color=&#8221;#ffd300&#8243; animation=&#8221;bounceIn&#8221; link=&#8221;url:https%3A%2F%2Fproziakgravel.com%2Findex.php%2Fabout-us%2F%3Fpreview%3Dtrue|target:_blank&#8221;][vc_empty_space][\/vc_column_inner][vc_column_inner width=&#8221;1\/3&#8243;]<br \/>\n[\/vc_column_inner][\/vc_row_inner][\/vc_column][\/vc_row][vc_row padding_size=&#8221;m-padding&#8221; background_color=&#8221;#ffd300&#8243;][vc_column width=&#8221;1\/4&#8243;][wyde_counter_box icon_set=&#8221;typicons&#8221; icon_typicons=&#8221;typcn typcn-location&#8221; title=&#8221;DYSTANSE&#8221; value=&#8221;2&#8243; style=&#8221;1&#8243; color=&#8221;#000000&#8243;][\/vc_column][vc_column width=&#8221;1\/4&#8243;][wyde_counter_box icon_set=&#8221;fontawesome&#8221; icon_fontawesome=&#8221;fa fa-flag-checkered&#8221; title=&#8221;KM W PROZIAK300&#8243; value=&#8221;316&#8243; style=&#8221;1&#8243; color=&#8221;#000000&#8243;][\/vc_column][vc_column width=&#8221;1\/4&#8243;][wyde_counter_box icon_set=&#8221;fontawesome&#8221; icon_fontawesome=&#8221;fa fa-flag-checkered&#8221; title=&#8221;KM W PROZIAK500&#8243; value=&#8221;504&#8243; style=&#8221;1&#8243; color=&#8221;#000000&#8243;][\/vc_column][vc_column width=&#8221;1\/4&#8243;][wyde_counter_box icon_set=&#8221;fontawesome&#8221; icon_fontawesome=&#8221;fa fa-external-link-square&#8221; title=&#8221;\u0141\u0104CZNYCH PION\u00d3W&#8221; value=&#8221;15773&#8243; style=&#8221;1&#8243; color=&#8221;#000000&#8243;][\/vc_column][\/vc_row][vc_row row_style=&#8221;full-width&#8221; vertical_align=&#8221;middle&#8221;][vc_column text_align=&#8221;center&#8221; width=&#8221;1\/2&#8243;][vc_custom_heading text=&#8221;Sprawdzony system \u015bledzenia&#8221; font_container=&#8221;tag:h6|font_size:2.5vw|text_align:center|color:%23594b4a&#8221; google_fonts=&#8221;font_family:Montserrat%3Aregular%2C700|font_style:400%20regular%3A400%3Anormal&#8221; css=&#8221;.vc_custom_1738856073697{margin-top: -10px !important;padding-right: 5% !important;padding-left: 5% !important;}&#8221; animation=&#8221;slideInLeft&#8221;][vc_empty_space][wyde_icon_block icon=&#8221;flora-icon-leaf-1&#8243; size=&#8221;large&#8221; style=&#8221;none&#8221; color=&#8221;#ffd300&#8243; css=&#8221;.vc_custom_1738856007104{padding-left: 5% !important;}&#8221; animation=&#8221;slideInLeft&#8221;][vc_empty_space height=&#8221;40px&#8221;][vc_custom_heading text=&#8221;BBTracker to niezawodny system, kt\u00f3ry gwarantuje doskona\u0142e dzia\u0142anie w ka\u017cdych warunkach. Dzi\u0119ki zaawansowanej technologii i precyzyjnemu \u015bledzeniu, BBTracker zapewnia pe\u0142n\u0105 kontrol\u0119 nad tras\u0105 oraz bezpiecze\u0144stwem u\u017cytkownika. System dzia\u0142a p\u0142ynnie i bez zak\u0142\u00f3ce\u0144, oferuj\u0105c dok\u0142adne dane na temat lokalizacji, co czyni go idealnym rozwi\u0105zaniem zar\u00f3wno dla profesjonalnych sportowc\u00f3w, jak i amator\u00f3w. Jego niezawodno\u015b\u0107 w po\u0142\u0105czeniu z prost\u0105 obs\u0142ug\u0105 sprawia, \u017ce jest to narz\u0119dzie, na kt\u00f3rym mo\u017cna polega\u0107 w ka\u017cdej sytuacji.&#8221; font_container=&#8221;tag:p|font_size:24px|text_align:center|line_height:36px&#8221; google_fonts=&#8221;font_family:Lato%3A100%2C100italic%2C300%2C300italic%2Cregular%2Citalic%2C700%2C700italic%2C900%2C900italic|font_style:300%20light%20regular%3A300%3Anormal&#8221; css=&#8221;.vc_custom_1738856016741{padding-right: 5% !important;padding-left: 5% !important;}&#8221; animation=&#8221;slideInLeft&#8221;][\/vc_column][vc_column padding_size=&#8221;no-padding&#8221; width=&#8221;1\/2&#8243;][vc_single_image image=&#8221;1341&#8243; alignment=&#8221;right&#8221; animation=&#8221;slideInRight&#8221;][\/vc_column][\/vc_row][vc_row][vc_column][wyde_heading title=&#8221;SPONSORZY I PARTNERZY&#8221;][wyde_image_gallery images=&#8221;1844,1848,1843,1842,1840,1838,1839,1841&#8243; image_size=&#8221;medium&#8221; gallery_type=&#8221;slider&#8221; visible_items=&#8221;10&#8243; show_navigation=&#8221;true&#8221; auto_play=&#8221;8&#8243; slide_loop=&#8221;true&#8221;][\/vc_column][\/vc_row]<\/p>\n<\/div>","protected":false},"excerpt":{"rendered":"<p>[vc_row row_style=&#8221;full-width&#8221; padding_size=&#8221;no-padding&#8221;][vc_column][rev_slider_vc alias=&#8221;flora-6-1&#8243; button_style=&#8221;2&#8243; color=&#8221;#FF9E00&#8243;][\/vc_column][\/vc_row][vc_row row_style=&#8221;full-width&#8221; text_style=&#8221;light&#8221; vertical_align=&#8221;middle&#8221; padding_size=&#8221;no-padding&#8221; background_color=&#8221;#232323&#8243;][vc_column text_align=&#8221;center&#8221; padding_size=&#8221;l-padding&#8221; width=&#8221;1\/2&#8243; css=&#8221;.vc_custom_1436071676504{padding-top: 20px !important;padding-bottom: 20px !important;}&#8221;][vc_custom_heading text=&#8221;Wystartuj w Proziaku!&#8221; font_container=&#8221;tag:h2|text_align:center|color:%23ffffff&#8221; google_fonts=&#8221;font_family:Montserrat%3Aregular%2C700|font_style:700%20bold%20regular%3A700%3Anormal&#8221; animation=&#8221;fadeIn&#8221;][wyde_icon_block icon=&#8221;flora-icon-leaf-1&#8243; size=&#8221;large&#8221; style=&#8221;none&#8221; color=&#8221;#ffd300&#8243; animation=&#8221;fadeIn&#8221;][vc_empty_space][vc_custom_heading text=&#8221;Proziak Gravel to wyj\u0105tkowe wydarzenie dla mi\u0142o\u015bnik\u00f3w gravelowej jazdy, rozgrywane w sercu dzikich Bieszczad i malowniczego Beskidu Niskiego. Trasy prowadz\u0105 przez nieko\u0144cz\u0105ce si\u0119 szutrowe drogi, [&hellip;]<\/p>\n","protected":false},"author":1,"featured_media":0,"parent":0,"menu_order":0,"comment_status":"closed","ping_status":"closed","template":"","meta":{"footnotes":""},"class_list":["post-1173","page","type-page","status-publish","hentry"],"_links":{"self":[{"href":"https:\/\/proziakgravel.com\/index.php\/wp-json\/wp\/v2\/pages\/1173","targetHints":{"allow":["GET"]}}],"collection":[{"href":"https:\/\/proziakgravel.com\/index.php\/wp-json\/wp\/v2\/pages"}],"about":[{"href":"https:\/\/proziakgravel.com\/index.php\/wp-json\/wp\/v2\/types\/page"}],"author":[{"embeddable":true,"href":"https:\/\/proziakgravel.com\/index.php\/wp-json\/wp\/v2\/users\/1"}],"replies":[{"embeddable":true,"href":"https:\/\/proziakgravel.com\/index.php\/wp-json\/wp\/v2\/comments?post=1173"}],"version-history":[{"count":35,"href":"https:\/\/proziakgravel.com\/index.php\/wp-json\/wp\/v2\/pages\/1173\/revisions"}],"predecessor-version":[{"id":1939,"href":"https:\/\/proziakgravel.com\/index.php\/wp-json\/wp\/v2\/pages\/1173\/revisions\/1939"}],"wp:attachment":[{"href":"https:\/\/proziakgravel.com\/index.php\/wp-json\/wp\/v2\/media?parent=1173"}],"curies":[{"name":"wp","href":"https:\/\/api.w.org\/{rel}","templated":true}]}}